{"id":102,"date":"2024-02-25T19:10:06","date_gmt":"2024-02-25T19:10:06","guid":{"rendered":"https:\/\/bootwandern.de\/?page_id=102"},"modified":"2024-02-25T19:10:07","modified_gmt":"2024-02-25T19:10:07","slug":"kanutour-von-roding-nach-nittenau","status":"publish","type":"page","link":"https:\/\/bootwandern.de\/index.php\/kanutour-von-roding-nach-nittenau\/","title":{"rendered":"Kanutour von Roding nach Nittenau"},"content":{"rendered":"\n<p>Die dritte Tagestour der f\u00fcnft\u00e4gigen Bootswanderung beginnt, gem\u00e4\u00df der offiziellen Einteilung in Tagesabschnitte, in Roding und endet in Nittenau. F\u00fcr Ihre Kanuwanderung macht auch eine andere Einteilung Sinn.<\/p>\n\n\n\n<p><strong>Kennzeichen der Strecke:<\/strong><\/p>\n\n\n\n<ul class=\"wp-block-list\">\n<li><strong>Ruhig und idyllisch<\/strong><br>ab Wiesing befinden sich auf ca. 8 km L\u00e4nge keine Verkehrsstrassen in Flussn\u00e4he,<\/li>\n\n\n\n<li><strong>L\u00e4ngste Tagesetappe<\/strong><br>gem\u00e4\u00df der offiziellen Einteilung der Bootswanderstrecke 23,5 km bis Nittenau,<\/li>\n\n\n\n<li><strong>Viele Wehre<\/strong><br>sieben Wehre bis Nittenau, zum Teil zu treideln (siehe Flussbeschreibung Wehre),<\/li>\n\n\n\n<li><strong>Wenig kulinarische Versorgung<\/strong><br>nur in Imhof befindet sich ein Wirtshaus und danach kommt erst wieder in Walderbach eine Hotelgastst\u00e4tte mit wunderbarer Terrasse mit Blick \u00fcber das Regental.<\/li>\n<\/ul>\n\n\n\n<p>Je nach Ihrer pers\u00f6nlichen Kanutourenplanung kommen Sie an verschiedenen Zielen an.<\/p>\n\n\n\n<p>Entsprach der Zeltplatz in Roding nicht Ihren Erwartungen, so erhalten Sie in Imhof noch einmal Gelegenheit zu zelten. Der Platz ist wohl einer der romantischten und idyllischten des Regens. An Paddelzeit von Roding bis Imhof sollten Sie noch ca. 1,5 Stunden einplanen. Der n\u00e4chste Platz nach Imhof befindet sich erst wieder in Reichenbach. Paddelentfernung von Imhof betr\u00e4gt ca. 2,5 Stunden.<\/p>\n","protected":false},"excerpt":{"rendered":"<p>Die dritte Tagestour der f\u00fcnft\u00e4gigen Bootswanderung beginnt, gem\u00e4\u00df der offiziellen Einteilung in Tagesabschnitte, in Roding und endet in Nittenau. F\u00fcr Ihre Kanuwanderung macht auch eine andere Einteilung Sinn. Kennzeichen der Strecke: Je nach Ihrer pers\u00f6nlichen Kanutourenplanung kommen Sie an verschiedenen Zielen an. Entsprach der Zeltplatz in Roding nicht Ihren Erwartungen, so erhalten Sie in Imhof &hellip; <\/p>\n<p class=\"link-more\"><a href=\"https:\/\/bootwandern.de\/index.php\/kanutour-von-roding-nach-nittenau\/\" class=\"more-link\"><span class=\"screen-reader-text\">\u201eKanutour von Roding nach Nittenau\u201c <\/span>weiterlesen<\/a><\/p>\n","protected":false},"author":1,"featured_media":0,"parent":0,"menu_order":0,"comment_status":"closed","ping_status":"closed","template":"","meta":{"footnotes":""},"class_list":["post-102","page","type-page","status-publish","hentry"],"yoast_head":"<!-- This site is optimized with the Yoast SEO plugin v27.2 - https:\/\/yoast.com\/product\/yoast-seo-wordpress\/ -->\n<title>Kanutour von Roding nach Nittenau - Kanutouren am Regen<\/title>\n<meta name=\"robots\" content=\"index, follow, max-snippet:-1, max-image-preview:large, max-video-preview:-1\" \/>\n<link rel=\"canonical\" href=\"https:\/\/bootwandern.de\/index.php\/kanutour-von-roding-nach-nittenau\/\" \/>\n<meta property=\"og:locale\" content=\"de_DE\" \/>\n<meta property=\"og:type\" content=\"article\" \/>\n<meta property=\"og:title\" content=\"Kanutour von Roding nach Nittenau - Kanutouren am Regen\" \/>\n<meta property=\"og:description\" content=\"Die dritte Tagestour der f\u00fcnft\u00e4gigen Bootswanderung beginnt, gem\u00e4\u00df der offiziellen Einteilung in Tagesabschnitte, in Roding und endet in Nittenau. F\u00fcr Ihre Kanuwanderung macht auch eine andere Einteilung Sinn. Kennzeichen der Strecke: Je nach Ihrer pers\u00f6nlichen Kanutourenplanung kommen Sie an verschiedenen Zielen an. Entsprach der Zeltplatz in Roding nicht Ihren Erwartungen, so erhalten Sie in Imhof &hellip; \u201eKanutour von Roding nach Nittenau\u201c weiterlesen\" \/>\n<meta property=\"og:url\" content=\"https:\/\/bootwandern.de\/index.php\/kanutour-von-roding-nach-nittenau\/\" \/>\n<meta property=\"og:site_name\" content=\"Kanutouren am Regen\" \/>\n<meta property=\"article:modified_time\" content=\"2024-02-25T19:10:07+00:00\" \/>\n<meta name=\"twitter:card\" content=\"summary_large_image\" \/>\n<meta name=\"twitter:label1\" content=\"Gesch\u00e4tzte Lesezeit\" \/>\n\t<meta name=\"twitter:data1\" content=\"1\u00a0Minute\" \/>\n<script type=\"application\/ld+json\" class=\"yoast-schema-graph\">{\"@context\":\"https:\/\/schema.org\",\"@graph\":[{\"@type\":\"WebPage\",\"@id\":\"https:\/\/bootwandern.de\/index.php\/kanutour-von-roding-nach-nittenau\/\",\"url\":\"https:\/\/bootwandern.de\/index.php\/kanutour-von-roding-nach-nittenau\/\",\"name\":\"Kanutour von Roding nach Nittenau - Kanutouren am Regen\",\"isPartOf\":{\"@id\":\"https:\/\/bootwandern.de\/#website\"},\"datePublished\":\"2024-02-25T19:10:06+00:00\",\"dateModified\":\"2024-02-25T19:10:07+00:00\",\"breadcrumb\":{\"@id\":\"https:\/\/bootwandern.de\/index.php\/kanutour-von-roding-nach-nittenau\/#breadcrumb\"},\"inLanguage\":\"de\",\"potentialAction\":[{\"@type\":\"ReadAction\",\"target\":[\"https:\/\/bootwandern.de\/index.php\/kanutour-von-roding-nach-nittenau\/\"]}]},{\"@type\":\"BreadcrumbList\",\"@id\":\"https:\/\/bootwandern.de\/index.php\/kanutour-von-roding-nach-nittenau\/#breadcrumb\",\"itemListElement\":[{\"@type\":\"ListItem\",\"position\":1,\"name\":\"Startseite\",\"item\":\"https:\/\/bootwandern.de\/\"},{\"@type\":\"ListItem\",\"position\":2,\"name\":\"Kanutour von Roding nach Nittenau\"}]},{\"@type\":\"WebSite\",\"@id\":\"https:\/\/bootwandern.de\/#website\",\"url\":\"https:\/\/bootwandern.de\/\",\"name\":\"Kanutouren am Regen\",\"description\":\"Allgemeine Beschreibung\",\"publisher\":{\"@id\":\"https:\/\/bootwandern.de\/#organization\"},\"potentialAction\":[{\"@type\":\"SearchAction\",\"target\":{\"@type\":\"EntryPoint\",\"urlTemplate\":\"https:\/\/bootwandern.de\/?s={search_term_string}\"},\"query-input\":{\"@type\":\"PropertyValueSpecification\",\"valueRequired\":true,\"valueName\":\"search_term_string\"}}],\"inLanguage\":\"de\"},{\"@type\":\"Organization\",\"@id\":\"https:\/\/bootwandern.de\/#organization\",\"name\":\"Kanutouren am Regen\",\"url\":\"https:\/\/bootwandern.de\/\",\"logo\":{\"@type\":\"ImageObject\",\"inLanguage\":\"de\",\"@id\":\"https:\/\/bootwandern.de\/#\/schema\/logo\/image\/\",\"url\":\"https:\/\/bootwandern.de\/wp-content\/uploads\/2024\/02\/cropped-Logo_Regental-Kanu.gif\",\"contentUrl\":\"https:\/\/bootwandern.de\/wp-content\/uploads\/2024\/02\/cropped-Logo_Regental-Kanu.gif\",\"width\":442,\"height\":250,\"caption\":\"Kanutouren am Regen\"},\"image\":{\"@id\":\"https:\/\/bootwandern.de\/#\/schema\/logo\/image\/\"}}]}<\/script>\n<!-- \/ Yoast SEO plugin. -->","yoast_head_json":{"title":"Kanutour von Roding nach Nittenau - Kanutouren am Regen","robots":{"index":"index","follow":"follow","max-snippet":"max-snippet:-1","max-image-preview":"max-image-preview:large","max-video-preview":"max-video-preview:-1"},"canonical":"https:\/\/bootwandern.de\/index.php\/kanutour-von-roding-nach-nittenau\/","og_locale":"de_DE","og_type":"article","og_title":"Kanutour von Roding nach Nittenau - Kanutouren am Regen","og_description":"Die dritte Tagestour der f\u00fcnft\u00e4gigen Bootswanderung beginnt, gem\u00e4\u00df der offiziellen Einteilung in Tagesabschnitte, in Roding und endet in Nittenau. F\u00fcr Ihre Kanuwanderung macht auch eine andere Einteilung Sinn. Kennzeichen der Strecke: Je nach Ihrer pers\u00f6nlichen Kanutourenplanung kommen Sie an verschiedenen Zielen an. Entsprach der Zeltplatz in Roding nicht Ihren Erwartungen, so erhalten Sie in Imhof &hellip; \u201eKanutour von Roding nach Nittenau\u201c weiterlesen","og_url":"https:\/\/bootwandern.de\/index.php\/kanutour-von-roding-nach-nittenau\/","og_site_name":"Kanutouren am Regen","article_modified_time":"2024-02-25T19:10:07+00:00","twitter_card":"summary_large_image","twitter_misc":{"Gesch\u00e4tzte Lesezeit":"1\u00a0Minute"},"schema":{"@context":"https:\/\/schema.org","@graph":[{"@type":"WebPage","@id":"https:\/\/bootwandern.de\/index.php\/kanutour-von-roding-nach-nittenau\/","url":"https:\/\/bootwandern.de\/index.php\/kanutour-von-roding-nach-nittenau\/","name":"Kanutour von Roding nach Nittenau - Kanutouren am Regen","isPartOf":{"@id":"https:\/\/bootwandern.de\/#website"},"datePublished":"2024-02-25T19:10:06+00:00","dateModified":"2024-02-25T19:10:07+00:00","breadcrumb":{"@id":"https:\/\/bootwandern.de\/index.php\/kanutour-von-roding-nach-nittenau\/#breadcrumb"},"inLanguage":"de","potentialAction":[{"@type":"ReadAction","target":["https:\/\/bootwandern.de\/index.php\/kanutour-von-roding-nach-nittenau\/"]}]},{"@type":"BreadcrumbList","@id":"https:\/\/bootwandern.de\/index.php\/kanutour-von-roding-nach-nittenau\/#breadcrumb","itemListElement":[{"@type":"ListItem","position":1,"name":"Startseite","item":"https:\/\/bootwandern.de\/"},{"@type":"ListItem","position":2,"name":"Kanutour von Roding nach Nittenau"}]},{"@type":"WebSite","@id":"https:\/\/bootwandern.de\/#website","url":"https:\/\/bootwandern.de\/","name":"Kanutouren am Regen","description":"Allgemeine Beschreibung","publisher":{"@id":"https:\/\/bootwandern.de\/#organization"},"potentialAction":[{"@type":"SearchAction","target":{"@type":"EntryPoint","urlTemplate":"https:\/\/bootwandern.de\/?s={search_term_string}"},"query-input":{"@type":"PropertyValueSpecification","valueRequired":true,"valueName":"search_term_string"}}],"inLanguage":"de"},{"@type":"Organization","@id":"https:\/\/bootwandern.de\/#organization","name":"Kanutouren am Regen","url":"https:\/\/bootwandern.de\/","logo":{"@type":"ImageObject","inLanguage":"de","@id":"https:\/\/bootwandern.de\/#\/schema\/logo\/image\/","url":"https:\/\/bootwandern.de\/wp-content\/uploads\/2024\/02\/cropped-Logo_Regental-Kanu.gif","contentUrl":"https:\/\/bootwandern.de\/wp-content\/uploads\/2024\/02\/cropped-Logo_Regental-Kanu.gif","width":442,"height":250,"caption":"Kanutouren am Regen"},"image":{"@id":"https:\/\/bootwandern.de\/#\/schema\/logo\/image\/"}}]}},"_links":{"self":[{"href":"https:\/\/bootwandern.de\/index.php\/wp-json\/wp\/v2\/pages\/102","targetHints":{"allow":["GET"]}}],"collection":[{"href":"https:\/\/bootwandern.de\/index.php\/wp-json\/wp\/v2\/pages"}],"about":[{"href":"https:\/\/bootwandern.de\/index.php\/wp-json\/wp\/v2\/types\/page"}],"author":[{"embeddable":true,"href":"https:\/\/bootwandern.de\/index.php\/wp-json\/wp\/v2\/users\/1"}],"replies":[{"embeddable":true,"href":"https:\/\/bootwandern.de\/index.php\/wp-json\/wp\/v2\/comments?post=102"}],"version-history":[{"count":1,"href":"https:\/\/bootwandern.de\/index.php\/wp-json\/wp\/v2\/pages\/102\/revisions"}],"predecessor-version":[{"id":103,"href":"https:\/\/bootwandern.de\/index.php\/wp-json\/wp\/v2\/pages\/102\/revisions\/103"}],"wp:attachment":[{"href":"https:\/\/bootwandern.de\/index.php\/wp-json\/wp\/v2\/media?parent=102"}],"curies":[{"name":"wp","href":"https:\/\/api.w.org\/{rel}","templated":true}]}}