{"id":105,"date":"2024-02-25T19:12:33","date_gmt":"2024-02-25T19:12:33","guid":{"rendered":"https:\/\/bootwandern.de\/?page_id=105"},"modified":"2024-02-25T19:12:34","modified_gmt":"2024-02-25T19:12:34","slug":"bootswanderung-von-roding-bis-wiesing","status":"publish","type":"page","link":"https:\/\/bootwandern.de\/index.php\/bootswanderung-von-roding-bis-wiesing\/","title":{"rendered":"Bootswanderung von Roding bis Wiesing"},"content":{"rendered":"\n<p>Diese Tagestour f\u00fchrt Sie in einer ca. f\u00fcnf Stunden, reiner Paddelzeit, dauernden Kanutour durch eine grandiose, auf ca. 8 km L\u00e4nge von Verkehrsstra\u00dfen verschonte, Natur in der Biber, Eisvogel und andere seltene Tier ihr R\u00fcckzugsgebiet haben.<br><\/p>\n\n\n\n<p><img loading=\"lazy\" decoding=\"async\" width=\"250\" height=\"218\" src=\"https:\/\/www.skulpturen-unikate.de\/image\/roding.JPG\"><\/p>\n\n\n\n<p>Roding, eine oberpf\u00e4lzer Kleinstadt direkt am Regen, ist unser Startpunkt. Einer der zentralen Anlauf-, bzw. Park-, Zonen ist &#8222;Am Esper&#8220; ein Parkplatz am Flussufer in Mitten der Stadt und direkt unter einer sch\u00f6nen Stahltr\u00e4gerbr\u00fccke, die an eine Eisenbahnbr\u00fccke erinnert. Am Parkplatz schlie\u00dft sich in nordwestlicher Richtung ein Park und an deren Ende der Zeltplatz f\u00fcr Bootswanderer an. Unsere Einsatzstelle ist jedoch eine schiefe Ebene aus Granitpflastersteinen 50 m vor der Br\u00fccke.<br><\/p>\n\n\n\n<p>An dieser Stelle werden erst einmal die Kanus von den Anh\u00e4ngern geladen und in &#8222;Startposition&#8220; gebracht. Gr\u00fcppchen f\u00fcr Gr\u00fcppchen erfolgt die Materialausgabe. Neben den Boote ben\u00f6tigen wir noch weitere Ausr\u00fcstung, von notwendig wie Paddel und Rettungswesten bis hilfreich wie Bootswagen und wasserdichten Packs\u00e4cken f\u00fcr das Tagesgep\u00e4ck.<br><\/p>\n\n\n\n<p>Von hier flussabw\u00e4rts geblickt teilt sich unmittelbar nach der Br\u00fccke der Fluss an einer langgestreckten Insel. Die obligatorische Einweisung f\u00fcr Anf\u00e4nger und die Wehrkarten weisen uns auf die erste Gefahrenstelle hin: ein Durchbruch in der Insel, der wegen des unterschiedlichen Niveaus das die Wehranlage Peterm\u00fchle verursacht, eine starke Querstr\u00f6mung verursacht. Wir halten uns deshalb nach dem passieren der Br\u00fccke in der linken Flussh\u00e4lfte am linken Ufer und das solange bis wir die Stelle mit dem Durchbruch passiert haben. Gleich nach de Durchbruch wechseln wir auf die rechte Uferseite und fahren die Bootsrutsche rechts vom Betonblock, der die Rutsche in eine linke und rechte Abfahrt teilt, hinab. Links vom Betonklotz befindet sich eine Stufe und besonders bei niedrigem und normalen Wasserstand ist die rechte Seite unbedingt vorzuziehen. Elegant gleiten wir die Bootsrutsche hinab und wehm\u00fctig werden wir uns bei so manchem Wehr an die angenehme Passage erinnern.<br><\/p>\n\n\n\n<p><img loading=\"lazy\" decoding=\"async\" width=\"150\" height=\"286\" src=\"https:\/\/www.skulpturen-unikate.de\/image\/heilbr%FCnnl_kirchturm.JPG\"><\/p>\n\n\n\n<p>Der L\u00e4rm der Stadt verschwindet und die ersten Felsen lockern das Bild vom Fluss auf und vorsichtig spitzt der Kirchturm der Wallfahrtskirche Heilbr\u00fcnnl aus dem Wald. Am Fu\u00dfe des Berges umspannt eine Br\u00fccke f\u00fcr Fu\u00dfg\u00e4nger und Radfahrer des Regental-Radwanderweges die Br\u00fccke. Bei Problemen mit den Augen kann man bei der Br\u00fccke anhalten und sich auf den Weg zum Heilwasser der Wallfahrtskirche machen (siehe im Men\u00fc: Orte\/Heilbr\u00fcnnl).<br><\/p>\n\n\n\n<p>Gem\u00e4chlich zieht der Regen unter der Br\u00fccke durch und nach ein paar hundert Meter gibt er in einer Rechtsbiegung den Blick auf die Burg Regenpeilstein frei.<br><\/p>\n\n\n\n<p><img loading=\"lazy\" decoding=\"async\" width=\"350\" height=\"465\" src=\"https:\/\/www.skulpturen-unikate.de\/image\/Kanu1_Wiesing_Burg.jpg\"><\/p>\n\n\n\n<p>Die Burg, bekannt durch die Safranmaut, verschont unseren Geldbeutel. Im Mittelalter w\u00e4re und die Passage teuer gekommen, nahmen die Ritter doch Safran als Wegezoll und der wurde mit Gold aufgewogen. Beeindruckt vom imposanten Geb\u00e4ude treiben wir am Fu\u00dfe der Burg vorbei.<br><\/p>\n\n\n\n<p>Bevor wir die Wehranlage in Wiesing erreichen rei\u00dft der moderne Bau einer Fensterfabrik uns aus unseren mittelalterlichen Tr\u00e4umen. Wer das genehmigt hat sollten den Bau nur mit einem Hammer und Mei\u00dfel ausger\u00fcstet wieder einrei\u00dfen m\u00fcssen. Doch nach 500m ist der Schandfleck des Tals vorbei und eine Flussbiegung sp\u00e4ter f\u00fchrt uns das malerische Wasserrad des S\u00e4gewerks in Wiesing wenigstens wieder ein paar Jahre zur\u00fcck. Bevor wir allerdings das Wasserrad genauer betrachten k\u00f6nnen m\u00fcssen wir erst unsere Boote umsetzten. Als kleiner Punkt zieht es in ca. 300 m Entfernung seine feuchten Kreise, w\u00e4hrend wir vor dem Wehr am rechten Ufer anlanden und uns mit unserer Booten durch den Wald qu\u00e4len. Obwohl die Naturschutzbeh\u00f6rde des Landkreises Cham den Weg instand h\u00e4lt, so blockieren dennoch immer wieder Wurzel den Weg unseres Bootswagens, verschieben ihn unter dem Boot und lassen das Umsetzten, besonders bei voll gepackten Booten, zur Torture ausarten. Wehm\u00fctig kann man nur an die Tage zur\u00fcckdenken, an denen ein Durchbruch im Wehr eine Alternative zum Umtragen bot.<\/p>\n","protected":false},"excerpt":{"rendered":"<p>Diese Tagestour f\u00fchrt Sie in einer ca. f\u00fcnf Stunden, reiner Paddelzeit, dauernden Kanutour durch eine grandiose, auf ca. 8 km L\u00e4nge von Verkehrsstra\u00dfen verschonte, Natur in der Biber, Eisvogel und andere seltene Tier ihr R\u00fcckzugsgebiet haben. Roding, eine oberpf\u00e4lzer Kleinstadt direkt am Regen, ist unser Startpunkt. Einer der zentralen Anlauf-, bzw. Park-, Zonen ist &#8222;Am &hellip; <\/p>\n<p class=\"link-more\"><a href=\"https:\/\/bootwandern.de\/index.php\/bootswanderung-von-roding-bis-wiesing\/\" class=\"more-link\"><span class=\"screen-reader-text\">\u201eBootswanderung von Roding bis Wiesing\u201c <\/span>weiterlesen<\/a><\/p>\n","protected":false},"author":1,"featured_media":0,"parent":0,"menu_order":0,"comment_status":"closed","ping_status":"closed","template":"","meta":{"footnotes":""},"class_list":["post-105","page","type-page","status-publish","hentry"],"yoast_head":"<!-- This site is optimized with the Yoast SEO plugin v27.2 - https:\/\/yoast.com\/product\/yoast-seo-wordpress\/ -->\n<title>Bootswanderung von Roding bis Wiesing - Kanutouren am Regen<\/title>\n<meta name=\"robots\" content=\"index, follow, max-snippet:-1, max-image-preview:large, max-video-preview:-1\" \/>\n<link rel=\"canonical\" href=\"https:\/\/bootwandern.de\/index.php\/bootswanderung-von-roding-bis-wiesing\/\" \/>\n<meta property=\"og:locale\" content=\"de_DE\" \/>\n<meta property=\"og:type\" content=\"article\" \/>\n<meta property=\"og:title\" content=\"Bootswanderung von Roding bis Wiesing - Kanutouren am Regen\" \/>\n<meta property=\"og:description\" content=\"Diese Tagestour f\u00fchrt Sie in einer ca. f\u00fcnf Stunden, reiner Paddelzeit, dauernden Kanutour durch eine grandiose, auf ca. 8 km L\u00e4nge von Verkehrsstra\u00dfen verschonte, Natur in der Biber, Eisvogel und andere seltene Tier ihr R\u00fcckzugsgebiet haben. Roding, eine oberpf\u00e4lzer Kleinstadt direkt am Regen, ist unser Startpunkt. Einer der zentralen Anlauf-, bzw. Park-, Zonen ist &#8222;Am &hellip; \u201eBootswanderung von Roding bis Wiesing\u201c weiterlesen\" \/>\n<meta property=\"og:url\" content=\"https:\/\/bootwandern.de\/index.php\/bootswanderung-von-roding-bis-wiesing\/\" \/>\n<meta property=\"og:site_name\" content=\"Kanutouren am Regen\" \/>\n<meta property=\"article:modified_time\" content=\"2024-02-25T19:12:34+00:00\" \/>\n<meta property=\"og:image\" content=\"https:\/\/www.skulpturen-unikate.de\/image\/roding.JPG\" \/>\n<meta name=\"twitter:card\" content=\"summary_large_image\" \/>\n<meta name=\"twitter:label1\" content=\"Gesch\u00e4tzte Lesezeit\" \/>\n\t<meta name=\"twitter:data1\" content=\"4\u00a0Minuten\" \/>\n<script type=\"application\/ld+json\" class=\"yoast-schema-graph\">{\"@context\":\"https:\/\/schema.org\",\"@graph\":[{\"@type\":\"WebPage\",\"@id\":\"https:\/\/bootwandern.de\/index.php\/bootswanderung-von-roding-bis-wiesing\/\",\"url\":\"https:\/\/bootwandern.de\/index.php\/bootswanderung-von-roding-bis-wiesing\/\",\"name\":\"Bootswanderung von Roding bis Wiesing - Kanutouren am Regen\",\"isPartOf\":{\"@id\":\"https:\/\/bootwandern.de\/#website\"},\"primaryImageOfPage\":{\"@id\":\"https:\/\/bootwandern.de\/index.php\/bootswanderung-von-roding-bis-wiesing\/#primaryimage\"},\"image\":{\"@id\":\"https:\/\/bootwandern.de\/index.php\/bootswanderung-von-roding-bis-wiesing\/#primaryimage\"},\"thumbnailUrl\":\"https:\/\/www.skulpturen-unikate.de\/image\/roding.JPG\",\"datePublished\":\"2024-02-25T19:12:33+00:00\",\"dateModified\":\"2024-02-25T19:12:34+00:00\",\"breadcrumb\":{\"@id\":\"https:\/\/bootwandern.de\/index.php\/bootswanderung-von-roding-bis-wiesing\/#breadcrumb\"},\"inLanguage\":\"de\",\"potentialAction\":[{\"@type\":\"ReadAction\",\"target\":[\"https:\/\/bootwandern.de\/index.php\/bootswanderung-von-roding-bis-wiesing\/\"]}]},{\"@type\":\"ImageObject\",\"inLanguage\":\"de\",\"@id\":\"https:\/\/bootwandern.de\/index.php\/bootswanderung-von-roding-bis-wiesing\/#primaryimage\",\"url\":\"https:\/\/www.skulpturen-unikate.de\/image\/roding.JPG\",\"contentUrl\":\"https:\/\/www.skulpturen-unikate.de\/image\/roding.JPG\"},{\"@type\":\"BreadcrumbList\",\"@id\":\"https:\/\/bootwandern.de\/index.php\/bootswanderung-von-roding-bis-wiesing\/#breadcrumb\",\"itemListElement\":[{\"@type\":\"ListItem\",\"position\":1,\"name\":\"Startseite\",\"item\":\"https:\/\/bootwandern.de\/\"},{\"@type\":\"ListItem\",\"position\":2,\"name\":\"Bootswanderung von Roding bis Wiesing\"}]},{\"@type\":\"WebSite\",\"@id\":\"https:\/\/bootwandern.de\/#website\",\"url\":\"https:\/\/bootwandern.de\/\",\"name\":\"Kanutouren am Regen\",\"description\":\"Allgemeine Beschreibung\",\"publisher\":{\"@id\":\"https:\/\/bootwandern.de\/#organization\"},\"potentialAction\":[{\"@type\":\"SearchAction\",\"target\":{\"@type\":\"EntryPoint\",\"urlTemplate\":\"https:\/\/bootwandern.de\/?s={search_term_string}\"},\"query-input\":{\"@type\":\"PropertyValueSpecification\",\"valueRequired\":true,\"valueName\":\"search_term_string\"}}],\"inLanguage\":\"de\"},{\"@type\":\"Organization\",\"@id\":\"https:\/\/bootwandern.de\/#organization\",\"name\":\"Kanutouren am Regen\",\"url\":\"https:\/\/bootwandern.de\/\",\"logo\":{\"@type\":\"ImageObject\",\"inLanguage\":\"de\",\"@id\":\"https:\/\/bootwandern.de\/#\/schema\/logo\/image\/\",\"url\":\"https:\/\/bootwandern.de\/wp-content\/uploads\/2024\/02\/cropped-Logo_Regental-Kanu.gif\",\"contentUrl\":\"https:\/\/bootwandern.de\/wp-content\/uploads\/2024\/02\/cropped-Logo_Regental-Kanu.gif\",\"width\":442,\"height\":250,\"caption\":\"Kanutouren am Regen\"},\"image\":{\"@id\":\"https:\/\/bootwandern.de\/#\/schema\/logo\/image\/\"}}]}<\/script>\n<!-- \/ Yoast SEO plugin. -->","yoast_head_json":{"title":"Bootswanderung von Roding bis Wiesing - Kanutouren am Regen","robots":{"index":"index","follow":"follow","max-snippet":"max-snippet:-1","max-image-preview":"max-image-preview:large","max-video-preview":"max-video-preview:-1"},"canonical":"https:\/\/bootwandern.de\/index.php\/bootswanderung-von-roding-bis-wiesing\/","og_locale":"de_DE","og_type":"article","og_title":"Bootswanderung von Roding bis Wiesing - Kanutouren am Regen","og_description":"Diese Tagestour f\u00fchrt Sie in einer ca. f\u00fcnf Stunden, reiner Paddelzeit, dauernden Kanutour durch eine grandiose, auf ca. 8 km L\u00e4nge von Verkehrsstra\u00dfen verschonte, Natur in der Biber, Eisvogel und andere seltene Tier ihr R\u00fcckzugsgebiet haben. Roding, eine oberpf\u00e4lzer Kleinstadt direkt am Regen, ist unser Startpunkt. Einer der zentralen Anlauf-, bzw. Park-, Zonen ist &#8222;Am &hellip; \u201eBootswanderung von Roding bis Wiesing\u201c weiterlesen","og_url":"https:\/\/bootwandern.de\/index.php\/bootswanderung-von-roding-bis-wiesing\/","og_site_name":"Kanutouren am Regen","article_modified_time":"2024-02-25T19:12:34+00:00","og_image":[{"url":"https:\/\/www.skulpturen-unikate.de\/image\/roding.JPG","type":"","width":"","height":""}],"twitter_card":"summary_large_image","twitter_misc":{"Gesch\u00e4tzte Lesezeit":"4\u00a0Minuten"},"schema":{"@context":"https:\/\/schema.org","@graph":[{"@type":"WebPage","@id":"https:\/\/bootwandern.de\/index.php\/bootswanderung-von-roding-bis-wiesing\/","url":"https:\/\/bootwandern.de\/index.php\/bootswanderung-von-roding-bis-wiesing\/","name":"Bootswanderung von Roding bis Wiesing - Kanutouren am Regen","isPartOf":{"@id":"https:\/\/bootwandern.de\/#website"},"primaryImageOfPage":{"@id":"https:\/\/bootwandern.de\/index.php\/bootswanderung-von-roding-bis-wiesing\/#primaryimage"},"image":{"@id":"https:\/\/bootwandern.de\/index.php\/bootswanderung-von-roding-bis-wiesing\/#primaryimage"},"thumbnailUrl":"https:\/\/www.skulpturen-unikate.de\/image\/roding.JPG","datePublished":"2024-02-25T19:12:33+00:00","dateModified":"2024-02-25T19:12:34+00:00","breadcrumb":{"@id":"https:\/\/bootwandern.de\/index.php\/bootswanderung-von-roding-bis-wiesing\/#breadcrumb"},"inLanguage":"de","potentialAction":[{"@type":"ReadAction","target":["https:\/\/bootwandern.de\/index.php\/bootswanderung-von-roding-bis-wiesing\/"]}]},{"@type":"ImageObject","inLanguage":"de","@id":"https:\/\/bootwandern.de\/index.php\/bootswanderung-von-roding-bis-wiesing\/#primaryimage","url":"https:\/\/www.skulpturen-unikate.de\/image\/roding.JPG","contentUrl":"https:\/\/www.skulpturen-unikate.de\/image\/roding.JPG"},{"@type":"BreadcrumbList","@id":"https:\/\/bootwandern.de\/index.php\/bootswanderung-von-roding-bis-wiesing\/#breadcrumb","itemListElement":[{"@type":"ListItem","position":1,"name":"Startseite","item":"https:\/\/bootwandern.de\/"},{"@type":"ListItem","position":2,"name":"Bootswanderung von Roding bis Wiesing"}]},{"@type":"WebSite","@id":"https:\/\/bootwandern.de\/#website","url":"https:\/\/bootwandern.de\/","name":"Kanutouren am Regen","description":"Allgemeine Beschreibung","publisher":{"@id":"https:\/\/bootwandern.de\/#organization"},"potentialAction":[{"@type":"SearchAction","target":{"@type":"EntryPoint","urlTemplate":"https:\/\/bootwandern.de\/?s={search_term_string}"},"query-input":{"@type":"PropertyValueSpecification","valueRequired":true,"valueName":"search_term_string"}}],"inLanguage":"de"},{"@type":"Organization","@id":"https:\/\/bootwandern.de\/#organization","name":"Kanutouren am Regen","url":"https:\/\/bootwandern.de\/","logo":{"@type":"ImageObject","inLanguage":"de","@id":"https:\/\/bootwandern.de\/#\/schema\/logo\/image\/","url":"https:\/\/bootwandern.de\/wp-content\/uploads\/2024\/02\/cropped-Logo_Regental-Kanu.gif","contentUrl":"https:\/\/bootwandern.de\/wp-content\/uploads\/2024\/02\/cropped-Logo_Regental-Kanu.gif","width":442,"height":250,"caption":"Kanutouren am Regen"},"image":{"@id":"https:\/\/bootwandern.de\/#\/schema\/logo\/image\/"}}]}},"_links":{"self":[{"href":"https:\/\/bootwandern.de\/index.php\/wp-json\/wp\/v2\/pages\/105","targetHints":{"allow":["GET"]}}],"collection":[{"href":"https:\/\/bootwandern.de\/index.php\/wp-json\/wp\/v2\/pages"}],"about":[{"href":"https:\/\/bootwandern.de\/index.php\/wp-json\/wp\/v2\/types\/page"}],"author":[{"embeddable":true,"href":"https:\/\/bootwandern.de\/index.php\/wp-json\/wp\/v2\/users\/1"}],"replies":[{"embeddable":true,"href":"https:\/\/bootwandern.de\/index.php\/wp-json\/wp\/v2\/comments?post=105"}],"version-history":[{"count":1,"href":"https:\/\/bootwandern.de\/index.php\/wp-json\/wp\/v2\/pages\/105\/revisions"}],"predecessor-version":[{"id":106,"href":"https:\/\/bootwandern.de\/index.php\/wp-json\/wp\/v2\/pages\/105\/revisions\/106"}],"wp:attachment":[{"href":"https:\/\/bootwandern.de\/index.php\/wp-json\/wp\/v2\/media?parent=105"}],"curies":[{"name":"wp","href":"https:\/\/api.w.org\/{rel}","templated":true}]}}