{"id":114,"date":"2024-02-25T19:17:38","date_gmt":"2024-02-25T19:17:38","guid":{"rendered":"https:\/\/bootwandern.de\/?page_id=114"},"modified":"2024-02-25T19:17:38","modified_gmt":"2024-02-25T19:17:38","slug":"bootswanderung-von-walderbach-bis-reichenbach","status":"publish","type":"page","link":"https:\/\/bootwandern.de\/index.php\/bootswanderung-von-walderbach-bis-reichenbach\/","title":{"rendered":"Bootswanderung von Walderbach bis Reichenbach"},"content":{"rendered":"\n<figure class=\"wp-block-image\"><img decoding=\"async\" src=\"https:\/\/www.skulpturen-unikate.de\/image\/kloster-walderbach.JPG\" alt=\"\"\/><\/figure>\n\n\n\n<p><img loading=\"lazy\" decoding=\"async\" width=\"200\" height=\"415\" src=\"https:\/\/www.skulpturen-unikate.de\/image\/kloster-reichenbach.JPG\"><\/p>\n\n\n\n<p>Unterhalb des Walderbacher Wehrs starten wir zur Etappe bis Reichenbach. Es dauert ca. 40 Minuten, bis uns die Doppelt\u00fcrme der Kirche des Klosters Reichenbach begr\u00fc\u00dfen. Doch bevor wir an unser Ziel denken sollten wir erst die Inselflecken unterhalb des Klosters Walderbach genie\u00dfen. Kleine Inselchen, oft nur ein paar Meter Durchmesser s\u00e4umen unsere Paddelstrecke. Sofern wir in Roding aufgebrochen sind und uns nicht sonderlich beeilt haben, erreichen wir diesen Ort jetzt zu einem Zeitpunkt, an dem Mu\u00dfe und Naturgenu\u00df uns, wegen der sp\u00e4ten Nachmittagsstunden, eine besondere Qualit\u00e4t bieten. Die ersten V\u00f6gel trauen sich aus dem Schatten der B\u00e4ume, um sich ein Abendessen zu jagen.<\/p>\n\n\n\n<p>Treiben Sie und beobachten Sie &#8211; lauschen Sie dem Gesang der V\u00f6gel, lassen Sie sich vom Jagen der R\u00e4uber und dem Fl\u00fcchten der Gejagdten faszinieren &#8211; nach drei-vier-huntert Metern ist die besondere Idylle vorbei und der Flusslauf wird wieder von Wiesen und Weiden ges\u00e4umt.<\/p>\n\n\n\n<p>Nach wenigen Flussbiegungen erwartet Sie Reichenbach. Sofern Sie hier am Zeltplatz n\u00e4chtigen befindet sich Ihr Ausstieg vor der Br\u00fccke auf der linken Seite, an sonsten passieren Sie die Br\u00fccke und fahren links in den Kanal ein. Nach ca. 300 m erreichen Sie das Wehr. Gemauerte Stufen und ein Schild weisen Sie ca. 50 m vorher auf den Ausstieg auf der rechten Seite hin.<\/p>\n","protected":false},"excerpt":{"rendered":"<p>Unterhalb des Walderbacher Wehrs starten wir zur Etappe bis Reichenbach. Es dauert ca. 40 Minuten, bis uns die Doppelt\u00fcrme der Kirche des Klosters Reichenbach begr\u00fc\u00dfen. Doch bevor wir an unser Ziel denken sollten wir erst die Inselflecken unterhalb des Klosters Walderbach genie\u00dfen. Kleine Inselchen, oft nur ein paar Meter Durchmesser s\u00e4umen unsere Paddelstrecke. Sofern wir &hellip; <\/p>\n<p class=\"link-more\"><a href=\"https:\/\/bootwandern.de\/index.php\/bootswanderung-von-walderbach-bis-reichenbach\/\" class=\"more-link\"><span class=\"screen-reader-text\">\u201eBootswanderung von Walderbach bis Reichenbach\u201c <\/span>weiterlesen<\/a><\/p>\n","protected":false},"author":1,"featured_media":0,"parent":0,"menu_order":0,"comment_status":"closed","ping_status":"closed","template":"","meta":{"footnotes":""},"class_list":["post-114","page","type-page","status-publish","hentry"],"yoast_head":"<!-- This site is optimized with the Yoast SEO plugin v27.2 - https:\/\/yoast.com\/product\/yoast-seo-wordpress\/ -->\n<title>Bootswanderung von Walderbach bis Reichenbach - Kanutouren am Regen<\/title>\n<meta name=\"robots\" content=\"index, follow, max-snippet:-1, max-image-preview:large, max-video-preview:-1\" \/>\n<link rel=\"canonical\" href=\"https:\/\/bootwandern.de\/index.php\/bootswanderung-von-walderbach-bis-reichenbach\/\" \/>\n<meta property=\"og:locale\" content=\"de_DE\" \/>\n<meta property=\"og:type\" content=\"article\" \/>\n<meta property=\"og:title\" content=\"Bootswanderung von Walderbach bis Reichenbach - Kanutouren am Regen\" \/>\n<meta property=\"og:description\" content=\"Unterhalb des Walderbacher Wehrs starten wir zur Etappe bis Reichenbach. Es dauert ca. 40 Minuten, bis uns die Doppelt\u00fcrme der Kirche des Klosters Reichenbach begr\u00fc\u00dfen. Doch bevor wir an unser Ziel denken sollten wir erst die Inselflecken unterhalb des Klosters Walderbach genie\u00dfen. Kleine Inselchen, oft nur ein paar Meter Durchmesser s\u00e4umen unsere Paddelstrecke. Sofern wir &hellip; \u201eBootswanderung von Walderbach bis Reichenbach\u201c weiterlesen\" \/>\n<meta property=\"og:url\" content=\"https:\/\/bootwandern.de\/index.php\/bootswanderung-von-walderbach-bis-reichenbach\/\" \/>\n<meta property=\"og:site_name\" content=\"Kanutouren am Regen\" \/>\n<meta property=\"og:image\" content=\"https:\/\/www.skulpturen-unikate.de\/image\/kloster-walderbach.JPG\" \/>\n<meta name=\"twitter:card\" content=\"summary_large_image\" \/>\n<meta name=\"twitter:label1\" content=\"Gesch\u00e4tzte Lesezeit\" \/>\n\t<meta name=\"twitter:data1\" content=\"2\u00a0Minuten\" \/>\n<script type=\"application\/ld+json\" class=\"yoast-schema-graph\">{\"@context\":\"https:\/\/schema.org\",\"@graph\":[{\"@type\":\"WebPage\",\"@id\":\"https:\/\/bootwandern.de\/index.php\/bootswanderung-von-walderbach-bis-reichenbach\/\",\"url\":\"https:\/\/bootwandern.de\/index.php\/bootswanderung-von-walderbach-bis-reichenbach\/\",\"name\":\"Bootswanderung von Walderbach bis Reichenbach - Kanutouren am Regen\",\"isPartOf\":{\"@id\":\"https:\/\/bootwandern.de\/#website\"},\"primaryImageOfPage\":{\"@id\":\"https:\/\/bootwandern.de\/index.php\/bootswanderung-von-walderbach-bis-reichenbach\/#primaryimage\"},\"image\":{\"@id\":\"https:\/\/bootwandern.de\/index.php\/bootswanderung-von-walderbach-bis-reichenbach\/#primaryimage\"},\"thumbnailUrl\":\"https:\/\/www.skulpturen-unikate.de\/image\/kloster-walderbach.JPG\",\"datePublished\":\"2024-02-25T19:17:38+00:00\",\"breadcrumb\":{\"@id\":\"https:\/\/bootwandern.de\/index.php\/bootswanderung-von-walderbach-bis-reichenbach\/#breadcrumb\"},\"inLanguage\":\"de\",\"potentialAction\":[{\"@type\":\"ReadAction\",\"target\":[\"https:\/\/bootwandern.de\/index.php\/bootswanderung-von-walderbach-bis-reichenbach\/\"]}]},{\"@type\":\"ImageObject\",\"inLanguage\":\"de\",\"@id\":\"https:\/\/bootwandern.de\/index.php\/bootswanderung-von-walderbach-bis-reichenbach\/#primaryimage\",\"url\":\"https:\/\/www.skulpturen-unikate.de\/image\/kloster-walderbach.JPG\",\"contentUrl\":\"https:\/\/www.skulpturen-unikate.de\/image\/kloster-walderbach.JPG\"},{\"@type\":\"BreadcrumbList\",\"@id\":\"https:\/\/bootwandern.de\/index.php\/bootswanderung-von-walderbach-bis-reichenbach\/#breadcrumb\",\"itemListElement\":[{\"@type\":\"ListItem\",\"position\":1,\"name\":\"Startseite\",\"item\":\"https:\/\/bootwandern.de\/\"},{\"@type\":\"ListItem\",\"position\":2,\"name\":\"Bootswanderung von Walderbach bis Reichenbach\"}]},{\"@type\":\"WebSite\",\"@id\":\"https:\/\/bootwandern.de\/#website\",\"url\":\"https:\/\/bootwandern.de\/\",\"name\":\"Kanutouren am Regen\",\"description\":\"Allgemeine Beschreibung\",\"publisher\":{\"@id\":\"https:\/\/bootwandern.de\/#organization\"},\"potentialAction\":[{\"@type\":\"SearchAction\",\"target\":{\"@type\":\"EntryPoint\",\"urlTemplate\":\"https:\/\/bootwandern.de\/?s={search_term_string}\"},\"query-input\":{\"@type\":\"PropertyValueSpecification\",\"valueRequired\":true,\"valueName\":\"search_term_string\"}}],\"inLanguage\":\"de\"},{\"@type\":\"Organization\",\"@id\":\"https:\/\/bootwandern.de\/#organization\",\"name\":\"Kanutouren am Regen\",\"url\":\"https:\/\/bootwandern.de\/\",\"logo\":{\"@type\":\"ImageObject\",\"inLanguage\":\"de\",\"@id\":\"https:\/\/bootwandern.de\/#\/schema\/logo\/image\/\",\"url\":\"https:\/\/bootwandern.de\/wp-content\/uploads\/2024\/02\/cropped-Logo_Regental-Kanu.gif\",\"contentUrl\":\"https:\/\/bootwandern.de\/wp-content\/uploads\/2024\/02\/cropped-Logo_Regental-Kanu.gif\",\"width\":442,\"height\":250,\"caption\":\"Kanutouren am Regen\"},\"image\":{\"@id\":\"https:\/\/bootwandern.de\/#\/schema\/logo\/image\/\"}}]}<\/script>\n<!-- \/ Yoast SEO plugin. -->","yoast_head_json":{"title":"Bootswanderung von Walderbach bis Reichenbach - Kanutouren am Regen","robots":{"index":"index","follow":"follow","max-snippet":"max-snippet:-1","max-image-preview":"max-image-preview:large","max-video-preview":"max-video-preview:-1"},"canonical":"https:\/\/bootwandern.de\/index.php\/bootswanderung-von-walderbach-bis-reichenbach\/","og_locale":"de_DE","og_type":"article","og_title":"Bootswanderung von Walderbach bis Reichenbach - Kanutouren am Regen","og_description":"Unterhalb des Walderbacher Wehrs starten wir zur Etappe bis Reichenbach. Es dauert ca. 40 Minuten, bis uns die Doppelt\u00fcrme der Kirche des Klosters Reichenbach begr\u00fc\u00dfen. Doch bevor wir an unser Ziel denken sollten wir erst die Inselflecken unterhalb des Klosters Walderbach genie\u00dfen. Kleine Inselchen, oft nur ein paar Meter Durchmesser s\u00e4umen unsere Paddelstrecke. Sofern wir &hellip; \u201eBootswanderung von Walderbach bis Reichenbach\u201c weiterlesen","og_url":"https:\/\/bootwandern.de\/index.php\/bootswanderung-von-walderbach-bis-reichenbach\/","og_site_name":"Kanutouren am Regen","og_image":[{"url":"https:\/\/www.skulpturen-unikate.de\/image\/kloster-walderbach.JPG","type":"","width":"","height":""}],"twitter_card":"summary_large_image","twitter_misc":{"Gesch\u00e4tzte Lesezeit":"2\u00a0Minuten"},"schema":{"@context":"https:\/\/schema.org","@graph":[{"@type":"WebPage","@id":"https:\/\/bootwandern.de\/index.php\/bootswanderung-von-walderbach-bis-reichenbach\/","url":"https:\/\/bootwandern.de\/index.php\/bootswanderung-von-walderbach-bis-reichenbach\/","name":"Bootswanderung von Walderbach bis Reichenbach - Kanutouren am Regen","isPartOf":{"@id":"https:\/\/bootwandern.de\/#website"},"primaryImageOfPage":{"@id":"https:\/\/bootwandern.de\/index.php\/bootswanderung-von-walderbach-bis-reichenbach\/#primaryimage"},"image":{"@id":"https:\/\/bootwandern.de\/index.php\/bootswanderung-von-walderbach-bis-reichenbach\/#primaryimage"},"thumbnailUrl":"https:\/\/www.skulpturen-unikate.de\/image\/kloster-walderbach.JPG","datePublished":"2024-02-25T19:17:38+00:00","breadcrumb":{"@id":"https:\/\/bootwandern.de\/index.php\/bootswanderung-von-walderbach-bis-reichenbach\/#breadcrumb"},"inLanguage":"de","potentialAction":[{"@type":"ReadAction","target":["https:\/\/bootwandern.de\/index.php\/bootswanderung-von-walderbach-bis-reichenbach\/"]}]},{"@type":"ImageObject","inLanguage":"de","@id":"https:\/\/bootwandern.de\/index.php\/bootswanderung-von-walderbach-bis-reichenbach\/#primaryimage","url":"https:\/\/www.skulpturen-unikate.de\/image\/kloster-walderbach.JPG","contentUrl":"https:\/\/www.skulpturen-unikate.de\/image\/kloster-walderbach.JPG"},{"@type":"BreadcrumbList","@id":"https:\/\/bootwandern.de\/index.php\/bootswanderung-von-walderbach-bis-reichenbach\/#breadcrumb","itemListElement":[{"@type":"ListItem","position":1,"name":"Startseite","item":"https:\/\/bootwandern.de\/"},{"@type":"ListItem","position":2,"name":"Bootswanderung von Walderbach bis Reichenbach"}]},{"@type":"WebSite","@id":"https:\/\/bootwandern.de\/#website","url":"https:\/\/bootwandern.de\/","name":"Kanutouren am Regen","description":"Allgemeine Beschreibung","publisher":{"@id":"https:\/\/bootwandern.de\/#organization"},"potentialAction":[{"@type":"SearchAction","target":{"@type":"EntryPoint","urlTemplate":"https:\/\/bootwandern.de\/?s={search_term_string}"},"query-input":{"@type":"PropertyValueSpecification","valueRequired":true,"valueName":"search_term_string"}}],"inLanguage":"de"},{"@type":"Organization","@id":"https:\/\/bootwandern.de\/#organization","name":"Kanutouren am Regen","url":"https:\/\/bootwandern.de\/","logo":{"@type":"ImageObject","inLanguage":"de","@id":"https:\/\/bootwandern.de\/#\/schema\/logo\/image\/","url":"https:\/\/bootwandern.de\/wp-content\/uploads\/2024\/02\/cropped-Logo_Regental-Kanu.gif","contentUrl":"https:\/\/bootwandern.de\/wp-content\/uploads\/2024\/02\/cropped-Logo_Regental-Kanu.gif","width":442,"height":250,"caption":"Kanutouren am Regen"},"image":{"@id":"https:\/\/bootwandern.de\/#\/schema\/logo\/image\/"}}]}},"_links":{"self":[{"href":"https:\/\/bootwandern.de\/index.php\/wp-json\/wp\/v2\/pages\/114","targetHints":{"allow":["GET"]}}],"collection":[{"href":"https:\/\/bootwandern.de\/index.php\/wp-json\/wp\/v2\/pages"}],"about":[{"href":"https:\/\/bootwandern.de\/index.php\/wp-json\/wp\/v2\/types\/page"}],"author":[{"embeddable":true,"href":"https:\/\/bootwandern.de\/index.php\/wp-json\/wp\/v2\/users\/1"}],"replies":[{"embeddable":true,"href":"https:\/\/bootwandern.de\/index.php\/wp-json\/wp\/v2\/comments?post=114"}],"version-history":[{"count":1,"href":"https:\/\/bootwandern.de\/index.php\/wp-json\/wp\/v2\/pages\/114\/revisions"}],"predecessor-version":[{"id":115,"href":"https:\/\/bootwandern.de\/index.php\/wp-json\/wp\/v2\/pages\/114\/revisions\/115"}],"wp:attachment":[{"href":"https:\/\/bootwandern.de\/index.php\/wp-json\/wp\/v2\/media?parent=114"}],"curies":[{"name":"wp","href":"https:\/\/api.w.org\/{rel}","templated":true}]}}