{"id":117,"date":"2024-02-25T19:19:43","date_gmt":"2024-02-25T19:19:43","guid":{"rendered":"https:\/\/bootwandern.de\/?page_id=117"},"modified":"2024-02-25T19:19:44","modified_gmt":"2024-02-25T19:19:44","slug":"bootswanderung-von-reichenbach-bis-nittenau","status":"publish","type":"page","link":"https:\/\/bootwandern.de\/index.php\/bootswanderung-von-reichenbach-bis-nittenau\/","title":{"rendered":"Bootswanderung von Reichenbach bis Nittenau"},"content":{"rendered":"\n<p>Mit dem Wiedereinsetzen beim Reichenbacher Wehr beginnt die Schluss-Etappe bis Nittenau. Man sollte dennoch mindestens eine Paddelstunde rechnen.<\/p>\n\n\n\n<p>Gem\u00e4chlich bewegt sich der Fluss nun auf Nittenau zu und kurz nach der ersten Linksbiegung tauchen in einiger Entfernung H\u00e4user auf. Es k\u00fcndigt sich die Wehranlage von Tiefenbach an. Auch hier heisst es wieder Aussteigen und Umtragen. Die Wehrkante verl\u00e4uft vom Kraftwerk auf den Paddler zu, zum rechten Ufer. Ein Schild kennzeichnet den Ausstieg und so l\u00e4\u00dft er sich nicht verfehlen. Bei gen\u00fcgend Wasserstand ist die Wehrkante \u00fcbersp\u00fclt. Dennoch sollte man sich nicht verleiten lassen das Wehr mit dem Boot zu befahren. Ein Umtragen auf der Wiese ist nicht sonderlich anstrengend und der Wiedereinstieg ist gut angelegt.<\/p>\n\n\n\n<p><img loading=\"lazy\" decoding=\"async\" width=\"150\" height=\"373\" src=\"https:\/\/www.skulpturen-unikate.de\/image\/nittenau_kirchturm.JPG\"><\/p>\n\n\n\n<p>Sobald sich der Fluss nach rechts wendet, steigt der L\u00e4rmpegel kontinuierlich an und k\u00fcndigt einen Granitsteinbruch an. Unmittelbar danach zeigt sich die neue Br\u00fccke der B16. Sollte der Durst jetzt schon unertr\u00e4glich werden und die ca. 20 Paddelminuten bis Nittenau wie eine Ewigkeit anmuten, so kennzeichnet der Bootsteg nach der Br\u00fccke auf der rechten Seite eine Anlandem\u00f6glichkeit zum Auftanken. Hier kann man das Boot anbinden und zum Landgasthof Schuhbauer hochgehen.<\/p>\n\n\n\n<p>Wen der Durst noch nicht \u00fcbermannt hat, der paddelt bis Nittenau durch. Die Stadt scheint zum Greifen nahe, doch man darf sich nicht t\u00e4uschen lassen: der Fluss windet sich und str\u00e4ubt sich mit wenig Str\u00f6mung die Stadt zu durchflie\u00dfen. Ist man an den ersten Villen vorbei und sieht man die Br\u00fccke \u00fcber den Fluss, so gilt es sich am linken Ufer zu halten, um den kleinen Kanal des Kleinen Regen nicht zu verpassen.<\/p>\n\n\n\n<p>Die Str\u00f6mung endet nun vollends und nach der Biegung zeigt sich der Volksfestplatz und der Parkplatz in Nittenau. Den Paddlern, die noch zur Verleihstation oder dem Campingplatz m\u00fcssen, bleibt keine Rast verg\u00f6nnt. Es hei\u00dft nocheinmal Umtragen und Wiedereinsetzen f\u00fcr die letzten Meter. Sobald sich der Kanal weitet (die Insel rechter Hand endet) kennzeichnen die Stufen des Bootseinstiegs auf der linken Flussseite die Ka<\/p>\n","protected":false},"excerpt":{"rendered":"<p>Mit dem Wiedereinsetzen beim Reichenbacher Wehr beginnt die Schluss-Etappe bis Nittenau. Man sollte dennoch mindestens eine Paddelstunde rechnen. Gem\u00e4chlich bewegt sich der Fluss nun auf Nittenau zu und kurz nach der ersten Linksbiegung tauchen in einiger Entfernung H\u00e4user auf. Es k\u00fcndigt sich die Wehranlage von Tiefenbach an. Auch hier heisst es wieder Aussteigen und Umtragen. &hellip; <\/p>\n<p class=\"link-more\"><a href=\"https:\/\/bootwandern.de\/index.php\/bootswanderung-von-reichenbach-bis-nittenau\/\" class=\"more-link\"><span class=\"screen-reader-text\">\u201eBootswanderung von Reichenbach bis Nittenau\u201c <\/span>weiterlesen<\/a><\/p>\n","protected":false},"author":1,"featured_media":0,"parent":0,"menu_order":0,"comment_status":"closed","ping_status":"closed","template":"","meta":{"footnotes":""},"class_list":["post-117","page","type-page","status-publish","hentry"],"yoast_head":"<!-- This site is optimized with the Yoast SEO plugin v27.2 - https:\/\/yoast.com\/product\/yoast-seo-wordpress\/ -->\n<title>Bootswanderung von Reichenbach bis Nittenau - Kanutouren am Regen<\/title>\n<meta name=\"robots\" content=\"index, follow, max-snippet:-1, max-image-preview:large, max-video-preview:-1\" \/>\n<link rel=\"canonical\" href=\"https:\/\/bootwandern.de\/index.php\/bootswanderung-von-reichenbach-bis-nittenau\/\" \/>\n<meta property=\"og:locale\" content=\"de_DE\" \/>\n<meta property=\"og:type\" content=\"article\" \/>\n<meta property=\"og:title\" content=\"Bootswanderung von Reichenbach bis Nittenau - Kanutouren am Regen\" \/>\n<meta property=\"og:description\" content=\"Mit dem Wiedereinsetzen beim Reichenbacher Wehr beginnt die Schluss-Etappe bis Nittenau. Man sollte dennoch mindestens eine Paddelstunde rechnen. Gem\u00e4chlich bewegt sich der Fluss nun auf Nittenau zu und kurz nach der ersten Linksbiegung tauchen in einiger Entfernung H\u00e4user auf. Es k\u00fcndigt sich die Wehranlage von Tiefenbach an. Auch hier heisst es wieder Aussteigen und Umtragen. &hellip; \u201eBootswanderung von Reichenbach bis Nittenau\u201c weiterlesen\" \/>\n<meta property=\"og:url\" content=\"https:\/\/bootwandern.de\/index.php\/bootswanderung-von-reichenbach-bis-nittenau\/\" \/>\n<meta property=\"og:site_name\" content=\"Kanutouren am Regen\" \/>\n<meta property=\"article:modified_time\" content=\"2024-02-25T19:19:44+00:00\" \/>\n<meta property=\"og:image\" content=\"https:\/\/www.skulpturen-unikate.de\/image\/nittenau_kirchturm.JPG\" \/>\n<meta name=\"twitter:card\" content=\"summary_large_image\" \/>\n<meta name=\"twitter:label1\" content=\"Gesch\u00e4tzte Lesezeit\" \/>\n\t<meta name=\"twitter:data1\" content=\"2\u00a0Minuten\" \/>\n<script type=\"application\/ld+json\" class=\"yoast-schema-graph\">{\"@context\":\"https:\/\/schema.org\",\"@graph\":[{\"@type\":\"WebPage\",\"@id\":\"https:\/\/bootwandern.de\/index.php\/bootswanderung-von-reichenbach-bis-nittenau\/\",\"url\":\"https:\/\/bootwandern.de\/index.php\/bootswanderung-von-reichenbach-bis-nittenau\/\",\"name\":\"Bootswanderung von Reichenbach bis Nittenau - Kanutouren am Regen\",\"isPartOf\":{\"@id\":\"https:\/\/bootwandern.de\/#website\"},\"primaryImageOfPage\":{\"@id\":\"https:\/\/bootwandern.de\/index.php\/bootswanderung-von-reichenbach-bis-nittenau\/#primaryimage\"},\"image\":{\"@id\":\"https:\/\/bootwandern.de\/index.php\/bootswanderung-von-reichenbach-bis-nittenau\/#primaryimage\"},\"thumbnailUrl\":\"https:\/\/www.skulpturen-unikate.de\/image\/nittenau_kirchturm.JPG\",\"datePublished\":\"2024-02-25T19:19:43+00:00\",\"dateModified\":\"2024-02-25T19:19:44+00:00\",\"breadcrumb\":{\"@id\":\"https:\/\/bootwandern.de\/index.php\/bootswanderung-von-reichenbach-bis-nittenau\/#breadcrumb\"},\"inLanguage\":\"de\",\"potentialAction\":[{\"@type\":\"ReadAction\",\"target\":[\"https:\/\/bootwandern.de\/index.php\/bootswanderung-von-reichenbach-bis-nittenau\/\"]}]},{\"@type\":\"ImageObject\",\"inLanguage\":\"de\",\"@id\":\"https:\/\/bootwandern.de\/index.php\/bootswanderung-von-reichenbach-bis-nittenau\/#primaryimage\",\"url\":\"https:\/\/www.skulpturen-unikate.de\/image\/nittenau_kirchturm.JPG\",\"contentUrl\":\"https:\/\/www.skulpturen-unikate.de\/image\/nittenau_kirchturm.JPG\"},{\"@type\":\"BreadcrumbList\",\"@id\":\"https:\/\/bootwandern.de\/index.php\/bootswanderung-von-reichenbach-bis-nittenau\/#breadcrumb\",\"itemListElement\":[{\"@type\":\"ListItem\",\"position\":1,\"name\":\"Startseite\",\"item\":\"https:\/\/bootwandern.de\/\"},{\"@type\":\"ListItem\",\"position\":2,\"name\":\"Bootswanderung von Reichenbach bis Nittenau\"}]},{\"@type\":\"WebSite\",\"@id\":\"https:\/\/bootwandern.de\/#website\",\"url\":\"https:\/\/bootwandern.de\/\",\"name\":\"Kanutouren am Regen\",\"description\":\"Allgemeine Beschreibung\",\"publisher\":{\"@id\":\"https:\/\/bootwandern.de\/#organization\"},\"potentialAction\":[{\"@type\":\"SearchAction\",\"target\":{\"@type\":\"EntryPoint\",\"urlTemplate\":\"https:\/\/bootwandern.de\/?s={search_term_string}\"},\"query-input\":{\"@type\":\"PropertyValueSpecification\",\"valueRequired\":true,\"valueName\":\"search_term_string\"}}],\"inLanguage\":\"de\"},{\"@type\":\"Organization\",\"@id\":\"https:\/\/bootwandern.de\/#organization\",\"name\":\"Kanutouren am Regen\",\"url\":\"https:\/\/bootwandern.de\/\",\"logo\":{\"@type\":\"ImageObject\",\"inLanguage\":\"de\",\"@id\":\"https:\/\/bootwandern.de\/#\/schema\/logo\/image\/\",\"url\":\"https:\/\/bootwandern.de\/wp-content\/uploads\/2024\/02\/cropped-Logo_Regental-Kanu.gif\",\"contentUrl\":\"https:\/\/bootwandern.de\/wp-content\/uploads\/2024\/02\/cropped-Logo_Regental-Kanu.gif\",\"width\":442,\"height\":250,\"caption\":\"Kanutouren am Regen\"},\"image\":{\"@id\":\"https:\/\/bootwandern.de\/#\/schema\/logo\/image\/\"}}]}<\/script>\n<!-- \/ Yoast SEO plugin. -->","yoast_head_json":{"title":"Bootswanderung von Reichenbach bis Nittenau - Kanutouren am Regen","robots":{"index":"index","follow":"follow","max-snippet":"max-snippet:-1","max-image-preview":"max-image-preview:large","max-video-preview":"max-video-preview:-1"},"canonical":"https:\/\/bootwandern.de\/index.php\/bootswanderung-von-reichenbach-bis-nittenau\/","og_locale":"de_DE","og_type":"article","og_title":"Bootswanderung von Reichenbach bis Nittenau - Kanutouren am Regen","og_description":"Mit dem Wiedereinsetzen beim Reichenbacher Wehr beginnt die Schluss-Etappe bis Nittenau. Man sollte dennoch mindestens eine Paddelstunde rechnen. Gem\u00e4chlich bewegt sich der Fluss nun auf Nittenau zu und kurz nach der ersten Linksbiegung tauchen in einiger Entfernung H\u00e4user auf. Es k\u00fcndigt sich die Wehranlage von Tiefenbach an. Auch hier heisst es wieder Aussteigen und Umtragen. &hellip; \u201eBootswanderung von Reichenbach bis Nittenau\u201c weiterlesen","og_url":"https:\/\/bootwandern.de\/index.php\/bootswanderung-von-reichenbach-bis-nittenau\/","og_site_name":"Kanutouren am Regen","article_modified_time":"2024-02-25T19:19:44+00:00","og_image":[{"url":"https:\/\/www.skulpturen-unikate.de\/image\/nittenau_kirchturm.JPG","type":"","width":"","height":""}],"twitter_card":"summary_large_image","twitter_misc":{"Gesch\u00e4tzte Lesezeit":"2\u00a0Minuten"},"schema":{"@context":"https:\/\/schema.org","@graph":[{"@type":"WebPage","@id":"https:\/\/bootwandern.de\/index.php\/bootswanderung-von-reichenbach-bis-nittenau\/","url":"https:\/\/bootwandern.de\/index.php\/bootswanderung-von-reichenbach-bis-nittenau\/","name":"Bootswanderung von Reichenbach bis Nittenau - Kanutouren am Regen","isPartOf":{"@id":"https:\/\/bootwandern.de\/#website"},"primaryImageOfPage":{"@id":"https:\/\/bootwandern.de\/index.php\/bootswanderung-von-reichenbach-bis-nittenau\/#primaryimage"},"image":{"@id":"https:\/\/bootwandern.de\/index.php\/bootswanderung-von-reichenbach-bis-nittenau\/#primaryimage"},"thumbnailUrl":"https:\/\/www.skulpturen-unikate.de\/image\/nittenau_kirchturm.JPG","datePublished":"2024-02-25T19:19:43+00:00","dateModified":"2024-02-25T19:19:44+00:00","breadcrumb":{"@id":"https:\/\/bootwandern.de\/index.php\/bootswanderung-von-reichenbach-bis-nittenau\/#breadcrumb"},"inLanguage":"de","potentialAction":[{"@type":"ReadAction","target":["https:\/\/bootwandern.de\/index.php\/bootswanderung-von-reichenbach-bis-nittenau\/"]}]},{"@type":"ImageObject","inLanguage":"de","@id":"https:\/\/bootwandern.de\/index.php\/bootswanderung-von-reichenbach-bis-nittenau\/#primaryimage","url":"https:\/\/www.skulpturen-unikate.de\/image\/nittenau_kirchturm.JPG","contentUrl":"https:\/\/www.skulpturen-unikate.de\/image\/nittenau_kirchturm.JPG"},{"@type":"BreadcrumbList","@id":"https:\/\/bootwandern.de\/index.php\/bootswanderung-von-reichenbach-bis-nittenau\/#breadcrumb","itemListElement":[{"@type":"ListItem","position":1,"name":"Startseite","item":"https:\/\/bootwandern.de\/"},{"@type":"ListItem","position":2,"name":"Bootswanderung von Reichenbach bis Nittenau"}]},{"@type":"WebSite","@id":"https:\/\/bootwandern.de\/#website","url":"https:\/\/bootwandern.de\/","name":"Kanutouren am Regen","description":"Allgemeine Beschreibung","publisher":{"@id":"https:\/\/bootwandern.de\/#organization"},"potentialAction":[{"@type":"SearchAction","target":{"@type":"EntryPoint","urlTemplate":"https:\/\/bootwandern.de\/?s={search_term_string}"},"query-input":{"@type":"PropertyValueSpecification","valueRequired":true,"valueName":"search_term_string"}}],"inLanguage":"de"},{"@type":"Organization","@id":"https:\/\/bootwandern.de\/#organization","name":"Kanutouren am Regen","url":"https:\/\/bootwandern.de\/","logo":{"@type":"ImageObject","inLanguage":"de","@id":"https:\/\/bootwandern.de\/#\/schema\/logo\/image\/","url":"https:\/\/bootwandern.de\/wp-content\/uploads\/2024\/02\/cropped-Logo_Regental-Kanu.gif","contentUrl":"https:\/\/bootwandern.de\/wp-content\/uploads\/2024\/02\/cropped-Logo_Regental-Kanu.gif","width":442,"height":250,"caption":"Kanutouren am Regen"},"image":{"@id":"https:\/\/bootwandern.de\/#\/schema\/logo\/image\/"}}]}},"_links":{"self":[{"href":"https:\/\/bootwandern.de\/index.php\/wp-json\/wp\/v2\/pages\/117","targetHints":{"allow":["GET"]}}],"collection":[{"href":"https:\/\/bootwandern.de\/index.php\/wp-json\/wp\/v2\/pages"}],"about":[{"href":"https:\/\/bootwandern.de\/index.php\/wp-json\/wp\/v2\/types\/page"}],"author":[{"embeddable":true,"href":"https:\/\/bootwandern.de\/index.php\/wp-json\/wp\/v2\/users\/1"}],"replies":[{"embeddable":true,"href":"https:\/\/bootwandern.de\/index.php\/wp-json\/wp\/v2\/comments?post=117"}],"version-history":[{"count":1,"href":"https:\/\/bootwandern.de\/index.php\/wp-json\/wp\/v2\/pages\/117\/revisions"}],"predecessor-version":[{"id":118,"href":"https:\/\/bootwandern.de\/index.php\/wp-json\/wp\/v2\/pages\/117\/revisions\/118"}],"wp:attachment":[{"href":"https:\/\/bootwandern.de\/index.php\/wp-json\/wp\/v2\/media?parent=117"}],"curies":[{"name":"wp","href":"https:\/\/api.w.org\/{rel}","templated":true}]}}