{"id":122,"date":"2024-02-26T10:59:12","date_gmt":"2024-02-26T10:59:12","guid":{"rendered":"https:\/\/bootwandern.de\/?page_id=122"},"modified":"2024-04-20T15:22:24","modified_gmt":"2024-04-20T15:22:24","slug":"aktuelle-hinweise","status":"publish","type":"page","link":"https:\/\/bootwandern.de\/index.php\/aktuelle-hinweise\/","title":{"rendered":"Informationen"},"content":{"rendered":"\n<p id=\"block-9df4544a-5fbd-416e-b01c-a41a5e88fa21\"><strong>Der Personentransfer (eine Person) ist m\u00f6glich und im Mietpreis enthalten. Falls die zeitlich unabh\u00e4ngig sein m\u00f6chten, so stellen Sie sich bitte ein Auto, Fahrrad etc. an den Endpunkt Ihrer Tour. Alternativ k\u00f6nnen Sie den \u00f6ffentlichen Nahverkehr (bitte zuvor unbedingt die Fahrpl\u00e4ne pr\u00fcfen) oder ein Taxi nutzen (nicht im Preis enthalten).<\/strong><\/p>\n\n\n\n<ul class=\"wp-block-list\" id=\"block-31e9a875-ec9a-4179-b144-4ee3034ab16d\">\n<li>Um gr\u00f6\u00dfere Menschenansammlungen zu vermeiden, kann es n\u00f6tig sein, dass der genaue Zeitpunkt des Starts Ihrer Tour vereinbart werden muss. In diesem Fall werden wir Sie im Vorfeld Ihrer Tour unter den von Ihnen angegebenen Kontaktdaten zur Terminvereinbarung kontaktieren.<\/li>\n<\/ul>\n","protected":false},"excerpt":{"rendered":"<p>Der Personentransfer (eine Person) ist m\u00f6glich und im Mietpreis enthalten. Falls die zeitlich unabh\u00e4ngig sein m\u00f6chten, so stellen Sie sich bitte ein Auto, Fahrrad etc. an den Endpunkt Ihrer Tour. Alternativ k\u00f6nnen Sie den \u00f6ffentlichen Nahverkehr (bitte zuvor unbedingt die Fahrpl\u00e4ne pr\u00fcfen) oder ein Taxi nutzen (nicht im Preis enthalten).<\/p>\n","protected":false},"author":1,"featured_media":0,"parent":0,"menu_order":0,"comment_status":"closed","ping_status":"closed","template":"","meta":{"footnotes":""},"class_list":["post-122","page","type-page","status-publish","hentry"],"yoast_head":"<!-- This site is optimized with the Yoast SEO plugin v27.2 - https:\/\/yoast.com\/product\/yoast-seo-wordpress\/ -->\n<title>Informationen - Kanutouren am Regen<\/title>\n<meta name=\"robots\" content=\"index, follow, max-snippet:-1, max-image-preview:large, max-video-preview:-1\" \/>\n<link rel=\"canonical\" href=\"https:\/\/bootwandern.de\/index.php\/aktuelle-hinweise\/\" \/>\n<meta property=\"og:locale\" content=\"de_DE\" \/>\n<meta property=\"og:type\" content=\"article\" \/>\n<meta property=\"og:title\" content=\"Informationen - Kanutouren am Regen\" \/>\n<meta property=\"og:description\" content=\"Der Personentransfer (eine Person) ist m\u00f6glich und im Mietpreis enthalten. Falls die zeitlich unabh\u00e4ngig sein m\u00f6chten, so stellen Sie sich bitte ein Auto, Fahrrad etc. an den Endpunkt Ihrer Tour. Alternativ k\u00f6nnen Sie den \u00f6ffentlichen Nahverkehr (bitte zuvor unbedingt die Fahrpl\u00e4ne pr\u00fcfen) oder ein Taxi nutzen (nicht im Preis enthalten).\" \/>\n<meta property=\"og:url\" content=\"https:\/\/bootwandern.de\/index.php\/aktuelle-hinweise\/\" \/>\n<meta property=\"og:site_name\" content=\"Kanutouren am Regen\" \/>\n<meta property=\"article:modified_time\" content=\"2024-04-20T15:22:24+00:00\" \/>\n<meta name=\"twitter:card\" content=\"summary_large_image\" \/>\n<meta name=\"twitter:label1\" content=\"Gesch\u00e4tzte Lesezeit\" \/>\n\t<meta name=\"twitter:data1\" content=\"1\u00a0Minute\" \/>\n<script type=\"application\/ld+json\" class=\"yoast-schema-graph\">{\"@context\":\"https:\/\/schema.org\",\"@graph\":[{\"@type\":\"WebPage\",\"@id\":\"https:\/\/bootwandern.de\/index.php\/aktuelle-hinweise\/\",\"url\":\"https:\/\/bootwandern.de\/index.php\/aktuelle-hinweise\/\",\"name\":\"Informationen - Kanutouren am Regen\",\"isPartOf\":{\"@id\":\"https:\/\/bootwandern.de\/#website\"},\"datePublished\":\"2024-02-26T10:59:12+00:00\",\"dateModified\":\"2024-04-20T15:22:24+00:00\",\"breadcrumb\":{\"@id\":\"https:\/\/bootwandern.de\/index.php\/aktuelle-hinweise\/#breadcrumb\"},\"inLanguage\":\"de\",\"potentialAction\":[{\"@type\":\"ReadAction\",\"target\":[\"https:\/\/bootwandern.de\/index.php\/aktuelle-hinweise\/\"]}]},{\"@type\":\"BreadcrumbList\",\"@id\":\"https:\/\/bootwandern.de\/index.php\/aktuelle-hinweise\/#breadcrumb\",\"itemListElement\":[{\"@type\":\"ListItem\",\"position\":1,\"name\":\"Startseite\",\"item\":\"https:\/\/bootwandern.de\/\"},{\"@type\":\"ListItem\",\"position\":2,\"name\":\"Informationen\"}]},{\"@type\":\"WebSite\",\"@id\":\"https:\/\/bootwandern.de\/#website\",\"url\":\"https:\/\/bootwandern.de\/\",\"name\":\"Kanutouren am Regen\",\"description\":\"Allgemeine Beschreibung\",\"publisher\":{\"@id\":\"https:\/\/bootwandern.de\/#organization\"},\"potentialAction\":[{\"@type\":\"SearchAction\",\"target\":{\"@type\":\"EntryPoint\",\"urlTemplate\":\"https:\/\/bootwandern.de\/?s={search_term_string}\"},\"query-input\":{\"@type\":\"PropertyValueSpecification\",\"valueRequired\":true,\"valueName\":\"search_term_string\"}}],\"inLanguage\":\"de\"},{\"@type\":\"Organization\",\"@id\":\"https:\/\/bootwandern.de\/#organization\",\"name\":\"Kanutouren am Regen\",\"url\":\"https:\/\/bootwandern.de\/\",\"logo\":{\"@type\":\"ImageObject\",\"inLanguage\":\"de\",\"@id\":\"https:\/\/bootwandern.de\/#\/schema\/logo\/image\/\",\"url\":\"https:\/\/bootwandern.de\/wp-content\/uploads\/2024\/02\/cropped-Logo_Regental-Kanu.gif\",\"contentUrl\":\"https:\/\/bootwandern.de\/wp-content\/uploads\/2024\/02\/cropped-Logo_Regental-Kanu.gif\",\"width\":442,\"height\":250,\"caption\":\"Kanutouren am Regen\"},\"image\":{\"@id\":\"https:\/\/bootwandern.de\/#\/schema\/logo\/image\/\"}}]}<\/script>\n<!-- \/ Yoast SEO plugin. -->","yoast_head_json":{"title":"Informationen - Kanutouren am Regen","robots":{"index":"index","follow":"follow","max-snippet":"max-snippet:-1","max-image-preview":"max-image-preview:large","max-video-preview":"max-video-preview:-1"},"canonical":"https:\/\/bootwandern.de\/index.php\/aktuelle-hinweise\/","og_locale":"de_DE","og_type":"article","og_title":"Informationen - Kanutouren am Regen","og_description":"Der Personentransfer (eine Person) ist m\u00f6glich und im Mietpreis enthalten. Falls die zeitlich unabh\u00e4ngig sein m\u00f6chten, so stellen Sie sich bitte ein Auto, Fahrrad etc. an den Endpunkt Ihrer Tour. Alternativ k\u00f6nnen Sie den \u00f6ffentlichen Nahverkehr (bitte zuvor unbedingt die Fahrpl\u00e4ne pr\u00fcfen) oder ein Taxi nutzen (nicht im Preis enthalten).","og_url":"https:\/\/bootwandern.de\/index.php\/aktuelle-hinweise\/","og_site_name":"Kanutouren am Regen","article_modified_time":"2024-04-20T15:22:24+00:00","twitter_card":"summary_large_image","twitter_misc":{"Gesch\u00e4tzte Lesezeit":"1\u00a0Minute"},"schema":{"@context":"https:\/\/schema.org","@graph":[{"@type":"WebPage","@id":"https:\/\/bootwandern.de\/index.php\/aktuelle-hinweise\/","url":"https:\/\/bootwandern.de\/index.php\/aktuelle-hinweise\/","name":"Informationen - Kanutouren am Regen","isPartOf":{"@id":"https:\/\/bootwandern.de\/#website"},"datePublished":"2024-02-26T10:59:12+00:00","dateModified":"2024-04-20T15:22:24+00:00","breadcrumb":{"@id":"https:\/\/bootwandern.de\/index.php\/aktuelle-hinweise\/#breadcrumb"},"inLanguage":"de","potentialAction":[{"@type":"ReadAction","target":["https:\/\/bootwandern.de\/index.php\/aktuelle-hinweise\/"]}]},{"@type":"BreadcrumbList","@id":"https:\/\/bootwandern.de\/index.php\/aktuelle-hinweise\/#breadcrumb","itemListElement":[{"@type":"ListItem","position":1,"name":"Startseite","item":"https:\/\/bootwandern.de\/"},{"@type":"ListItem","position":2,"name":"Informationen"}]},{"@type":"WebSite","@id":"https:\/\/bootwandern.de\/#website","url":"https:\/\/bootwandern.de\/","name":"Kanutouren am Regen","description":"Allgemeine Beschreibung","publisher":{"@id":"https:\/\/bootwandern.de\/#organization"},"potentialAction":[{"@type":"SearchAction","target":{"@type":"EntryPoint","urlTemplate":"https:\/\/bootwandern.de\/?s={search_term_string}"},"query-input":{"@type":"PropertyValueSpecification","valueRequired":true,"valueName":"search_term_string"}}],"inLanguage":"de"},{"@type":"Organization","@id":"https:\/\/bootwandern.de\/#organization","name":"Kanutouren am Regen","url":"https:\/\/bootwandern.de\/","logo":{"@type":"ImageObject","inLanguage":"de","@id":"https:\/\/bootwandern.de\/#\/schema\/logo\/image\/","url":"https:\/\/bootwandern.de\/wp-content\/uploads\/2024\/02\/cropped-Logo_Regental-Kanu.gif","contentUrl":"https:\/\/bootwandern.de\/wp-content\/uploads\/2024\/02\/cropped-Logo_Regental-Kanu.gif","width":442,"height":250,"caption":"Kanutouren am Regen"},"image":{"@id":"https:\/\/bootwandern.de\/#\/schema\/logo\/image\/"}}]}},"_links":{"self":[{"href":"https:\/\/bootwandern.de\/index.php\/wp-json\/wp\/v2\/pages\/122","targetHints":{"allow":["GET"]}}],"collection":[{"href":"https:\/\/bootwandern.de\/index.php\/wp-json\/wp\/v2\/pages"}],"about":[{"href":"https:\/\/bootwandern.de\/index.php\/wp-json\/wp\/v2\/types\/page"}],"author":[{"embeddable":true,"href":"https:\/\/bootwandern.de\/index.php\/wp-json\/wp\/v2\/users\/1"}],"replies":[{"embeddable":true,"href":"https:\/\/bootwandern.de\/index.php\/wp-json\/wp\/v2\/comments?post=122"}],"version-history":[{"count":3,"href":"https:\/\/bootwandern.de\/index.php\/wp-json\/wp\/v2\/pages\/122\/revisions"}],"predecessor-version":[{"id":201,"href":"https:\/\/bootwandern.de\/index.php\/wp-json\/wp\/v2\/pages\/122\/revisions\/201"}],"wp:attachment":[{"href":"https:\/\/bootwandern.de\/index.php\/wp-json\/wp\/v2\/media?parent=122"}],"curies":[{"name":"wp","href":"https:\/\/api.w.org\/{rel}","templated":true}]}}