{"id":194,"date":"2024-04-20T13:21:46","date_gmt":"2024-04-20T13:21:46","guid":{"rendered":"https:\/\/bootwandern.de\/?page_id=194"},"modified":"2024-04-20T15:35:28","modified_gmt":"2024-04-20T15:35:28","slug":"klassenfahrten-u-klassenausfluege","status":"publish","type":"page","link":"https:\/\/bootwandern.de\/index.php\/klassenfahrten-u-klassenausfluege\/","title":{"rendered":"Klassenfahrten u. Klassenausfl\u00fcge"},"content":{"rendered":"<div class=\"wp-block-image\">\n<figure class=\"aligncenter size-large is-resized\"><img loading=\"lazy\" decoding=\"async\" width=\"1024\" height=\"768\" src=\"https:\/\/bootwandern.de\/wp-content\/uploads\/2024\/04\/0030-P1010178-1024x768.jpg\" alt=\"\" class=\"wp-image-180\" style=\"aspect-ratio:4\/3;object-fit:cover;width:450px\" srcset=\"https:\/\/bootwandern.de\/wp-content\/uploads\/2024\/04\/0030-P1010178-1024x768.jpg 1024w, https:\/\/bootwandern.de\/wp-content\/uploads\/2024\/04\/0030-P1010178-300x225.jpg 300w, https:\/\/bootwandern.de\/wp-content\/uploads\/2024\/04\/0030-P1010178-768x576.jpg 768w, https:\/\/bootwandern.de\/wp-content\/uploads\/2024\/04\/0030-P1010178-1536x1152.jpg 1536w, https:\/\/bootwandern.de\/wp-content\/uploads\/2024\/04\/0030-P1010178.jpg 2048w\" sizes=\"auto, (max-width: 706px) 89vw, (max-width: 767px) 82vw, 740px\" \/><\/figure>\n<\/div>\n\n\n<p>Hier finden Sie Planungshinweise f\u00fcr Lehrkr\u00e4fte zur Durchf\u00fchrung einer Kanutour als Klassenausflug.<\/p>\n\n\n\n<h2 class=\"wp-block-heading\">Die Seiten geben zu folgenden Themen Auskunft:<\/h2>\n\n\n\n<ul class=\"wp-block-list\">\n<li>Grundlagen f\u00fcr eine Klassenfahrt mit dem Kanu<\/li>\n\n\n\n<li>Sicherheitsaspekte bei Kanutouren mit einer Schulklasse<\/li>\n\n\n\n<li>Bootsmaterial und Ausr\u00fcstung<\/li>\n\n\n\n<li>Gew\u00e4sserwahl<\/li>\n\n\n\n<li>Streckenl\u00e4nge bei Kanuwanderfahrten mit Sch\u00fclern<\/li>\n\n\n\n<li>Erkundungsfahrt<\/li>\n\n\n\n<li>Kanulehrgang<\/li>\n<\/ul>\n","protected":false},"excerpt":{"rendered":"<p>Hier finden Sie Planungshinweise f\u00fcr Lehrkr\u00e4fte zur Durchf\u00fchrung einer Kanutour als Klassenausflug. Die Seiten geben zu folgenden Themen Auskunft:<\/p>\n","protected":false},"author":1,"featured_media":0,"parent":0,"menu_order":0,"comment_status":"closed","ping_status":"closed","template":"","meta":{"footnotes":""},"class_list":["post-194","page","type-page","status-publish","hentry"],"yoast_head":"<!-- This site is optimized with the Yoast SEO plugin v27.2 - https:\/\/yoast.com\/product\/yoast-seo-wordpress\/ -->\n<title>Klassenfahrten u. Klassenausfl\u00fcge - Kanutouren am Regen<\/title>\n<meta name=\"robots\" content=\"index, follow, max-snippet:-1, max-image-preview:large, max-video-preview:-1\" \/>\n<link rel=\"canonical\" href=\"https:\/\/bootwandern.de\/index.php\/klassenfahrten-u-klassenausfluege\/\" \/>\n<meta property=\"og:locale\" content=\"de_DE\" \/>\n<meta property=\"og:type\" content=\"article\" \/>\n<meta property=\"og:title\" content=\"Klassenfahrten u. Klassenausfl\u00fcge - Kanutouren am Regen\" \/>\n<meta property=\"og:description\" content=\"Hier finden Sie Planungshinweise f\u00fcr Lehrkr\u00e4fte zur Durchf\u00fchrung einer Kanutour als Klassenausflug. Die Seiten geben zu folgenden Themen Auskunft:\" \/>\n<meta property=\"og:url\" content=\"https:\/\/bootwandern.de\/index.php\/klassenfahrten-u-klassenausfluege\/\" \/>\n<meta property=\"og:site_name\" content=\"Kanutouren am Regen\" \/>\n<meta property=\"article:modified_time\" content=\"2024-04-20T15:35:28+00:00\" \/>\n<meta property=\"og:image\" content=\"https:\/\/bootwandern.de\/wp-content\/uploads\/2024\/04\/0030-P1010178-1024x768.jpg\" \/>\n<meta name=\"twitter:card\" content=\"summary_large_image\" \/>\n<meta name=\"twitter:label1\" content=\"Gesch\u00e4tzte Lesezeit\" \/>\n\t<meta name=\"twitter:data1\" content=\"1\u00a0Minute\" \/>\n<script type=\"application\/ld+json\" class=\"yoast-schema-graph\">{\"@context\":\"https:\/\/schema.org\",\"@graph\":[{\"@type\":\"WebPage\",\"@id\":\"https:\/\/bootwandern.de\/index.php\/klassenfahrten-u-klassenausfluege\/\",\"url\":\"https:\/\/bootwandern.de\/index.php\/klassenfahrten-u-klassenausfluege\/\",\"name\":\"Klassenfahrten u. Klassenausfl\u00fcge - Kanutouren am Regen\",\"isPartOf\":{\"@id\":\"https:\/\/bootwandern.de\/#website\"},\"primaryImageOfPage\":{\"@id\":\"https:\/\/bootwandern.de\/index.php\/klassenfahrten-u-klassenausfluege\/#primaryimage\"},\"image\":{\"@id\":\"https:\/\/bootwandern.de\/index.php\/klassenfahrten-u-klassenausfluege\/#primaryimage\"},\"thumbnailUrl\":\"https:\/\/bootwandern.de\/wp-content\/uploads\/2024\/04\/0030-P1010178-1024x768.jpg\",\"datePublished\":\"2024-04-20T13:21:46+00:00\",\"dateModified\":\"2024-04-20T15:35:28+00:00\",\"breadcrumb\":{\"@id\":\"https:\/\/bootwandern.de\/index.php\/klassenfahrten-u-klassenausfluege\/#breadcrumb\"},\"inLanguage\":\"de\",\"potentialAction\":[{\"@type\":\"ReadAction\",\"target\":[\"https:\/\/bootwandern.de\/index.php\/klassenfahrten-u-klassenausfluege\/\"]}]},{\"@type\":\"ImageObject\",\"inLanguage\":\"de\",\"@id\":\"https:\/\/bootwandern.de\/index.php\/klassenfahrten-u-klassenausfluege\/#primaryimage\",\"url\":\"https:\/\/bootwandern.de\/wp-content\/uploads\/2024\/04\/0030-P1010178.jpg\",\"contentUrl\":\"https:\/\/bootwandern.de\/wp-content\/uploads\/2024\/04\/0030-P1010178.jpg\",\"width\":2048,\"height\":1536},{\"@type\":\"BreadcrumbList\",\"@id\":\"https:\/\/bootwandern.de\/index.php\/klassenfahrten-u-klassenausfluege\/#breadcrumb\",\"itemListElement\":[{\"@type\":\"ListItem\",\"position\":1,\"name\":\"Startseite\",\"item\":\"https:\/\/bootwandern.de\/\"},{\"@type\":\"ListItem\",\"position\":2,\"name\":\"Klassenfahrten u. Klassenausfl\u00fcge\"}]},{\"@type\":\"WebSite\",\"@id\":\"https:\/\/bootwandern.de\/#website\",\"url\":\"https:\/\/bootwandern.de\/\",\"name\":\"Kanutouren am Regen\",\"description\":\"Allgemeine Beschreibung\",\"publisher\":{\"@id\":\"https:\/\/bootwandern.de\/#organization\"},\"potentialAction\":[{\"@type\":\"SearchAction\",\"target\":{\"@type\":\"EntryPoint\",\"urlTemplate\":\"https:\/\/bootwandern.de\/?s={search_term_string}\"},\"query-input\":{\"@type\":\"PropertyValueSpecification\",\"valueRequired\":true,\"valueName\":\"search_term_string\"}}],\"inLanguage\":\"de\"},{\"@type\":\"Organization\",\"@id\":\"https:\/\/bootwandern.de\/#organization\",\"name\":\"Kanutouren am Regen\",\"url\":\"https:\/\/bootwandern.de\/\",\"logo\":{\"@type\":\"ImageObject\",\"inLanguage\":\"de\",\"@id\":\"https:\/\/bootwandern.de\/#\/schema\/logo\/image\/\",\"url\":\"https:\/\/bootwandern.de\/wp-content\/uploads\/2024\/02\/cropped-Logo_Regental-Kanu.gif\",\"contentUrl\":\"https:\/\/bootwandern.de\/wp-content\/uploads\/2024\/02\/cropped-Logo_Regental-Kanu.gif\",\"width\":442,\"height\":250,\"caption\":\"Kanutouren am Regen\"},\"image\":{\"@id\":\"https:\/\/bootwandern.de\/#\/schema\/logo\/image\/\"}}]}<\/script>\n<!-- \/ Yoast SEO plugin. -->","yoast_head_json":{"title":"Klassenfahrten u. Klassenausfl\u00fcge - Kanutouren am Regen","robots":{"index":"index","follow":"follow","max-snippet":"max-snippet:-1","max-image-preview":"max-image-preview:large","max-video-preview":"max-video-preview:-1"},"canonical":"https:\/\/bootwandern.de\/index.php\/klassenfahrten-u-klassenausfluege\/","og_locale":"de_DE","og_type":"article","og_title":"Klassenfahrten u. Klassenausfl\u00fcge - Kanutouren am Regen","og_description":"Hier finden Sie Planungshinweise f\u00fcr Lehrkr\u00e4fte zur Durchf\u00fchrung einer Kanutour als Klassenausflug. Die Seiten geben zu folgenden Themen Auskunft:","og_url":"https:\/\/bootwandern.de\/index.php\/klassenfahrten-u-klassenausfluege\/","og_site_name":"Kanutouren am Regen","article_modified_time":"2024-04-20T15:35:28+00:00","og_image":[{"url":"https:\/\/bootwandern.de\/wp-content\/uploads\/2024\/04\/0030-P1010178-1024x768.jpg","type":"","width":"","height":""}],"twitter_card":"summary_large_image","twitter_misc":{"Gesch\u00e4tzte Lesezeit":"1\u00a0Minute"},"schema":{"@context":"https:\/\/schema.org","@graph":[{"@type":"WebPage","@id":"https:\/\/bootwandern.de\/index.php\/klassenfahrten-u-klassenausfluege\/","url":"https:\/\/bootwandern.de\/index.php\/klassenfahrten-u-klassenausfluege\/","name":"Klassenfahrten u. Klassenausfl\u00fcge - Kanutouren am Regen","isPartOf":{"@id":"https:\/\/bootwandern.de\/#website"},"primaryImageOfPage":{"@id":"https:\/\/bootwandern.de\/index.php\/klassenfahrten-u-klassenausfluege\/#primaryimage"},"image":{"@id":"https:\/\/bootwandern.de\/index.php\/klassenfahrten-u-klassenausfluege\/#primaryimage"},"thumbnailUrl":"https:\/\/bootwandern.de\/wp-content\/uploads\/2024\/04\/0030-P1010178-1024x768.jpg","datePublished":"2024-04-20T13:21:46+00:00","dateModified":"2024-04-20T15:35:28+00:00","breadcrumb":{"@id":"https:\/\/bootwandern.de\/index.php\/klassenfahrten-u-klassenausfluege\/#breadcrumb"},"inLanguage":"de","potentialAction":[{"@type":"ReadAction","target":["https:\/\/bootwandern.de\/index.php\/klassenfahrten-u-klassenausfluege\/"]}]},{"@type":"ImageObject","inLanguage":"de","@id":"https:\/\/bootwandern.de\/index.php\/klassenfahrten-u-klassenausfluege\/#primaryimage","url":"https:\/\/bootwandern.de\/wp-content\/uploads\/2024\/04\/0030-P1010178.jpg","contentUrl":"https:\/\/bootwandern.de\/wp-content\/uploads\/2024\/04\/0030-P1010178.jpg","width":2048,"height":1536},{"@type":"BreadcrumbList","@id":"https:\/\/bootwandern.de\/index.php\/klassenfahrten-u-klassenausfluege\/#breadcrumb","itemListElement":[{"@type":"ListItem","position":1,"name":"Startseite","item":"https:\/\/bootwandern.de\/"},{"@type":"ListItem","position":2,"name":"Klassenfahrten u. Klassenausfl\u00fcge"}]},{"@type":"WebSite","@id":"https:\/\/bootwandern.de\/#website","url":"https:\/\/bootwandern.de\/","name":"Kanutouren am Regen","description":"Allgemeine Beschreibung","publisher":{"@id":"https:\/\/bootwandern.de\/#organization"},"potentialAction":[{"@type":"SearchAction","target":{"@type":"EntryPoint","urlTemplate":"https:\/\/bootwandern.de\/?s={search_term_string}"},"query-input":{"@type":"PropertyValueSpecification","valueRequired":true,"valueName":"search_term_string"}}],"inLanguage":"de"},{"@type":"Organization","@id":"https:\/\/bootwandern.de\/#organization","name":"Kanutouren am Regen","url":"https:\/\/bootwandern.de\/","logo":{"@type":"ImageObject","inLanguage":"de","@id":"https:\/\/bootwandern.de\/#\/schema\/logo\/image\/","url":"https:\/\/bootwandern.de\/wp-content\/uploads\/2024\/02\/cropped-Logo_Regental-Kanu.gif","contentUrl":"https:\/\/bootwandern.de\/wp-content\/uploads\/2024\/02\/cropped-Logo_Regental-Kanu.gif","width":442,"height":250,"caption":"Kanutouren am Regen"},"image":{"@id":"https:\/\/bootwandern.de\/#\/schema\/logo\/image\/"}}]}},"_links":{"self":[{"href":"https:\/\/bootwandern.de\/index.php\/wp-json\/wp\/v2\/pages\/194","targetHints":{"allow":["GET"]}}],"collection":[{"href":"https:\/\/bootwandern.de\/index.php\/wp-json\/wp\/v2\/pages"}],"about":[{"href":"https:\/\/bootwandern.de\/index.php\/wp-json\/wp\/v2\/types\/page"}],"author":[{"embeddable":true,"href":"https:\/\/bootwandern.de\/index.php\/wp-json\/wp\/v2\/users\/1"}],"replies":[{"embeddable":true,"href":"https:\/\/bootwandern.de\/index.php\/wp-json\/wp\/v2\/comments?post=194"}],"version-history":[{"count":2,"href":"https:\/\/bootwandern.de\/index.php\/wp-json\/wp\/v2\/pages\/194\/revisions"}],"predecessor-version":[{"id":203,"href":"https:\/\/bootwandern.de\/index.php\/wp-json\/wp\/v2\/pages\/194\/revisions\/203"}],"wp:attachment":[{"href":"https:\/\/bootwandern.de\/index.php\/wp-json\/wp\/v2\/media?parent=194"}],"curies":[{"name":"wp","href":"https:\/\/api.w.org\/{rel}","templated":true}]}}