{"id":199,"date":"2024-04-20T15:17:11","date_gmt":"2024-04-20T15:17:11","guid":{"rendered":"https:\/\/bootwandern.de\/?page_id=199"},"modified":"2024-04-21T09:04:25","modified_gmt":"2024-04-21T09:04:25","slug":"kanuwanderfahrten-mit-der-schulklasse","status":"publish","type":"page","link":"https:\/\/bootwandern.de\/index.php\/kanuwanderfahrten-mit-der-schulklasse\/","title":{"rendered":"Kanuwanderfahrten mit der Schulklasse"},"content":{"rendered":"\n<h3 class=\"wp-block-heading\">Was spricht f\u00fcr eine Kanutour mit Sch\u00fclern<\/h3>\n\n\n\n<ul class=\"wp-block-list\">\n<li>Entwickeln einer Klassengemeinschaft durch ein gemeinsames Erlebnis.<\/li>\n\n\n\n<li>Lockern von festgefahrenen Sozialstrukturen und Rollenfixierungen des Schulalltages.<\/li>\n\n\n\n<li>Erschlie\u00dfen von Erlebnis- und Erfahrungsfeldern f\u00fcr die Schule:\n<ul class=\"wp-block-list\">\n<li>Planung und Organisation als schulbegleitende Gruppenarbeit,<\/li>\n\n\n\n<li>Verantwortungs\u00fcbertragung als Erziehungsaufgabe,<\/li>\n\n\n\n<li>Auspr\u00e4gen eines Naturverst\u00e4ndnisses durch Natur erleben,<\/li>\n\n\n\n<li>erlebnisp\u00e4dagogische Inhalte.<\/li>\n<\/ul>\n<\/li>\n<\/ul>\n\n\n\n<figure class=\"wp-block-image size-large\"><img loading=\"lazy\" decoding=\"async\" width=\"1024\" height=\"680\" src=\"https:\/\/bootwandern.de\/wp-content\/uploads\/2024\/04\/DSC_0071-1024x680.jpg\" alt=\"\" class=\"wp-image-210\" srcset=\"https:\/\/bootwandern.de\/wp-content\/uploads\/2024\/04\/DSC_0071-1024x680.jpg 1024w, https:\/\/bootwandern.de\/wp-content\/uploads\/2024\/04\/DSC_0071-300x199.jpg 300w, https:\/\/bootwandern.de\/wp-content\/uploads\/2024\/04\/DSC_0071-768x510.jpg 768w, https:\/\/bootwandern.de\/wp-content\/uploads\/2024\/04\/DSC_0071.jpg 1072w\" sizes=\"auto, (max-width: 706px) 89vw, (max-width: 767px) 82vw, 740px\" \/><\/figure>\n\n\n\n<h3 class=\"wp-block-heading\">Planungshinweise oder wie geht man das Thema an?<\/h3>\n\n\n\n<p>In der Planung ist die Boots- und Ausr\u00fcstung zu organisieren, sowie dessen Transport. Grunds\u00e4tzlich ist ebenso zu kl\u00e4ren wie die Sch\u00fcler anreisen und ob w\u00e4hrend der Fahrt ein Begleitfahrzeug mitgef\u00fchrt wird.<\/p>\n\n\n\n<p>Wir unterst\u00fctzen Sie in allen drei Phasen der Durchf\u00fchrung einer Kanutour:<\/p>\n\n\n\n<ol class=\"wp-block-list\">\n<li>Vorbereitung<\/li>\n\n\n\n<li>Durchf\u00fchrung<\/li>\n\n\n\n<li>Nachbereitung \/ Reflexion<\/li>\n<\/ol>\n\n\n\n<p>Unsere Schwerpunkte bilden nat\u00fcrlich die ersten beiden Phasen.<\/p>\n","protected":false},"excerpt":{"rendered":"<p>Was spricht f\u00fcr eine Kanutour mit Sch\u00fclern Planungshinweise oder wie geht man das Thema an? In der Planung ist die Boots- und Ausr\u00fcstung zu organisieren, sowie dessen Transport. Grunds\u00e4tzlich ist ebenso zu kl\u00e4ren wie die Sch\u00fcler anreisen und ob w\u00e4hrend der Fahrt ein Begleitfahrzeug mitgef\u00fchrt wird. Wir unterst\u00fctzen Sie in allen drei Phasen der Durchf\u00fchrung &hellip; <\/p>\n<p class=\"link-more\"><a href=\"https:\/\/bootwandern.de\/index.php\/kanuwanderfahrten-mit-der-schulklasse\/\" class=\"more-link\"><span class=\"screen-reader-text\">\u201eKanuwanderfahrten mit der Schulklasse\u201c <\/span>weiterlesen<\/a><\/p>\n","protected":false},"author":1,"featured_media":0,"parent":0,"menu_order":0,"comment_status":"closed","ping_status":"closed","template":"","meta":{"footnotes":""},"class_list":["post-199","page","type-page","status-publish","hentry"],"yoast_head":"<!-- This site is optimized with the Yoast SEO plugin v27.2 - https:\/\/yoast.com\/product\/yoast-seo-wordpress\/ -->\n<title>Kanuwanderfahrten mit der Schulklasse - Kanutouren am Regen<\/title>\n<meta name=\"robots\" content=\"index, follow, max-snippet:-1, max-image-preview:large, max-video-preview:-1\" \/>\n<link rel=\"canonical\" href=\"https:\/\/bootwandern.de\/index.php\/kanuwanderfahrten-mit-der-schulklasse\/\" \/>\n<meta property=\"og:locale\" content=\"de_DE\" \/>\n<meta property=\"og:type\" content=\"article\" \/>\n<meta property=\"og:title\" content=\"Kanuwanderfahrten mit der Schulklasse - Kanutouren am Regen\" \/>\n<meta property=\"og:description\" content=\"Was spricht f\u00fcr eine Kanutour mit Sch\u00fclern Planungshinweise oder wie geht man das Thema an? In der Planung ist die Boots- und Ausr\u00fcstung zu organisieren, sowie dessen Transport. Grunds\u00e4tzlich ist ebenso zu kl\u00e4ren wie die Sch\u00fcler anreisen und ob w\u00e4hrend der Fahrt ein Begleitfahrzeug mitgef\u00fchrt wird. Wir unterst\u00fctzen Sie in allen drei Phasen der Durchf\u00fchrung &hellip; \u201eKanuwanderfahrten mit der Schulklasse\u201c weiterlesen\" \/>\n<meta property=\"og:url\" content=\"https:\/\/bootwandern.de\/index.php\/kanuwanderfahrten-mit-der-schulklasse\/\" \/>\n<meta property=\"og:site_name\" content=\"Kanutouren am Regen\" \/>\n<meta property=\"article:modified_time\" content=\"2024-04-21T09:04:25+00:00\" \/>\n<meta property=\"og:image\" content=\"https:\/\/bootwandern.de\/wp-content\/uploads\/2024\/04\/DSC_0071-1024x680.jpg\" \/>\n<meta name=\"twitter:card\" content=\"summary_large_image\" \/>\n<meta name=\"twitter:label1\" content=\"Gesch\u00e4tzte Lesezeit\" \/>\n\t<meta name=\"twitter:data1\" content=\"1\u00a0Minute\" \/>\n<script type=\"application\/ld+json\" class=\"yoast-schema-graph\">{\"@context\":\"https:\/\/schema.org\",\"@graph\":[{\"@type\":\"WebPage\",\"@id\":\"https:\/\/bootwandern.de\/index.php\/kanuwanderfahrten-mit-der-schulklasse\/\",\"url\":\"https:\/\/bootwandern.de\/index.php\/kanuwanderfahrten-mit-der-schulklasse\/\",\"name\":\"Kanuwanderfahrten mit der Schulklasse - Kanutouren am Regen\",\"isPartOf\":{\"@id\":\"https:\/\/bootwandern.de\/#website\"},\"primaryImageOfPage\":{\"@id\":\"https:\/\/bootwandern.de\/index.php\/kanuwanderfahrten-mit-der-schulklasse\/#primaryimage\"},\"image\":{\"@id\":\"https:\/\/bootwandern.de\/index.php\/kanuwanderfahrten-mit-der-schulklasse\/#primaryimage\"},\"thumbnailUrl\":\"https:\/\/bootwandern.de\/wp-content\/uploads\/2024\/04\/DSC_0071-1024x680.jpg\",\"datePublished\":\"2024-04-20T15:17:11+00:00\",\"dateModified\":\"2024-04-21T09:04:25+00:00\",\"breadcrumb\":{\"@id\":\"https:\/\/bootwandern.de\/index.php\/kanuwanderfahrten-mit-der-schulklasse\/#breadcrumb\"},\"inLanguage\":\"de\",\"potentialAction\":[{\"@type\":\"ReadAction\",\"target\":[\"https:\/\/bootwandern.de\/index.php\/kanuwanderfahrten-mit-der-schulklasse\/\"]}]},{\"@type\":\"ImageObject\",\"inLanguage\":\"de\",\"@id\":\"https:\/\/bootwandern.de\/index.php\/kanuwanderfahrten-mit-der-schulklasse\/#primaryimage\",\"url\":\"https:\/\/bootwandern.de\/wp-content\/uploads\/2024\/04\/DSC_0071.jpg\",\"contentUrl\":\"https:\/\/bootwandern.de\/wp-content\/uploads\/2024\/04\/DSC_0071.jpg\",\"width\":1072,\"height\":712},{\"@type\":\"BreadcrumbList\",\"@id\":\"https:\/\/bootwandern.de\/index.php\/kanuwanderfahrten-mit-der-schulklasse\/#breadcrumb\",\"itemListElement\":[{\"@type\":\"ListItem\",\"position\":1,\"name\":\"Startseite\",\"item\":\"https:\/\/bootwandern.de\/\"},{\"@type\":\"ListItem\",\"position\":2,\"name\":\"Kanuwanderfahrten mit der Schulklasse\"}]},{\"@type\":\"WebSite\",\"@id\":\"https:\/\/bootwandern.de\/#website\",\"url\":\"https:\/\/bootwandern.de\/\",\"name\":\"Kanutouren am Regen\",\"description\":\"Allgemeine Beschreibung\",\"publisher\":{\"@id\":\"https:\/\/bootwandern.de\/#organization\"},\"potentialAction\":[{\"@type\":\"SearchAction\",\"target\":{\"@type\":\"EntryPoint\",\"urlTemplate\":\"https:\/\/bootwandern.de\/?s={search_term_string}\"},\"query-input\":{\"@type\":\"PropertyValueSpecification\",\"valueRequired\":true,\"valueName\":\"search_term_string\"}}],\"inLanguage\":\"de\"},{\"@type\":\"Organization\",\"@id\":\"https:\/\/bootwandern.de\/#organization\",\"name\":\"Kanutouren am Regen\",\"url\":\"https:\/\/bootwandern.de\/\",\"logo\":{\"@type\":\"ImageObject\",\"inLanguage\":\"de\",\"@id\":\"https:\/\/bootwandern.de\/#\/schema\/logo\/image\/\",\"url\":\"https:\/\/bootwandern.de\/wp-content\/uploads\/2024\/02\/cropped-Logo_Regental-Kanu.gif\",\"contentUrl\":\"https:\/\/bootwandern.de\/wp-content\/uploads\/2024\/02\/cropped-Logo_Regental-Kanu.gif\",\"width\":442,\"height\":250,\"caption\":\"Kanutouren am Regen\"},\"image\":{\"@id\":\"https:\/\/bootwandern.de\/#\/schema\/logo\/image\/\"}}]}<\/script>\n<!-- \/ Yoast SEO plugin. -->","yoast_head_json":{"title":"Kanuwanderfahrten mit der Schulklasse - Kanutouren am Regen","robots":{"index":"index","follow":"follow","max-snippet":"max-snippet:-1","max-image-preview":"max-image-preview:large","max-video-preview":"max-video-preview:-1"},"canonical":"https:\/\/bootwandern.de\/index.php\/kanuwanderfahrten-mit-der-schulklasse\/","og_locale":"de_DE","og_type":"article","og_title":"Kanuwanderfahrten mit der Schulklasse - Kanutouren am Regen","og_description":"Was spricht f\u00fcr eine Kanutour mit Sch\u00fclern Planungshinweise oder wie geht man das Thema an? In der Planung ist die Boots- und Ausr\u00fcstung zu organisieren, sowie dessen Transport. Grunds\u00e4tzlich ist ebenso zu kl\u00e4ren wie die Sch\u00fcler anreisen und ob w\u00e4hrend der Fahrt ein Begleitfahrzeug mitgef\u00fchrt wird. Wir unterst\u00fctzen Sie in allen drei Phasen der Durchf\u00fchrung &hellip; \u201eKanuwanderfahrten mit der Schulklasse\u201c weiterlesen","og_url":"https:\/\/bootwandern.de\/index.php\/kanuwanderfahrten-mit-der-schulklasse\/","og_site_name":"Kanutouren am Regen","article_modified_time":"2024-04-21T09:04:25+00:00","og_image":[{"url":"https:\/\/bootwandern.de\/wp-content\/uploads\/2024\/04\/DSC_0071-1024x680.jpg","type":"","width":"","height":""}],"twitter_card":"summary_large_image","twitter_misc":{"Gesch\u00e4tzte Lesezeit":"1\u00a0Minute"},"schema":{"@context":"https:\/\/schema.org","@graph":[{"@type":"WebPage","@id":"https:\/\/bootwandern.de\/index.php\/kanuwanderfahrten-mit-der-schulklasse\/","url":"https:\/\/bootwandern.de\/index.php\/kanuwanderfahrten-mit-der-schulklasse\/","name":"Kanuwanderfahrten mit der Schulklasse - Kanutouren am Regen","isPartOf":{"@id":"https:\/\/bootwandern.de\/#website"},"primaryImageOfPage":{"@id":"https:\/\/bootwandern.de\/index.php\/kanuwanderfahrten-mit-der-schulklasse\/#primaryimage"},"image":{"@id":"https:\/\/bootwandern.de\/index.php\/kanuwanderfahrten-mit-der-schulklasse\/#primaryimage"},"thumbnailUrl":"https:\/\/bootwandern.de\/wp-content\/uploads\/2024\/04\/DSC_0071-1024x680.jpg","datePublished":"2024-04-20T15:17:11+00:00","dateModified":"2024-04-21T09:04:25+00:00","breadcrumb":{"@id":"https:\/\/bootwandern.de\/index.php\/kanuwanderfahrten-mit-der-schulklasse\/#breadcrumb"},"inLanguage":"de","potentialAction":[{"@type":"ReadAction","target":["https:\/\/bootwandern.de\/index.php\/kanuwanderfahrten-mit-der-schulklasse\/"]}]},{"@type":"ImageObject","inLanguage":"de","@id":"https:\/\/bootwandern.de\/index.php\/kanuwanderfahrten-mit-der-schulklasse\/#primaryimage","url":"https:\/\/bootwandern.de\/wp-content\/uploads\/2024\/04\/DSC_0071.jpg","contentUrl":"https:\/\/bootwandern.de\/wp-content\/uploads\/2024\/04\/DSC_0071.jpg","width":1072,"height":712},{"@type":"BreadcrumbList","@id":"https:\/\/bootwandern.de\/index.php\/kanuwanderfahrten-mit-der-schulklasse\/#breadcrumb","itemListElement":[{"@type":"ListItem","position":1,"name":"Startseite","item":"https:\/\/bootwandern.de\/"},{"@type":"ListItem","position":2,"name":"Kanuwanderfahrten mit der Schulklasse"}]},{"@type":"WebSite","@id":"https:\/\/bootwandern.de\/#website","url":"https:\/\/bootwandern.de\/","name":"Kanutouren am Regen","description":"Allgemeine Beschreibung","publisher":{"@id":"https:\/\/bootwandern.de\/#organization"},"potentialAction":[{"@type":"SearchAction","target":{"@type":"EntryPoint","urlTemplate":"https:\/\/bootwandern.de\/?s={search_term_string}"},"query-input":{"@type":"PropertyValueSpecification","valueRequired":true,"valueName":"search_term_string"}}],"inLanguage":"de"},{"@type":"Organization","@id":"https:\/\/bootwandern.de\/#organization","name":"Kanutouren am Regen","url":"https:\/\/bootwandern.de\/","logo":{"@type":"ImageObject","inLanguage":"de","@id":"https:\/\/bootwandern.de\/#\/schema\/logo\/image\/","url":"https:\/\/bootwandern.de\/wp-content\/uploads\/2024\/02\/cropped-Logo_Regental-Kanu.gif","contentUrl":"https:\/\/bootwandern.de\/wp-content\/uploads\/2024\/02\/cropped-Logo_Regental-Kanu.gif","width":442,"height":250,"caption":"Kanutouren am Regen"},"image":{"@id":"https:\/\/bootwandern.de\/#\/schema\/logo\/image\/"}}]}},"_links":{"self":[{"href":"https:\/\/bootwandern.de\/index.php\/wp-json\/wp\/v2\/pages\/199","targetHints":{"allow":["GET"]}}],"collection":[{"href":"https:\/\/bootwandern.de\/index.php\/wp-json\/wp\/v2\/pages"}],"about":[{"href":"https:\/\/bootwandern.de\/index.php\/wp-json\/wp\/v2\/types\/page"}],"author":[{"embeddable":true,"href":"https:\/\/bootwandern.de\/index.php\/wp-json\/wp\/v2\/users\/1"}],"replies":[{"embeddable":true,"href":"https:\/\/bootwandern.de\/index.php\/wp-json\/wp\/v2\/comments?post=199"}],"version-history":[{"count":2,"href":"https:\/\/bootwandern.de\/index.php\/wp-json\/wp\/v2\/pages\/199\/revisions"}],"predecessor-version":[{"id":211,"href":"https:\/\/bootwandern.de\/index.php\/wp-json\/wp\/v2\/pages\/199\/revisions\/211"}],"wp:attachment":[{"href":"https:\/\/bootwandern.de\/index.php\/wp-json\/wp\/v2\/media?parent=199"}],"curies":[{"name":"wp","href":"https:\/\/api.w.org\/{rel}","templated":true}]}}