{"id":204,"date":"2024-04-20T15:50:51","date_gmt":"2024-04-20T15:50:51","guid":{"rendered":"https:\/\/bootwandern.de\/?page_id=204"},"modified":"2024-04-21T09:01:58","modified_gmt":"2024-04-21T09:01:58","slug":"grundlagen-fuer-eine-klassenfahrt-mit-dem-kanu","status":"publish","type":"page","link":"https:\/\/bootwandern.de\/index.php\/grundlagen-fuer-eine-klassenfahrt-mit-dem-kanu\/","title":{"rendered":"Grundlagen f\u00fcr eine Klassenfahrt mit dem Kanu"},"content":{"rendered":"\n<h3 class=\"wp-block-heading\">F\u00fchren Sie Vorgespr\u00e4che bez\u00fcglich der Motivation und den Erwartungen.<\/h3>\n\n\n\n<ul class=\"wp-block-list\">\n<li>Welche Vorstellungen \u00fcber den Ablauf einer Kanutour existiert in der Klasse.<\/li>\n\n\n\n<li>Ber\u00fccksichtigen Sie die Gegebenheiten bez\u00fcglich\n<ul class=\"wp-block-list\">\n<li>der Schule,<\/li>\n\n\n\n<li>dem Schulort,<\/li>\n\n\n\n<li>der Klassengr\u00f6\u00dfe und<\/li>\n\n\n\n<li>der Klassenzusammensetzung, sowie<\/li>\n\n\n\n<li>der Kosten.<\/li>\n<\/ul>\n<\/li>\n\n\n\n<li>K\u00f6nnen Sie auf Lehrkr\u00e4fte mit Erfahrung zur\u00fcckgreifen?<\/li>\n<\/ul>\n\n\n\n<h2 class=\"wp-block-heading\">Existieren Erfahrungen in folgenden Bereichen:<\/h2>\n\n\n\n<ul class=\"wp-block-list\">\n<li>Kanutouren,<\/li>\n\n\n\n<li>Aktive Vorbereitung (Kanu-Grundschule, Erkundungsfahrt, &#8230;).<\/li>\n\n\n\n<li>Erste Hilfe, Rettungsschwimmer,<\/li>\n\n\n\n<li>Lagerleben (selber kochen, wer kocht was, Essen gehen, &#8230;),<\/li>\n\n\n\n<li>Zelten,<\/li>\n\n\n\n<li>Organisation von Klassenfahrten (Anreise Bus\/Bahn, Reservierungen, &#8230;),<\/li>\n\n\n\n<li>Begleitfahrzeug w\u00e4hrend der Tour<br>(Vorteile: Besichtigungen, Gep\u00e4cktransport,&#8230;; Nachteile: Kosten, &#8230;).<\/li>\n<\/ul>\n\n\n\n<h2 class=\"wp-block-heading\">Gesetzliche Regelungen in Ihrem Bundesland<\/h2>\n\n\n\n<ul class=\"wp-block-list\">\n<li>Ben\u00f6tigen Sie im Kanu-Bereich ausgebildete Lehrkr\u00e4fte oder reichen Sportlehrer?<\/li>\n\n\n\n<li>Ben\u00f6tigen Sie bei gemischten Klassen weibliche und m\u00e4nnliche Begleitpersonen?<\/li>\n\n\n\n<li>Sind Ihre Sch\u00fcler bereits vollj\u00e4hrig, oder ben\u00f6tigen Sie eine Einverst\u00e4ndniserkl\u00e4rung der Eltern?<\/li>\n\n\n\n<li>Ben\u00f6tigen Sie eine Gruppenversicherung (Beachten Sie bei einer Gruppenversicherung, dass bei vielen Versicherungen gemietete Gegenst\u00e4nde ausgeschlossen sind).<\/li>\n\n\n\n<li>Ben\u00f6tigen Sie eine Projektarbeit (z. B. naturkundliche Ausarbeitung).<\/li>\n<\/ul>\n\n\n\n<h2 class=\"wp-block-heading\">Welche Gew\u00e4sser kommen f\u00fcr Sie in Frage.<\/h2>\n\n\n\n<ul class=\"wp-block-list\">\n<li>K\u00fcstenbefahrung<br>(Seekajaks, nur mit Veranstalter mit entsprechender Sicherheitsbetreuung empfohlen),<\/li>\n\n\n\n<li>Kanutour auf Seen (Schweden, Erfahrung der Lehrkr\u00e4fte notwendig),<\/li>\n\n\n\n<li>Kanutour auf Wanderfl\u00fcssen (Regen, Lahn,&#8230;),<\/li>\n\n\n\n<li>Wildwassertour<br>(f\u00fcr eine Schulklasse nicht zu empfehlen).<\/li>\n<\/ul>\n","protected":false},"excerpt":{"rendered":"<p>F\u00fchren Sie Vorgespr\u00e4che bez\u00fcglich der Motivation und den Erwartungen. Existieren Erfahrungen in folgenden Bereichen: Gesetzliche Regelungen in Ihrem Bundesland Welche Gew\u00e4sser kommen f\u00fcr Sie in Frage.<\/p>\n","protected":false},"author":1,"featured_media":0,"parent":0,"menu_order":0,"comment_status":"closed","ping_status":"closed","template":"","meta":{"footnotes":""},"class_list":["post-204","page","type-page","status-publish","hentry"],"yoast_head":"<!-- This site is optimized with the Yoast SEO plugin v27.2 - https:\/\/yoast.com\/product\/yoast-seo-wordpress\/ -->\n<title>Grundlagen f\u00fcr eine Klassenfahrt mit dem Kanu - Kanutouren am Regen<\/title>\n<meta name=\"robots\" content=\"index, follow, max-snippet:-1, max-image-preview:large, max-video-preview:-1\" \/>\n<link rel=\"canonical\" href=\"https:\/\/bootwandern.de\/index.php\/grundlagen-fuer-eine-klassenfahrt-mit-dem-kanu\/\" \/>\n<meta property=\"og:locale\" content=\"de_DE\" \/>\n<meta property=\"og:type\" content=\"article\" \/>\n<meta property=\"og:title\" content=\"Grundlagen f\u00fcr eine Klassenfahrt mit dem Kanu - Kanutouren am Regen\" \/>\n<meta property=\"og:description\" content=\"F\u00fchren Sie Vorgespr\u00e4che bez\u00fcglich der Motivation und den Erwartungen. Existieren Erfahrungen in folgenden Bereichen: Gesetzliche Regelungen in Ihrem Bundesland Welche Gew\u00e4sser kommen f\u00fcr Sie in Frage.\" \/>\n<meta property=\"og:url\" content=\"https:\/\/bootwandern.de\/index.php\/grundlagen-fuer-eine-klassenfahrt-mit-dem-kanu\/\" \/>\n<meta property=\"og:site_name\" content=\"Kanutouren am Regen\" \/>\n<meta property=\"article:modified_time\" content=\"2024-04-21T09:01:58+00:00\" \/>\n<meta name=\"twitter:card\" content=\"summary_large_image\" \/>\n<meta name=\"twitter:label1\" content=\"Gesch\u00e4tzte Lesezeit\" \/>\n\t<meta name=\"twitter:data1\" content=\"1\u00a0Minute\" \/>\n<script type=\"application\/ld+json\" class=\"yoast-schema-graph\">{\"@context\":\"https:\/\/schema.org\",\"@graph\":[{\"@type\":\"WebPage\",\"@id\":\"https:\/\/bootwandern.de\/index.php\/grundlagen-fuer-eine-klassenfahrt-mit-dem-kanu\/\",\"url\":\"https:\/\/bootwandern.de\/index.php\/grundlagen-fuer-eine-klassenfahrt-mit-dem-kanu\/\",\"name\":\"Grundlagen f\u00fcr eine Klassenfahrt mit dem Kanu - Kanutouren am Regen\",\"isPartOf\":{\"@id\":\"https:\/\/bootwandern.de\/#website\"},\"datePublished\":\"2024-04-20T15:50:51+00:00\",\"dateModified\":\"2024-04-21T09:01:58+00:00\",\"breadcrumb\":{\"@id\":\"https:\/\/bootwandern.de\/index.php\/grundlagen-fuer-eine-klassenfahrt-mit-dem-kanu\/#breadcrumb\"},\"inLanguage\":\"de\",\"potentialAction\":[{\"@type\":\"ReadAction\",\"target\":[\"https:\/\/bootwandern.de\/index.php\/grundlagen-fuer-eine-klassenfahrt-mit-dem-kanu\/\"]}]},{\"@type\":\"BreadcrumbList\",\"@id\":\"https:\/\/bootwandern.de\/index.php\/grundlagen-fuer-eine-klassenfahrt-mit-dem-kanu\/#breadcrumb\",\"itemListElement\":[{\"@type\":\"ListItem\",\"position\":1,\"name\":\"Startseite\",\"item\":\"https:\/\/bootwandern.de\/\"},{\"@type\":\"ListItem\",\"position\":2,\"name\":\"Grundlagen f\u00fcr eine Klassenfahrt mit dem Kanu\"}]},{\"@type\":\"WebSite\",\"@id\":\"https:\/\/bootwandern.de\/#website\",\"url\":\"https:\/\/bootwandern.de\/\",\"name\":\"Kanutouren am Regen\",\"description\":\"Allgemeine Beschreibung\",\"publisher\":{\"@id\":\"https:\/\/bootwandern.de\/#organization\"},\"potentialAction\":[{\"@type\":\"SearchAction\",\"target\":{\"@type\":\"EntryPoint\",\"urlTemplate\":\"https:\/\/bootwandern.de\/?s={search_term_string}\"},\"query-input\":{\"@type\":\"PropertyValueSpecification\",\"valueRequired\":true,\"valueName\":\"search_term_string\"}}],\"inLanguage\":\"de\"},{\"@type\":\"Organization\",\"@id\":\"https:\/\/bootwandern.de\/#organization\",\"name\":\"Kanutouren am Regen\",\"url\":\"https:\/\/bootwandern.de\/\",\"logo\":{\"@type\":\"ImageObject\",\"inLanguage\":\"de\",\"@id\":\"https:\/\/bootwandern.de\/#\/schema\/logo\/image\/\",\"url\":\"https:\/\/bootwandern.de\/wp-content\/uploads\/2024\/02\/cropped-Logo_Regental-Kanu.gif\",\"contentUrl\":\"https:\/\/bootwandern.de\/wp-content\/uploads\/2024\/02\/cropped-Logo_Regental-Kanu.gif\",\"width\":442,\"height\":250,\"caption\":\"Kanutouren am Regen\"},\"image\":{\"@id\":\"https:\/\/bootwandern.de\/#\/schema\/logo\/image\/\"}}]}<\/script>\n<!-- \/ Yoast SEO plugin. -->","yoast_head_json":{"title":"Grundlagen f\u00fcr eine Klassenfahrt mit dem Kanu - Kanutouren am Regen","robots":{"index":"index","follow":"follow","max-snippet":"max-snippet:-1","max-image-preview":"max-image-preview:large","max-video-preview":"max-video-preview:-1"},"canonical":"https:\/\/bootwandern.de\/index.php\/grundlagen-fuer-eine-klassenfahrt-mit-dem-kanu\/","og_locale":"de_DE","og_type":"article","og_title":"Grundlagen f\u00fcr eine Klassenfahrt mit dem Kanu - Kanutouren am Regen","og_description":"F\u00fchren Sie Vorgespr\u00e4che bez\u00fcglich der Motivation und den Erwartungen. Existieren Erfahrungen in folgenden Bereichen: Gesetzliche Regelungen in Ihrem Bundesland Welche Gew\u00e4sser kommen f\u00fcr Sie in Frage.","og_url":"https:\/\/bootwandern.de\/index.php\/grundlagen-fuer-eine-klassenfahrt-mit-dem-kanu\/","og_site_name":"Kanutouren am Regen","article_modified_time":"2024-04-21T09:01:58+00:00","twitter_card":"summary_large_image","twitter_misc":{"Gesch\u00e4tzte Lesezeit":"1\u00a0Minute"},"schema":{"@context":"https:\/\/schema.org","@graph":[{"@type":"WebPage","@id":"https:\/\/bootwandern.de\/index.php\/grundlagen-fuer-eine-klassenfahrt-mit-dem-kanu\/","url":"https:\/\/bootwandern.de\/index.php\/grundlagen-fuer-eine-klassenfahrt-mit-dem-kanu\/","name":"Grundlagen f\u00fcr eine Klassenfahrt mit dem Kanu - Kanutouren am Regen","isPartOf":{"@id":"https:\/\/bootwandern.de\/#website"},"datePublished":"2024-04-20T15:50:51+00:00","dateModified":"2024-04-21T09:01:58+00:00","breadcrumb":{"@id":"https:\/\/bootwandern.de\/index.php\/grundlagen-fuer-eine-klassenfahrt-mit-dem-kanu\/#breadcrumb"},"inLanguage":"de","potentialAction":[{"@type":"ReadAction","target":["https:\/\/bootwandern.de\/index.php\/grundlagen-fuer-eine-klassenfahrt-mit-dem-kanu\/"]}]},{"@type":"BreadcrumbList","@id":"https:\/\/bootwandern.de\/index.php\/grundlagen-fuer-eine-klassenfahrt-mit-dem-kanu\/#breadcrumb","itemListElement":[{"@type":"ListItem","position":1,"name":"Startseite","item":"https:\/\/bootwandern.de\/"},{"@type":"ListItem","position":2,"name":"Grundlagen f\u00fcr eine Klassenfahrt mit dem Kanu"}]},{"@type":"WebSite","@id":"https:\/\/bootwandern.de\/#website","url":"https:\/\/bootwandern.de\/","name":"Kanutouren am Regen","description":"Allgemeine Beschreibung","publisher":{"@id":"https:\/\/bootwandern.de\/#organization"},"potentialAction":[{"@type":"SearchAction","target":{"@type":"EntryPoint","urlTemplate":"https:\/\/bootwandern.de\/?s={search_term_string}"},"query-input":{"@type":"PropertyValueSpecification","valueRequired":true,"valueName":"search_term_string"}}],"inLanguage":"de"},{"@type":"Organization","@id":"https:\/\/bootwandern.de\/#organization","name":"Kanutouren am Regen","url":"https:\/\/bootwandern.de\/","logo":{"@type":"ImageObject","inLanguage":"de","@id":"https:\/\/bootwandern.de\/#\/schema\/logo\/image\/","url":"https:\/\/bootwandern.de\/wp-content\/uploads\/2024\/02\/cropped-Logo_Regental-Kanu.gif","contentUrl":"https:\/\/bootwandern.de\/wp-content\/uploads\/2024\/02\/cropped-Logo_Regental-Kanu.gif","width":442,"height":250,"caption":"Kanutouren am Regen"},"image":{"@id":"https:\/\/bootwandern.de\/#\/schema\/logo\/image\/"}}]}},"_links":{"self":[{"href":"https:\/\/bootwandern.de\/index.php\/wp-json\/wp\/v2\/pages\/204","targetHints":{"allow":["GET"]}}],"collection":[{"href":"https:\/\/bootwandern.de\/index.php\/wp-json\/wp\/v2\/pages"}],"about":[{"href":"https:\/\/bootwandern.de\/index.php\/wp-json\/wp\/v2\/types\/page"}],"author":[{"embeddable":true,"href":"https:\/\/bootwandern.de\/index.php\/wp-json\/wp\/v2\/users\/1"}],"replies":[{"embeddable":true,"href":"https:\/\/bootwandern.de\/index.php\/wp-json\/wp\/v2\/comments?post=204"}],"version-history":[{"count":2,"href":"https:\/\/bootwandern.de\/index.php\/wp-json\/wp\/v2\/pages\/204\/revisions"}],"predecessor-version":[{"id":208,"href":"https:\/\/bootwandern.de\/index.php\/wp-json\/wp\/v2\/pages\/204\/revisions\/208"}],"wp:attachment":[{"href":"https:\/\/bootwandern.de\/index.php\/wp-json\/wp\/v2\/media?parent=204"}],"curies":[{"name":"wp","href":"https:\/\/api.w.org\/{rel}","templated":true}]}}