{"id":217,"date":"2024-04-21T09:26:24","date_gmt":"2024-04-21T09:26:24","guid":{"rendered":"https:\/\/bootwandern.de\/?page_id=217"},"modified":"2024-04-21T09:26:25","modified_gmt":"2024-04-21T09:26:25","slug":"gewaesserwahl","status":"publish","type":"page","link":"https:\/\/bootwandern.de\/index.php\/gewaesserwahl\/","title":{"rendered":"Gew\u00e4sserwahl"},"content":{"rendered":"\n<h2 class=\"wp-block-heading\">Auswahlfaktoren f\u00fcr das richtige Gew\u00e4sser<\/h2>\n\n\n\n<h3 class=\"wp-block-heading\">Sicherheitsrelevante Faktoren<\/h3>\n\n\n\n<ul class=\"wp-block-list\">\n<li>Der Fluss sollte nicht zu gro\u00df sein.\n<ul class=\"wp-block-list\">\n<li>Nicht zu breit, denn je breiter, umso l\u00e4nger dauert es bis Sie bei einer Kenterung das Ufer erreichen.<\/li>\n\n\n\n<li>Nicht zu tief, denn je tiefer, umso weniger k\u00f6nnen Sie watend das Ufer erreichen.<\/li>\n\n\n\n<li>Nicht zu schnell flie\u00dfend, denn je schneller der Fluss flie\u00dft umso weniger k\u00f6nnen Sie gegen die Str\u00f6mung ausrichten.<\/li>\n<\/ul>\n<\/li>\n\n\n\n<li>Die Wassertemperatur sollte nicht zu kalt sein.<\/li>\n\n\n\n<li>Keine Verkehrsschifffahrt.<br>Nicht nur der Fahrbetrieb an sich ist gef\u00e4hrlich, auch die Wellen, die von den Schiffen verursacht werden sind nicht zu verachten.<\/li>\n\n\n\n<li>Wechselnder Pegelstand.\n<ul class=\"wp-block-list\">\n<li>Wie schnell kann sich der Pegel \u00e4ndern?<\/li>\n\n\n\n<li>Keine Kanutouren bei Hochwasser. Sobald der Fluss \u00fcber seine Ufer tritt kann jeder Baum und jeder Busch zu einem t\u00f6dlichen Hindernis werden.<\/li>\n\n\n\n<li>Auch die Str\u00f6mung steigt mit dem Pegelstand.<\/li>\n\n\n\n<li>Der Fluss kann bei Hochwasser seinen Charakter grundlegend ver\u00e4ndern.<br>Besonders bei Wehren k\u00f6nnen schon wenige cm zu einer Ver\u00e4nderung f\u00fchren.<\/li>\n<\/ul>\n<\/li>\n<\/ul>\n\n\n\n<h3 class=\"wp-block-heading\">\u00d6kologische Faktoren<\/h3>\n\n\n\n<ul class=\"wp-block-list\">\n<li>Der Fluss sollte nicht zu klein sein<br>(je kleiner, umso n\u00e4her fahren Sie an der Ufervegetation vorbei).<\/li>\n\n\n\n<li>Naturschutzgebiete m\u00fcssen behutsam durchfahren werden.<\/li>\n\n\n\n<li>Informieren Sie sich \u00fcber die geltenden Befahrungsregeln.<\/li>\n\n\n\n<li>Achten Sie auf ein entsprechende Infrastruktur.\n<ul class=\"wp-block-list\">\n<li>Ein- und Ausstiege,<\/li>\n\n\n\n<li>Campingpl\u00e4tze,<\/li>\n\n\n\n<li>Rastpl\u00e4tze.<\/li>\n<\/ul>\n<\/li>\n<\/ul>\n","protected":false},"excerpt":{"rendered":"<p>Auswahlfaktoren f\u00fcr das richtige Gew\u00e4sser Sicherheitsrelevante Faktoren \u00d6kologische Faktoren<\/p>\n","protected":false},"author":1,"featured_media":0,"parent":0,"menu_order":0,"comment_status":"closed","ping_status":"closed","template":"","meta":{"footnotes":""},"class_list":["post-217","page","type-page","status-publish","hentry"],"yoast_head":"<!-- This site is optimized with the Yoast SEO plugin v27.2 - https:\/\/yoast.com\/product\/yoast-seo-wordpress\/ -->\n<title>Gew\u00e4sserwahl - Kanutouren am Regen<\/title>\n<meta name=\"robots\" content=\"index, follow, max-snippet:-1, max-image-preview:large, max-video-preview:-1\" \/>\n<link rel=\"canonical\" href=\"https:\/\/bootwandern.de\/index.php\/gewaesserwahl\/\" \/>\n<meta property=\"og:locale\" content=\"de_DE\" \/>\n<meta property=\"og:type\" content=\"article\" \/>\n<meta property=\"og:title\" content=\"Gew\u00e4sserwahl - Kanutouren am Regen\" \/>\n<meta property=\"og:description\" content=\"Auswahlfaktoren f\u00fcr das richtige Gew\u00e4sser Sicherheitsrelevante Faktoren \u00d6kologische Faktoren\" \/>\n<meta property=\"og:url\" content=\"https:\/\/bootwandern.de\/index.php\/gewaesserwahl\/\" \/>\n<meta property=\"og:site_name\" content=\"Kanutouren am Regen\" \/>\n<meta property=\"article:modified_time\" content=\"2024-04-21T09:26:25+00:00\" \/>\n<meta name=\"twitter:card\" content=\"summary_large_image\" \/>\n<meta name=\"twitter:label1\" content=\"Gesch\u00e4tzte Lesezeit\" \/>\n\t<meta name=\"twitter:data1\" content=\"2\u00a0Minuten\" \/>\n<script type=\"application\/ld+json\" class=\"yoast-schema-graph\">{\"@context\":\"https:\/\/schema.org\",\"@graph\":[{\"@type\":\"WebPage\",\"@id\":\"https:\/\/bootwandern.de\/index.php\/gewaesserwahl\/\",\"url\":\"https:\/\/bootwandern.de\/index.php\/gewaesserwahl\/\",\"name\":\"Gew\u00e4sserwahl - Kanutouren am Regen\",\"isPartOf\":{\"@id\":\"https:\/\/bootwandern.de\/#website\"},\"datePublished\":\"2024-04-21T09:26:24+00:00\",\"dateModified\":\"2024-04-21T09:26:25+00:00\",\"breadcrumb\":{\"@id\":\"https:\/\/bootwandern.de\/index.php\/gewaesserwahl\/#breadcrumb\"},\"inLanguage\":\"de\",\"potentialAction\":[{\"@type\":\"ReadAction\",\"target\":[\"https:\/\/bootwandern.de\/index.php\/gewaesserwahl\/\"]}]},{\"@type\":\"BreadcrumbList\",\"@id\":\"https:\/\/bootwandern.de\/index.php\/gewaesserwahl\/#breadcrumb\",\"itemListElement\":[{\"@type\":\"ListItem\",\"position\":1,\"name\":\"Startseite\",\"item\":\"https:\/\/bootwandern.de\/\"},{\"@type\":\"ListItem\",\"position\":2,\"name\":\"Gew\u00e4sserwahl\"}]},{\"@type\":\"WebSite\",\"@id\":\"https:\/\/bootwandern.de\/#website\",\"url\":\"https:\/\/bootwandern.de\/\",\"name\":\"Kanutouren am Regen\",\"description\":\"Allgemeine Beschreibung\",\"publisher\":{\"@id\":\"https:\/\/bootwandern.de\/#organization\"},\"potentialAction\":[{\"@type\":\"SearchAction\",\"target\":{\"@type\":\"EntryPoint\",\"urlTemplate\":\"https:\/\/bootwandern.de\/?s={search_term_string}\"},\"query-input\":{\"@type\":\"PropertyValueSpecification\",\"valueRequired\":true,\"valueName\":\"search_term_string\"}}],\"inLanguage\":\"de\"},{\"@type\":\"Organization\",\"@id\":\"https:\/\/bootwandern.de\/#organization\",\"name\":\"Kanutouren am Regen\",\"url\":\"https:\/\/bootwandern.de\/\",\"logo\":{\"@type\":\"ImageObject\",\"inLanguage\":\"de\",\"@id\":\"https:\/\/bootwandern.de\/#\/schema\/logo\/image\/\",\"url\":\"https:\/\/bootwandern.de\/wp-content\/uploads\/2024\/02\/cropped-Logo_Regental-Kanu.gif\",\"contentUrl\":\"https:\/\/bootwandern.de\/wp-content\/uploads\/2024\/02\/cropped-Logo_Regental-Kanu.gif\",\"width\":442,\"height\":250,\"caption\":\"Kanutouren am Regen\"},\"image\":{\"@id\":\"https:\/\/bootwandern.de\/#\/schema\/logo\/image\/\"}}]}<\/script>\n<!-- \/ Yoast SEO plugin. -->","yoast_head_json":{"title":"Gew\u00e4sserwahl - Kanutouren am Regen","robots":{"index":"index","follow":"follow","max-snippet":"max-snippet:-1","max-image-preview":"max-image-preview:large","max-video-preview":"max-video-preview:-1"},"canonical":"https:\/\/bootwandern.de\/index.php\/gewaesserwahl\/","og_locale":"de_DE","og_type":"article","og_title":"Gew\u00e4sserwahl - Kanutouren am Regen","og_description":"Auswahlfaktoren f\u00fcr das richtige Gew\u00e4sser Sicherheitsrelevante Faktoren \u00d6kologische Faktoren","og_url":"https:\/\/bootwandern.de\/index.php\/gewaesserwahl\/","og_site_name":"Kanutouren am Regen","article_modified_time":"2024-04-21T09:26:25+00:00","twitter_card":"summary_large_image","twitter_misc":{"Gesch\u00e4tzte Lesezeit":"2\u00a0Minuten"},"schema":{"@context":"https:\/\/schema.org","@graph":[{"@type":"WebPage","@id":"https:\/\/bootwandern.de\/index.php\/gewaesserwahl\/","url":"https:\/\/bootwandern.de\/index.php\/gewaesserwahl\/","name":"Gew\u00e4sserwahl - Kanutouren am Regen","isPartOf":{"@id":"https:\/\/bootwandern.de\/#website"},"datePublished":"2024-04-21T09:26:24+00:00","dateModified":"2024-04-21T09:26:25+00:00","breadcrumb":{"@id":"https:\/\/bootwandern.de\/index.php\/gewaesserwahl\/#breadcrumb"},"inLanguage":"de","potentialAction":[{"@type":"ReadAction","target":["https:\/\/bootwandern.de\/index.php\/gewaesserwahl\/"]}]},{"@type":"BreadcrumbList","@id":"https:\/\/bootwandern.de\/index.php\/gewaesserwahl\/#breadcrumb","itemListElement":[{"@type":"ListItem","position":1,"name":"Startseite","item":"https:\/\/bootwandern.de\/"},{"@type":"ListItem","position":2,"name":"Gew\u00e4sserwahl"}]},{"@type":"WebSite","@id":"https:\/\/bootwandern.de\/#website","url":"https:\/\/bootwandern.de\/","name":"Kanutouren am Regen","description":"Allgemeine Beschreibung","publisher":{"@id":"https:\/\/bootwandern.de\/#organization"},"potentialAction":[{"@type":"SearchAction","target":{"@type":"EntryPoint","urlTemplate":"https:\/\/bootwandern.de\/?s={search_term_string}"},"query-input":{"@type":"PropertyValueSpecification","valueRequired":true,"valueName":"search_term_string"}}],"inLanguage":"de"},{"@type":"Organization","@id":"https:\/\/bootwandern.de\/#organization","name":"Kanutouren am Regen","url":"https:\/\/bootwandern.de\/","logo":{"@type":"ImageObject","inLanguage":"de","@id":"https:\/\/bootwandern.de\/#\/schema\/logo\/image\/","url":"https:\/\/bootwandern.de\/wp-content\/uploads\/2024\/02\/cropped-Logo_Regental-Kanu.gif","contentUrl":"https:\/\/bootwandern.de\/wp-content\/uploads\/2024\/02\/cropped-Logo_Regental-Kanu.gif","width":442,"height":250,"caption":"Kanutouren am Regen"},"image":{"@id":"https:\/\/bootwandern.de\/#\/schema\/logo\/image\/"}}]}},"_links":{"self":[{"href":"https:\/\/bootwandern.de\/index.php\/wp-json\/wp\/v2\/pages\/217","targetHints":{"allow":["GET"]}}],"collection":[{"href":"https:\/\/bootwandern.de\/index.php\/wp-json\/wp\/v2\/pages"}],"about":[{"href":"https:\/\/bootwandern.de\/index.php\/wp-json\/wp\/v2\/types\/page"}],"author":[{"embeddable":true,"href":"https:\/\/bootwandern.de\/index.php\/wp-json\/wp\/v2\/users\/1"}],"replies":[{"embeddable":true,"href":"https:\/\/bootwandern.de\/index.php\/wp-json\/wp\/v2\/comments?post=217"}],"version-history":[{"count":1,"href":"https:\/\/bootwandern.de\/index.php\/wp-json\/wp\/v2\/pages\/217\/revisions"}],"predecessor-version":[{"id":218,"href":"https:\/\/bootwandern.de\/index.php\/wp-json\/wp\/v2\/pages\/217\/revisions\/218"}],"wp:attachment":[{"href":"https:\/\/bootwandern.de\/index.php\/wp-json\/wp\/v2\/media?parent=217"}],"curies":[{"name":"wp","href":"https:\/\/api.w.org\/{rel}","templated":true}]}}