{"id":223,"date":"2024-04-21T09:44:25","date_gmt":"2024-04-21T09:44:25","guid":{"rendered":"https:\/\/bootwandern.de\/?page_id=223"},"modified":"2024-04-21T09:44:25","modified_gmt":"2024-04-21T09:44:25","slug":"sicherheit-bei-kanutouren-mit-schuelern","status":"publish","type":"page","link":"https:\/\/bootwandern.de\/index.php\/sicherheit-bei-kanutouren-mit-schuelern\/","title":{"rendered":"Sicherheit bei Kanutouren mit Sch\u00fclern"},"content":{"rendered":"\n<h2 class=\"wp-block-heading\">Sicherheit bei Schul-Kanuwanderfahrten<\/h2>\n\n\n\n<h3 class=\"wp-block-heading\">Rahmenbedingungen<\/h3>\n\n\n\n<ul class=\"wp-block-list\">\n<li>empfohlenes Verh\u00e4ltnis Leiter\/Teilnehmer max. 1:12.<\/li>\n\n\n\n<li>mindestens zwei Betreuer.<\/li>\n\n\n\n<li>ein Betreuer f\u00fchrt die Gruppe (darf nicht \u00fcberholt werden),<br>ein Betreuer ist das Schlusslicht der Gruppe &#8211; hinter diesen darf niemand zur\u00fcck bleiben.<\/li>\n\n\n\n<li>wir empfehlen eine Erkundigungspflicht (Wasserstand, Gefahrenstellen, Flussverlauf, Bauma\u00dfnahmen).<br>(Diesen Punkt k\u00f6nnen wir Ihnen weitgehend abnehmen.)<\/li>\n<\/ul>\n\n\n\n<h3 class=\"wp-block-heading\">Voraussetzung der Teilnehmer<\/h3>\n\n\n\n<ul class=\"wp-block-list\">\n<li>Die Sch\u00fcler m\u00fcssen alle Schwimmer sein.\n<ul class=\"wp-block-list\">\n<li>auch mit Kleidung.<\/li>\n\n\n\n<li>mindestens Freischwimmer.<\/li>\n<\/ul>\n<\/li>\n<\/ul>\n\n\n\n<h3 class=\"wp-block-heading\">Vorbereitung der Teilnehmer<\/h3>\n\n\n\n<p>Diese Punkte k\u00f6nnen auf Wunsch auch von uns vor Ort durchgef\u00fchrt werden.<\/p>\n\n\n\n<ul class=\"wp-block-list\">\n<li>Einf\u00fchrung in die Kanutechniken.<\/li>\n\n\n\n<li>Vermittlung grundlegender theoretischer Kenntnisse (Erkennen von Steinen anhand der Str\u00f6mung, &#8230;).<\/li>\n\n\n\n<li>Verhaltensregeln (&#8222;10 goldene Regeln&#8220;).<\/li>\n<\/ul>\n\n\n\n<h3 class=\"wp-block-heading\">Qualifikation der Betreuer<\/h3>\n\n\n\n<ul class=\"wp-block-list\">\n<li>Sichere Bootsbeherrschung.<\/li>\n\n\n\n<li>Kenntnisse des Kanusports aus Theorie und Praxis.<\/li>\n\n\n\n<li>guter Schwimmer, am besten Rettungsschwimmer.<\/li>\n\n\n\n<li>m\u00f6glichst Zusatzqualifikation Kanusport.<\/li>\n<\/ul>\n\n\n\n<h3 class=\"wp-block-heading\">Gew\u00e4sserauswahl<\/h3>\n\n\n\n<ul class=\"wp-block-list\">\n<li>kein Wildwasser,<\/li>\n\n\n\n<li>keine Kleinfl\u00fcsse,<\/li>\n\n\n\n<li>erschlossene Fl\u00fcsse (Infrastruktur, Campingpl\u00e4tze, usw.),<\/li>\n\n\n\n<li>K\u00fcstenbefahrungen nur unter Leitung eines erfahrenen Veranstalters<br>mit entsprechender Infrastruktur (z. B. Motorboote als Begleitfahrzeuge),<\/li>\n\n\n\n<li>Fl\u00fcsse ohne Binnenschifffahrt (Regen, Naab, Altm\u00fchl, Werra, &#8230;).<\/li>\n<\/ul>\n\n\n\n<h3 class=\"wp-block-heading\">Verhaltensregeln w\u00e4hrend der Fahrt<\/h3>\n\n\n\n<ul class=\"wp-block-list\">\n<li>Rettungswesten d\u00fcrfen nicht ausgezogen werden!<\/li>\n\n\n\n<li>Die Gruppe muss zusammen bleiben.\n<ul class=\"wp-block-list\">\n<li>immer Sicht bzw. Rufkontakt zu den Betreuern<\/li>\n\n\n\n<li>jeder muss durch mindestens einen der Betreuer schnell erreichbar sein.<\/li>\n<\/ul>\n<\/li>\n\n\n\n<li>die Leiter der Gruppe fahren in 1er Kajaks, oder mit einem versierten Teilnehmer in 2er Canadiern.<\/li>\n\n\n\n<li>Wehranlagen d\u00fcrfen nicht befahren werden.<\/li>\n\n\n\n<li>Wehre d\u00fcrfen nicht von unter (gegen die Str\u00f6mung) angefahren werden (Soggefahr!).<\/li>\n\n\n\n<li>Wartepunkte vor Beginn der Fahrt eindeutig und klar vereinbaren.<\/li>\n\n\n\n<li>keine Raststellen und Wartepunkte an schnell flie\u00dfenden Abschnitten vereinbaren.<\/li>\n\n\n\n<li>bei der Rast Boote an Land bringen oder entsprechend sichern.<\/li>\n\n\n\n<li>K\u00fcsten- und Binnengew\u00e4sser (Seen) immer in Ufern\u00e4he befahren.<\/li>\n\n\n\n<li>vor dem Eintritt in Uferabschnitte mit schlechter Anlandem\u00f6glichkeit (Steilk\u00fcsten, Schluchten) die Gruppe sammeln und bei der Befahrung zusammen bleiben. Je nach F\u00e4higkeiten sollte jeder f\u00fcr den vor ihm fahrenden Teilnehmer der &#8222;Pate&#8220; sein.<\/li>\n\n\n\n<li>bei Gewitter ist das Gew\u00e4sser sofort zu verlassen! Dies gilt auch f\u00fcr Fl\u00fcsse.<\/li>\n\n\n\n<li>zu Wasserv\u00f6geln, insbesondere Schw\u00e4nen, ist ausreichender Abstand zu halten.<\/li>\n\n\n\n<li>bei phyischer und psychischer Ersch\u00f6pfung der Teilnehmer sofort rasten, ggf. die Tour abbrechen.<\/li>\n\n\n\n<li>geeignete Kleidung tragen, bzw. bereit halten.<\/li>\n\n\n\n<li>je nach Witterung Regenkleidung in Reichweite halten.<\/li>\n\n\n\n<li>Schuhe tragen (Verletzungsgefahr beim Waten im Fluss durch gebrochene Glasflaschen),<br>keine Gummistiefel, sondern Outdoor-Sandalen.<\/li>\n<\/ul>\n","protected":false},"excerpt":{"rendered":"<p>Sicherheit bei Schul-Kanuwanderfahrten Rahmenbedingungen Voraussetzung der Teilnehmer Vorbereitung der Teilnehmer Diese Punkte k\u00f6nnen auf Wunsch auch von uns vor Ort durchgef\u00fchrt werden. Qualifikation der Betreuer Gew\u00e4sserauswahl Verhaltensregeln w\u00e4hrend der Fahrt<\/p>\n","protected":false},"author":1,"featured_media":0,"parent":0,"menu_order":0,"comment_status":"closed","ping_status":"closed","template":"","meta":{"footnotes":""},"class_list":["post-223","page","type-page","status-publish","hentry"],"yoast_head":"<!-- This site is optimized with the Yoast SEO plugin v27.2 - https:\/\/yoast.com\/product\/yoast-seo-wordpress\/ -->\n<title>Sicherheit bei Kanutouren mit Sch\u00fclern - Kanutouren am Regen<\/title>\n<meta name=\"robots\" content=\"index, follow, max-snippet:-1, max-image-preview:large, max-video-preview:-1\" \/>\n<link rel=\"canonical\" href=\"https:\/\/bootwandern.de\/index.php\/sicherheit-bei-kanutouren-mit-schuelern\/\" \/>\n<meta property=\"og:locale\" content=\"de_DE\" \/>\n<meta property=\"og:type\" content=\"article\" \/>\n<meta property=\"og:title\" content=\"Sicherheit bei Kanutouren mit Sch\u00fclern - Kanutouren am Regen\" \/>\n<meta property=\"og:description\" content=\"Sicherheit bei Schul-Kanuwanderfahrten Rahmenbedingungen Voraussetzung der Teilnehmer Vorbereitung der Teilnehmer Diese Punkte k\u00f6nnen auf Wunsch auch von uns vor Ort durchgef\u00fchrt werden. Qualifikation der Betreuer Gew\u00e4sserauswahl Verhaltensregeln w\u00e4hrend der Fahrt\" \/>\n<meta property=\"og:url\" content=\"https:\/\/bootwandern.de\/index.php\/sicherheit-bei-kanutouren-mit-schuelern\/\" \/>\n<meta property=\"og:site_name\" content=\"Kanutouren am Regen\" \/>\n<meta name=\"twitter:card\" content=\"summary_large_image\" \/>\n<meta name=\"twitter:label1\" content=\"Gesch\u00e4tzte Lesezeit\" \/>\n\t<meta name=\"twitter:data1\" content=\"2\u00a0Minuten\" \/>\n<script type=\"application\/ld+json\" class=\"yoast-schema-graph\">{\"@context\":\"https:\/\/schema.org\",\"@graph\":[{\"@type\":\"WebPage\",\"@id\":\"https:\/\/bootwandern.de\/index.php\/sicherheit-bei-kanutouren-mit-schuelern\/\",\"url\":\"https:\/\/bootwandern.de\/index.php\/sicherheit-bei-kanutouren-mit-schuelern\/\",\"name\":\"Sicherheit bei Kanutouren mit Sch\u00fclern - Kanutouren am Regen\",\"isPartOf\":{\"@id\":\"https:\/\/bootwandern.de\/#website\"},\"datePublished\":\"2024-04-21T09:44:25+00:00\",\"breadcrumb\":{\"@id\":\"https:\/\/bootwandern.de\/index.php\/sicherheit-bei-kanutouren-mit-schuelern\/#breadcrumb\"},\"inLanguage\":\"de\",\"potentialAction\":[{\"@type\":\"ReadAction\",\"target\":[\"https:\/\/bootwandern.de\/index.php\/sicherheit-bei-kanutouren-mit-schuelern\/\"]}]},{\"@type\":\"BreadcrumbList\",\"@id\":\"https:\/\/bootwandern.de\/index.php\/sicherheit-bei-kanutouren-mit-schuelern\/#breadcrumb\",\"itemListElement\":[{\"@type\":\"ListItem\",\"position\":1,\"name\":\"Startseite\",\"item\":\"https:\/\/bootwandern.de\/\"},{\"@type\":\"ListItem\",\"position\":2,\"name\":\"Sicherheit bei Kanutouren mit Sch\u00fclern\"}]},{\"@type\":\"WebSite\",\"@id\":\"https:\/\/bootwandern.de\/#website\",\"url\":\"https:\/\/bootwandern.de\/\",\"name\":\"Kanutouren am Regen\",\"description\":\"Allgemeine Beschreibung\",\"publisher\":{\"@id\":\"https:\/\/bootwandern.de\/#organization\"},\"potentialAction\":[{\"@type\":\"SearchAction\",\"target\":{\"@type\":\"EntryPoint\",\"urlTemplate\":\"https:\/\/bootwandern.de\/?s={search_term_string}\"},\"query-input\":{\"@type\":\"PropertyValueSpecification\",\"valueRequired\":true,\"valueName\":\"search_term_string\"}}],\"inLanguage\":\"de\"},{\"@type\":\"Organization\",\"@id\":\"https:\/\/bootwandern.de\/#organization\",\"name\":\"Kanutouren am Regen\",\"url\":\"https:\/\/bootwandern.de\/\",\"logo\":{\"@type\":\"ImageObject\",\"inLanguage\":\"de\",\"@id\":\"https:\/\/bootwandern.de\/#\/schema\/logo\/image\/\",\"url\":\"https:\/\/bootwandern.de\/wp-content\/uploads\/2024\/02\/cropped-Logo_Regental-Kanu.gif\",\"contentUrl\":\"https:\/\/bootwandern.de\/wp-content\/uploads\/2024\/02\/cropped-Logo_Regental-Kanu.gif\",\"width\":442,\"height\":250,\"caption\":\"Kanutouren am Regen\"},\"image\":{\"@id\":\"https:\/\/bootwandern.de\/#\/schema\/logo\/image\/\"}}]}<\/script>\n<!-- \/ Yoast SEO plugin. -->","yoast_head_json":{"title":"Sicherheit bei Kanutouren mit Sch\u00fclern - Kanutouren am Regen","robots":{"index":"index","follow":"follow","max-snippet":"max-snippet:-1","max-image-preview":"max-image-preview:large","max-video-preview":"max-video-preview:-1"},"canonical":"https:\/\/bootwandern.de\/index.php\/sicherheit-bei-kanutouren-mit-schuelern\/","og_locale":"de_DE","og_type":"article","og_title":"Sicherheit bei Kanutouren mit Sch\u00fclern - Kanutouren am Regen","og_description":"Sicherheit bei Schul-Kanuwanderfahrten Rahmenbedingungen Voraussetzung der Teilnehmer Vorbereitung der Teilnehmer Diese Punkte k\u00f6nnen auf Wunsch auch von uns vor Ort durchgef\u00fchrt werden. Qualifikation der Betreuer Gew\u00e4sserauswahl Verhaltensregeln w\u00e4hrend der Fahrt","og_url":"https:\/\/bootwandern.de\/index.php\/sicherheit-bei-kanutouren-mit-schuelern\/","og_site_name":"Kanutouren am Regen","twitter_card":"summary_large_image","twitter_misc":{"Gesch\u00e4tzte Lesezeit":"2\u00a0Minuten"},"schema":{"@context":"https:\/\/schema.org","@graph":[{"@type":"WebPage","@id":"https:\/\/bootwandern.de\/index.php\/sicherheit-bei-kanutouren-mit-schuelern\/","url":"https:\/\/bootwandern.de\/index.php\/sicherheit-bei-kanutouren-mit-schuelern\/","name":"Sicherheit bei Kanutouren mit Sch\u00fclern - Kanutouren am Regen","isPartOf":{"@id":"https:\/\/bootwandern.de\/#website"},"datePublished":"2024-04-21T09:44:25+00:00","breadcrumb":{"@id":"https:\/\/bootwandern.de\/index.php\/sicherheit-bei-kanutouren-mit-schuelern\/#breadcrumb"},"inLanguage":"de","potentialAction":[{"@type":"ReadAction","target":["https:\/\/bootwandern.de\/index.php\/sicherheit-bei-kanutouren-mit-schuelern\/"]}]},{"@type":"BreadcrumbList","@id":"https:\/\/bootwandern.de\/index.php\/sicherheit-bei-kanutouren-mit-schuelern\/#breadcrumb","itemListElement":[{"@type":"ListItem","position":1,"name":"Startseite","item":"https:\/\/bootwandern.de\/"},{"@type":"ListItem","position":2,"name":"Sicherheit bei Kanutouren mit Sch\u00fclern"}]},{"@type":"WebSite","@id":"https:\/\/bootwandern.de\/#website","url":"https:\/\/bootwandern.de\/","name":"Kanutouren am Regen","description":"Allgemeine Beschreibung","publisher":{"@id":"https:\/\/bootwandern.de\/#organization"},"potentialAction":[{"@type":"SearchAction","target":{"@type":"EntryPoint","urlTemplate":"https:\/\/bootwandern.de\/?s={search_term_string}"},"query-input":{"@type":"PropertyValueSpecification","valueRequired":true,"valueName":"search_term_string"}}],"inLanguage":"de"},{"@type":"Organization","@id":"https:\/\/bootwandern.de\/#organization","name":"Kanutouren am Regen","url":"https:\/\/bootwandern.de\/","logo":{"@type":"ImageObject","inLanguage":"de","@id":"https:\/\/bootwandern.de\/#\/schema\/logo\/image\/","url":"https:\/\/bootwandern.de\/wp-content\/uploads\/2024\/02\/cropped-Logo_Regental-Kanu.gif","contentUrl":"https:\/\/bootwandern.de\/wp-content\/uploads\/2024\/02\/cropped-Logo_Regental-Kanu.gif","width":442,"height":250,"caption":"Kanutouren am Regen"},"image":{"@id":"https:\/\/bootwandern.de\/#\/schema\/logo\/image\/"}}]}},"_links":{"self":[{"href":"https:\/\/bootwandern.de\/index.php\/wp-json\/wp\/v2\/pages\/223","targetHints":{"allow":["GET"]}}],"collection":[{"href":"https:\/\/bootwandern.de\/index.php\/wp-json\/wp\/v2\/pages"}],"about":[{"href":"https:\/\/bootwandern.de\/index.php\/wp-json\/wp\/v2\/types\/page"}],"author":[{"embeddable":true,"href":"https:\/\/bootwandern.de\/index.php\/wp-json\/wp\/v2\/users\/1"}],"replies":[{"embeddable":true,"href":"https:\/\/bootwandern.de\/index.php\/wp-json\/wp\/v2\/comments?post=223"}],"version-history":[{"count":1,"href":"https:\/\/bootwandern.de\/index.php\/wp-json\/wp\/v2\/pages\/223\/revisions"}],"predecessor-version":[{"id":224,"href":"https:\/\/bootwandern.de\/index.php\/wp-json\/wp\/v2\/pages\/223\/revisions\/224"}],"wp:attachment":[{"href":"https:\/\/bootwandern.de\/index.php\/wp-json\/wp\/v2\/media?parent=223"}],"curies":[{"name":"wp","href":"https:\/\/api.w.org\/{rel}","templated":true}]}}