{"id":229,"date":"2024-04-21T11:05:29","date_gmt":"2024-04-21T11:05:29","guid":{"rendered":"https:\/\/bootwandern.de\/?page_id=229"},"modified":"2024-04-21T11:05:29","modified_gmt":"2024-04-21T11:05:29","slug":"ablauf-einer-kanutour","status":"publish","type":"page","link":"https:\/\/bootwandern.de\/index.php\/ablauf-einer-kanutour\/","title":{"rendered":"Ablauf einer Kanutour"},"content":{"rendered":"\n<h2 class=\"wp-block-heading\">Ablauf einer Kanutour mit Start in Nittenau<\/h2>\n\n\n\n<ul class=\"wp-block-list\">\n<li><strong>Startzeit: flexibel<br><\/strong>Den Start Ihrer Tour k\u00f6nnen Sie flexibel gestalten. Sofern wir keine Vereinbarung getroffen haben erwarten wir Sie ab ca. 9:30 Uhr. Falls Sie nach 11:00 Uhr, oder vor 9:30 Uhr starten wollen, so teilen Sie uns dies bitte rechtzeitig mit.<\/li>\n\n\n\n<li><strong>betriebseigener Bootseinstieg<br><\/strong>Starten k\u00f6nnen Sie direkt an unserer Verleihstation. Hier befindet sich unser Bootseinstieg. Bitte beachten Sie, dass sich unsere Verleihstation in Nittenau ca. 300 m unterhalb, d. h. flussabw\u00e4rts des gro\u00dfen Parkplatzes, befindet. In unmittelbarer N\u00e4he unseres Bootseinstieges befinden sich auch gen\u00fcgend Parkpl\u00e4tze.<\/li>\n\n\n\n<li><strong>eine Wehranlage auf der Strecke<br><\/strong>Genaue Informationen und Beschreibung der Wehre erhalten Sie mit Ihrer Beschreibung bei Beginn der Tour.<br>Nach etwa einer Stunde Paddelzeit erreichen Sie die Wehranlage in Stefling. Diese muss an der rechten Seite ca. 30m umtragen werden. Im Wehr befindet sich eine Fischaufstiegshilfe. Obwohl immer wieder Boote \u00fcber diese Fischaufstiegshilfe hinunterfahren, raten wir Ihnen dringend davon ab. Immer wieder kentern Boote in dieser Gasse. Verletzung und besch\u00e4digte Boote sind die Folge. Bitte haben Sie Verst\u00e4ndnis, dass wir die Reparaturkosten nicht \u00fcbernehmen k\u00f6nnen.<br>Die Wehranlage in Stefling ist die einzige Umtragestelle auf Ihrer Tagestour von Nittenau nach Ramspau.<\/li>\n\n\n\n<li><strong>Biergarten auf halber Strecke<br><\/strong>Nach den M\u00fchen des Wehres markiert Marienthal die H\u00e4lfte der Strecke und belohnt Sie mit einem der sch\u00f6nsten Bierg\u00e4rten in unserer Gegend. Die meisten Kanufahrer ziehen die Boote nur an Land und lassen die Rettungswesten und Paddel im Boot liegen. Sicher vor Diebstahl sind die Sachen allerdings nur, wenn Sie diese mit in den Biergarten hochnehmen.<\/li>\n\n\n\n<li><strong>alternativer Abholort Heilinghausen<br><\/strong>Falls Sie es nicht bis Ramspau schaffen, oder schaffen wollen, so k\u00f6nnen Sie sich auch in Heilinghausen abholen lassen. Grunds\u00e4tzlich m\u00fcssen Sie nicht anrufen, da wir um 17:00 Uhr automatisch in Ramspau losfahren und falls Sie bis dahin noch nicht angekommen sind Sie in Heilinghausen erwarten.<\/li>\n\n\n\n<li><strong>Ziel Ramspau<br><\/strong>In Ramspau angekommen befindet sich der Abholort, sofern nichts anderes vereinbart wurde, auf der linken Flussseite, nach der Fussg\u00e4ngerbr\u00fccke. Ein Foto mit Beschreibung ist in unserer Tourenbeschreibung enthalten.<\/li>\n\n\n\n<li><strong>R\u00fcckholung um 17:00 Uhr<br><\/strong>Sind alle Boote vorhanden und alle Parteien anwesend k\u00f6nnen wir mit dem R\u00fccktransport vor 17:00 Uhr beginnen. Anderfalls k\u00f6nnen Sie die Zeit nutzen, um die Boote zu reinigen, sich an der Ramspauer Flussbadestelle abzuk\u00fchlen, oder beim nahegelegenen Wirt Ihren Fl\u00fcssigkeitsmangel beseitigen. Um 17:00 fahren wir zur\u00fcck und nehmen mindestens den Autofahrer, bzw. eine Person je Boot wieder mit zur\u00fcck nach Nittenau, wo ja noch Ihr Auto steht.<\/li>\n<\/ul>\n","protected":false},"excerpt":{"rendered":"<p>Ablauf einer Kanutour mit Start in Nittenau<\/p>\n","protected":false},"author":1,"featured_media":0,"parent":0,"menu_order":0,"comment_status":"closed","ping_status":"closed","template":"","meta":{"footnotes":""},"class_list":["post-229","page","type-page","status-publish","hentry"],"yoast_head":"<!-- This site is optimized with the Yoast SEO plugin v27.2 - https:\/\/yoast.com\/product\/yoast-seo-wordpress\/ -->\n<title>Ablauf einer Kanutour - Kanutouren am Regen<\/title>\n<meta name=\"robots\" content=\"index, follow, max-snippet:-1, max-image-preview:large, max-video-preview:-1\" \/>\n<link rel=\"canonical\" href=\"https:\/\/bootwandern.de\/index.php\/ablauf-einer-kanutour\/\" \/>\n<meta property=\"og:locale\" content=\"de_DE\" \/>\n<meta property=\"og:type\" content=\"article\" \/>\n<meta property=\"og:title\" content=\"Ablauf einer Kanutour - Kanutouren am Regen\" \/>\n<meta property=\"og:description\" content=\"Ablauf einer Kanutour mit Start in Nittenau\" \/>\n<meta property=\"og:url\" content=\"https:\/\/bootwandern.de\/index.php\/ablauf-einer-kanutour\/\" \/>\n<meta property=\"og:site_name\" content=\"Kanutouren am Regen\" \/>\n<meta name=\"twitter:card\" content=\"summary_large_image\" \/>\n<meta name=\"twitter:label1\" content=\"Gesch\u00e4tzte Lesezeit\" \/>\n\t<meta name=\"twitter:data1\" content=\"3\u00a0Minuten\" \/>\n<script type=\"application\/ld+json\" class=\"yoast-schema-graph\">{\"@context\":\"https:\/\/schema.org\",\"@graph\":[{\"@type\":\"WebPage\",\"@id\":\"https:\/\/bootwandern.de\/index.php\/ablauf-einer-kanutour\/\",\"url\":\"https:\/\/bootwandern.de\/index.php\/ablauf-einer-kanutour\/\",\"name\":\"Ablauf einer Kanutour - Kanutouren am Regen\",\"isPartOf\":{\"@id\":\"https:\/\/bootwandern.de\/#website\"},\"datePublished\":\"2024-04-21T11:05:29+00:00\",\"breadcrumb\":{\"@id\":\"https:\/\/bootwandern.de\/index.php\/ablauf-einer-kanutour\/#breadcrumb\"},\"inLanguage\":\"de\",\"potentialAction\":[{\"@type\":\"ReadAction\",\"target\":[\"https:\/\/bootwandern.de\/index.php\/ablauf-einer-kanutour\/\"]}]},{\"@type\":\"BreadcrumbList\",\"@id\":\"https:\/\/bootwandern.de\/index.php\/ablauf-einer-kanutour\/#breadcrumb\",\"itemListElement\":[{\"@type\":\"ListItem\",\"position\":1,\"name\":\"Startseite\",\"item\":\"https:\/\/bootwandern.de\/\"},{\"@type\":\"ListItem\",\"position\":2,\"name\":\"Ablauf einer Kanutour\"}]},{\"@type\":\"WebSite\",\"@id\":\"https:\/\/bootwandern.de\/#website\",\"url\":\"https:\/\/bootwandern.de\/\",\"name\":\"Kanutouren am Regen\",\"description\":\"Allgemeine Beschreibung\",\"publisher\":{\"@id\":\"https:\/\/bootwandern.de\/#organization\"},\"potentialAction\":[{\"@type\":\"SearchAction\",\"target\":{\"@type\":\"EntryPoint\",\"urlTemplate\":\"https:\/\/bootwandern.de\/?s={search_term_string}\"},\"query-input\":{\"@type\":\"PropertyValueSpecification\",\"valueRequired\":true,\"valueName\":\"search_term_string\"}}],\"inLanguage\":\"de\"},{\"@type\":\"Organization\",\"@id\":\"https:\/\/bootwandern.de\/#organization\",\"name\":\"Kanutouren am Regen\",\"url\":\"https:\/\/bootwandern.de\/\",\"logo\":{\"@type\":\"ImageObject\",\"inLanguage\":\"de\",\"@id\":\"https:\/\/bootwandern.de\/#\/schema\/logo\/image\/\",\"url\":\"https:\/\/bootwandern.de\/wp-content\/uploads\/2024\/02\/cropped-Logo_Regental-Kanu.gif\",\"contentUrl\":\"https:\/\/bootwandern.de\/wp-content\/uploads\/2024\/02\/cropped-Logo_Regental-Kanu.gif\",\"width\":442,\"height\":250,\"caption\":\"Kanutouren am Regen\"},\"image\":{\"@id\":\"https:\/\/bootwandern.de\/#\/schema\/logo\/image\/\"}}]}<\/script>\n<!-- \/ Yoast SEO plugin. -->","yoast_head_json":{"title":"Ablauf einer Kanutour - Kanutouren am Regen","robots":{"index":"index","follow":"follow","max-snippet":"max-snippet:-1","max-image-preview":"max-image-preview:large","max-video-preview":"max-video-preview:-1"},"canonical":"https:\/\/bootwandern.de\/index.php\/ablauf-einer-kanutour\/","og_locale":"de_DE","og_type":"article","og_title":"Ablauf einer Kanutour - Kanutouren am Regen","og_description":"Ablauf einer Kanutour mit Start in Nittenau","og_url":"https:\/\/bootwandern.de\/index.php\/ablauf-einer-kanutour\/","og_site_name":"Kanutouren am Regen","twitter_card":"summary_large_image","twitter_misc":{"Gesch\u00e4tzte Lesezeit":"3\u00a0Minuten"},"schema":{"@context":"https:\/\/schema.org","@graph":[{"@type":"WebPage","@id":"https:\/\/bootwandern.de\/index.php\/ablauf-einer-kanutour\/","url":"https:\/\/bootwandern.de\/index.php\/ablauf-einer-kanutour\/","name":"Ablauf einer Kanutour - Kanutouren am Regen","isPartOf":{"@id":"https:\/\/bootwandern.de\/#website"},"datePublished":"2024-04-21T11:05:29+00:00","breadcrumb":{"@id":"https:\/\/bootwandern.de\/index.php\/ablauf-einer-kanutour\/#breadcrumb"},"inLanguage":"de","potentialAction":[{"@type":"ReadAction","target":["https:\/\/bootwandern.de\/index.php\/ablauf-einer-kanutour\/"]}]},{"@type":"BreadcrumbList","@id":"https:\/\/bootwandern.de\/index.php\/ablauf-einer-kanutour\/#breadcrumb","itemListElement":[{"@type":"ListItem","position":1,"name":"Startseite","item":"https:\/\/bootwandern.de\/"},{"@type":"ListItem","position":2,"name":"Ablauf einer Kanutour"}]},{"@type":"WebSite","@id":"https:\/\/bootwandern.de\/#website","url":"https:\/\/bootwandern.de\/","name":"Kanutouren am Regen","description":"Allgemeine Beschreibung","publisher":{"@id":"https:\/\/bootwandern.de\/#organization"},"potentialAction":[{"@type":"SearchAction","target":{"@type":"EntryPoint","urlTemplate":"https:\/\/bootwandern.de\/?s={search_term_string}"},"query-input":{"@type":"PropertyValueSpecification","valueRequired":true,"valueName":"search_term_string"}}],"inLanguage":"de"},{"@type":"Organization","@id":"https:\/\/bootwandern.de\/#organization","name":"Kanutouren am Regen","url":"https:\/\/bootwandern.de\/","logo":{"@type":"ImageObject","inLanguage":"de","@id":"https:\/\/bootwandern.de\/#\/schema\/logo\/image\/","url":"https:\/\/bootwandern.de\/wp-content\/uploads\/2024\/02\/cropped-Logo_Regental-Kanu.gif","contentUrl":"https:\/\/bootwandern.de\/wp-content\/uploads\/2024\/02\/cropped-Logo_Regental-Kanu.gif","width":442,"height":250,"caption":"Kanutouren am Regen"},"image":{"@id":"https:\/\/bootwandern.de\/#\/schema\/logo\/image\/"}}]}},"_links":{"self":[{"href":"https:\/\/bootwandern.de\/index.php\/wp-json\/wp\/v2\/pages\/229","targetHints":{"allow":["GET"]}}],"collection":[{"href":"https:\/\/bootwandern.de\/index.php\/wp-json\/wp\/v2\/pages"}],"about":[{"href":"https:\/\/bootwandern.de\/index.php\/wp-json\/wp\/v2\/types\/page"}],"author":[{"embeddable":true,"href":"https:\/\/bootwandern.de\/index.php\/wp-json\/wp\/v2\/users\/1"}],"replies":[{"embeddable":true,"href":"https:\/\/bootwandern.de\/index.php\/wp-json\/wp\/v2\/comments?post=229"}],"version-history":[{"count":1,"href":"https:\/\/bootwandern.de\/index.php\/wp-json\/wp\/v2\/pages\/229\/revisions"}],"predecessor-version":[{"id":230,"href":"https:\/\/bootwandern.de\/index.php\/wp-json\/wp\/v2\/pages\/229\/revisions\/230"}],"wp:attachment":[{"href":"https:\/\/bootwandern.de\/index.php\/wp-json\/wp\/v2\/media?parent=229"}],"curies":[{"name":"wp","href":"https:\/\/api.w.org\/{rel}","templated":true}]}}