{"id":28,"date":"2024-02-25T10:23:56","date_gmt":"2024-02-25T10:23:56","guid":{"rendered":"https:\/\/bootwandern.de\/?page_id=28"},"modified":"2024-02-25T17:28:10","modified_gmt":"2024-02-25T17:28:10","slug":"regental-kanu","status":"publish","type":"page","link":"https:\/\/bootwandern.de\/","title":{"rendered":"Regental-Kanu"},"content":{"rendered":"\n<p>Willkommen in Nittenau f\u00fcr Kanutouren am Regen<\/p>\n\n\n\n<figure class=\"wp-block-image size-large\"><img loading=\"lazy\" decoding=\"async\" width=\"1024\" height=\"680\" src=\"https:\/\/bootwandern.de\/wp-content\/uploads\/2024\/02\/DSC_0213_1-1024x680.jpg\" alt=\"\" class=\"wp-image-77\" srcset=\"https:\/\/bootwandern.de\/wp-content\/uploads\/2024\/02\/DSC_0213_1-1024x680.jpg 1024w, https:\/\/bootwandern.de\/wp-content\/uploads\/2024\/02\/DSC_0213_1-300x199.jpg 300w, https:\/\/bootwandern.de\/wp-content\/uploads\/2024\/02\/DSC_0213_1-768x510.jpg 768w, https:\/\/bootwandern.de\/wp-content\/uploads\/2024\/02\/DSC_0213_1-1536x1020.jpg 1536w, https:\/\/bootwandern.de\/wp-content\/uploads\/2024\/02\/DSC_0213_1.jpg 1807w\" sizes=\"auto, (max-width: 706px) 89vw, (max-width: 767px) 82vw, 740px\" \/><\/figure>\n\n\n\n<p>Sie k\u00f6nnen Ihre Tagestour Nittenau-Ramspau mit unserem Buchungssystem unter <a href=\"http:\/\/www.kanuverleih.com\">www.kanuverleih.com<\/a> direkt buchen.<\/p>\n\n\n\n<p>Gerne k\u00f6nnen Sie mich auch pers\u00f6nlich unter der Tel.: 09436\/2740 erreichen. Bitte sprechen Sie auf den Anrufbeantworter unter Angabe Ihres Namen, der R\u00fcckrufnummer und Ihres Anliegens.<\/p>\n","protected":false},"excerpt":{"rendered":"<p>Willkommen in Nittenau f\u00fcr Kanutouren am Regen Sie k\u00f6nnen Ihre Tagestour Nittenau-Ramspau mit unserem Buchungssystem unter www.kanuverleih.com direkt buchen. Gerne k\u00f6nnen Sie mich auch pers\u00f6nlich unter der Tel.: 09436\/2740 erreichen. Bitte sprechen Sie auf den Anrufbeantworter unter Angabe Ihres Namen, der R\u00fcckrufnummer und Ihres Anliegens.<\/p>\n","protected":false},"author":1,"featured_media":0,"parent":0,"menu_order":0,"comment_status":"closed","ping_status":"closed","template":"","meta":{"footnotes":""},"class_list":["post-28","page","type-page","status-publish","hentry"],"yoast_head":"<!-- This site is optimized with the Yoast SEO plugin v27.2 - https:\/\/yoast.com\/product\/yoast-seo-wordpress\/ -->\n<title>Regental-Kanu - Kanutouren am Regen<\/title>\n<meta name=\"robots\" content=\"index, follow, max-snippet:-1, max-image-preview:large, max-video-preview:-1\" \/>\n<link rel=\"canonical\" href=\"https:\/\/bootwandern.de\/\" \/>\n<meta property=\"og:locale\" content=\"de_DE\" \/>\n<meta property=\"og:type\" content=\"article\" \/>\n<meta property=\"og:title\" content=\"Regental-Kanu - Kanutouren am Regen\" \/>\n<meta property=\"og:description\" content=\"Willkommen in Nittenau f\u00fcr Kanutouren am Regen Sie k\u00f6nnen Ihre Tagestour Nittenau-Ramspau mit unserem Buchungssystem unter www.kanuverleih.com direkt buchen. Gerne k\u00f6nnen Sie mich auch pers\u00f6nlich unter der Tel.: 09436\/2740 erreichen. Bitte sprechen Sie auf den Anrufbeantworter unter Angabe Ihres Namen, der R\u00fcckrufnummer und Ihres Anliegens.\" \/>\n<meta property=\"og:url\" content=\"https:\/\/bootwandern.de\/\" \/>\n<meta property=\"og:site_name\" content=\"Kanutouren am Regen\" \/>\n<meta property=\"article:modified_time\" content=\"2024-02-25T17:28:10+00:00\" \/>\n<meta property=\"og:image\" content=\"https:\/\/bootwandern.de\/wp-content\/uploads\/2024\/02\/DSC_0213_1-1024x680.jpg\" \/>\n<meta name=\"twitter:card\" content=\"summary_large_image\" \/>\n<meta name=\"twitter:label1\" content=\"Gesch\u00e4tzte Lesezeit\" \/>\n\t<meta name=\"twitter:data1\" content=\"1\u00a0Minute\" \/>\n<script type=\"application\/ld+json\" class=\"yoast-schema-graph\">{\"@context\":\"https:\/\/schema.org\",\"@graph\":[{\"@type\":\"WebPage\",\"@id\":\"https:\/\/bootwandern.de\/\",\"url\":\"https:\/\/bootwandern.de\/\",\"name\":\"Regental-Kanu - Kanutouren am Regen\",\"isPartOf\":{\"@id\":\"https:\/\/bootwandern.de\/#website\"},\"primaryImageOfPage\":{\"@id\":\"https:\/\/bootwandern.de\/#primaryimage\"},\"image\":{\"@id\":\"https:\/\/bootwandern.de\/#primaryimage\"},\"thumbnailUrl\":\"https:\/\/bootwandern.de\/wp-content\/uploads\/2024\/02\/DSC_0213_1-1024x680.jpg\",\"datePublished\":\"2024-02-25T10:23:56+00:00\",\"dateModified\":\"2024-02-25T17:28:10+00:00\",\"breadcrumb\":{\"@id\":\"https:\/\/bootwandern.de\/#breadcrumb\"},\"inLanguage\":\"de\",\"potentialAction\":[{\"@type\":\"ReadAction\",\"target\":[\"https:\/\/bootwandern.de\/\"]}]},{\"@type\":\"ImageObject\",\"inLanguage\":\"de\",\"@id\":\"https:\/\/bootwandern.de\/#primaryimage\",\"url\":\"https:\/\/bootwandern.de\/wp-content\/uploads\/2024\/02\/DSC_0213_1.jpg\",\"contentUrl\":\"https:\/\/bootwandern.de\/wp-content\/uploads\/2024\/02\/DSC_0213_1.jpg\",\"width\":1807,\"height\":1200},{\"@type\":\"BreadcrumbList\",\"@id\":\"https:\/\/bootwandern.de\/#breadcrumb\",\"itemListElement\":[{\"@type\":\"ListItem\",\"position\":1,\"name\":\"Startseite\",\"item\":\"https:\/\/bootwandern.de\/\"},{\"@type\":\"ListItem\",\"position\":2,\"name\":\"Regental-Kanu\"}]},{\"@type\":\"WebSite\",\"@id\":\"https:\/\/bootwandern.de\/#website\",\"url\":\"https:\/\/bootwandern.de\/\",\"name\":\"Kanutouren am Regen\",\"description\":\"Allgemeine Beschreibung\",\"publisher\":{\"@id\":\"https:\/\/bootwandern.de\/#organization\"},\"potentialAction\":[{\"@type\":\"SearchAction\",\"target\":{\"@type\":\"EntryPoint\",\"urlTemplate\":\"https:\/\/bootwandern.de\/?s={search_term_string}\"},\"query-input\":{\"@type\":\"PropertyValueSpecification\",\"valueRequired\":true,\"valueName\":\"search_term_string\"}}],\"inLanguage\":\"de\"},{\"@type\":\"Organization\",\"@id\":\"https:\/\/bootwandern.de\/#organization\",\"name\":\"Kanutouren am Regen\",\"url\":\"https:\/\/bootwandern.de\/\",\"logo\":{\"@type\":\"ImageObject\",\"inLanguage\":\"de\",\"@id\":\"https:\/\/bootwandern.de\/#\/schema\/logo\/image\/\",\"url\":\"https:\/\/bootwandern.de\/wp-content\/uploads\/2024\/02\/cropped-Logo_Regental-Kanu.gif\",\"contentUrl\":\"https:\/\/bootwandern.de\/wp-content\/uploads\/2024\/02\/cropped-Logo_Regental-Kanu.gif\",\"width\":442,\"height\":250,\"caption\":\"Kanutouren am Regen\"},\"image\":{\"@id\":\"https:\/\/bootwandern.de\/#\/schema\/logo\/image\/\"}}]}<\/script>\n<!-- \/ Yoast SEO plugin. -->","yoast_head_json":{"title":"Regental-Kanu - Kanutouren am Regen","robots":{"index":"index","follow":"follow","max-snippet":"max-snippet:-1","max-image-preview":"max-image-preview:large","max-video-preview":"max-video-preview:-1"},"canonical":"https:\/\/bootwandern.de\/","og_locale":"de_DE","og_type":"article","og_title":"Regental-Kanu - Kanutouren am Regen","og_description":"Willkommen in Nittenau f\u00fcr Kanutouren am Regen Sie k\u00f6nnen Ihre Tagestour Nittenau-Ramspau mit unserem Buchungssystem unter www.kanuverleih.com direkt buchen. Gerne k\u00f6nnen Sie mich auch pers\u00f6nlich unter der Tel.: 09436\/2740 erreichen. Bitte sprechen Sie auf den Anrufbeantworter unter Angabe Ihres Namen, der R\u00fcckrufnummer und Ihres Anliegens.","og_url":"https:\/\/bootwandern.de\/","og_site_name":"Kanutouren am Regen","article_modified_time":"2024-02-25T17:28:10+00:00","og_image":[{"url":"https:\/\/bootwandern.de\/wp-content\/uploads\/2024\/02\/DSC_0213_1-1024x680.jpg","type":"","width":"","height":""}],"twitter_card":"summary_large_image","twitter_misc":{"Gesch\u00e4tzte Lesezeit":"1\u00a0Minute"},"schema":{"@context":"https:\/\/schema.org","@graph":[{"@type":"WebPage","@id":"https:\/\/bootwandern.de\/","url":"https:\/\/bootwandern.de\/","name":"Regental-Kanu - Kanutouren am Regen","isPartOf":{"@id":"https:\/\/bootwandern.de\/#website"},"primaryImageOfPage":{"@id":"https:\/\/bootwandern.de\/#primaryimage"},"image":{"@id":"https:\/\/bootwandern.de\/#primaryimage"},"thumbnailUrl":"https:\/\/bootwandern.de\/wp-content\/uploads\/2024\/02\/DSC_0213_1-1024x680.jpg","datePublished":"2024-02-25T10:23:56+00:00","dateModified":"2024-02-25T17:28:10+00:00","breadcrumb":{"@id":"https:\/\/bootwandern.de\/#breadcrumb"},"inLanguage":"de","potentialAction":[{"@type":"ReadAction","target":["https:\/\/bootwandern.de\/"]}]},{"@type":"ImageObject","inLanguage":"de","@id":"https:\/\/bootwandern.de\/#primaryimage","url":"https:\/\/bootwandern.de\/wp-content\/uploads\/2024\/02\/DSC_0213_1.jpg","contentUrl":"https:\/\/bootwandern.de\/wp-content\/uploads\/2024\/02\/DSC_0213_1.jpg","width":1807,"height":1200},{"@type":"BreadcrumbList","@id":"https:\/\/bootwandern.de\/#breadcrumb","itemListElement":[{"@type":"ListItem","position":1,"name":"Startseite","item":"https:\/\/bootwandern.de\/"},{"@type":"ListItem","position":2,"name":"Regental-Kanu"}]},{"@type":"WebSite","@id":"https:\/\/bootwandern.de\/#website","url":"https:\/\/bootwandern.de\/","name":"Kanutouren am Regen","description":"Allgemeine Beschreibung","publisher":{"@id":"https:\/\/bootwandern.de\/#organization"},"potentialAction":[{"@type":"SearchAction","target":{"@type":"EntryPoint","urlTemplate":"https:\/\/bootwandern.de\/?s={search_term_string}"},"query-input":{"@type":"PropertyValueSpecification","valueRequired":true,"valueName":"search_term_string"}}],"inLanguage":"de"},{"@type":"Organization","@id":"https:\/\/bootwandern.de\/#organization","name":"Kanutouren am Regen","url":"https:\/\/bootwandern.de\/","logo":{"@type":"ImageObject","inLanguage":"de","@id":"https:\/\/bootwandern.de\/#\/schema\/logo\/image\/","url":"https:\/\/bootwandern.de\/wp-content\/uploads\/2024\/02\/cropped-Logo_Regental-Kanu.gif","contentUrl":"https:\/\/bootwandern.de\/wp-content\/uploads\/2024\/02\/cropped-Logo_Regental-Kanu.gif","width":442,"height":250,"caption":"Kanutouren am Regen"},"image":{"@id":"https:\/\/bootwandern.de\/#\/schema\/logo\/image\/"}}]}},"_links":{"self":[{"href":"https:\/\/bootwandern.de\/index.php\/wp-json\/wp\/v2\/pages\/28","targetHints":{"allow":["GET"]}}],"collection":[{"href":"https:\/\/bootwandern.de\/index.php\/wp-json\/wp\/v2\/pages"}],"about":[{"href":"https:\/\/bootwandern.de\/index.php\/wp-json\/wp\/v2\/types\/page"}],"author":[{"embeddable":true,"href":"https:\/\/bootwandern.de\/index.php\/wp-json\/wp\/v2\/users\/1"}],"replies":[{"embeddable":true,"href":"https:\/\/bootwandern.de\/index.php\/wp-json\/wp\/v2\/comments?post=28"}],"version-history":[{"count":3,"href":"https:\/\/bootwandern.de\/index.php\/wp-json\/wp\/v2\/pages\/28\/revisions"}],"predecessor-version":[{"id":78,"href":"https:\/\/bootwandern.de\/index.php\/wp-json\/wp\/v2\/pages\/28\/revisions\/78"}],"wp:attachment":[{"href":"https:\/\/bootwandern.de\/index.php\/wp-json\/wp\/v2\/media?parent=28"}],"curies":[{"name":"wp","href":"https:\/\/api.w.org\/{rel}","templated":true}]}}