{"id":82,"date":"2024-02-25T17:43:50","date_gmt":"2024-02-25T17:43:50","guid":{"rendered":"https:\/\/bootwandern.de\/?page_id=82"},"modified":"2024-04-19T22:12:15","modified_gmt":"2024-04-19T22:12:15","slug":"etappe-nittenau-bis-stefling","status":"publish","type":"page","link":"https:\/\/bootwandern.de\/index.php\/etappe-nittenau-bis-stefling\/","title":{"rendered":"Etappe Nittenau bis Stefling"},"content":{"rendered":"\n<p class=\"has-text-align-left\">Der offizielle Einstieg befindet sich in Nittenau am Parkplatz unter der Br\u00fccke. Die Kanuwanderung beginnt im Seitenarm des &#8222;Kleinen Regen&#8220; und je nach Strombedarf des Kraftwerksbesitzers kann die Str\u00f6mung im kleinen Kanal f\u00fcr Anf\u00e4nger nicht unerheblich werden. F\u00fcr so manchen Kanufahrer beginnt bzw. endet die Tour nach zwei, drei oder mehr Uferbegegnungen im kalten Nass.<\/p>\n\n\n\n<p>Ruhiger beginnt die Tour f\u00fcr die Mieter von Regental-Kanu, die am Ende des Kanals einen eigenen Bootseinstieg betreiben. Hier ist die Str\u00f6mung weitgehend weg und am Ende der Angerinsel befindet sich ein Kehrwasser, das sich bei Gruppenfahrten bzw. Klassenfahrten als einen Sammelpunkt f\u00fcr einen gemeinsamen Start anbietet.<\/p>\n\n\n\n<figure class=\"wp-block-image size-full is-resized\"><img loading=\"lazy\" decoding=\"async\" width=\"300\" height=\"225\" src=\"https:\/\/bootwandern.de\/wp-content\/uploads\/2024\/02\/bootseinstieg_nittenau.jpg\" alt=\"\" class=\"wp-image-39\" style=\"aspect-ratio:4\/3;object-fit:cover;width:450px\"\/><\/figure>\n\n\n\n<p>Bei geringer Str\u00f6mung entfernen wir uns langsam vom Bootseinstieg und lassen den baroken Nittenauer Zwiebelturm hinter uns. Der Regen ist hier breit und gem\u00e4chlich setzt er zu seiner ersten Rechts-Kurve an. Die ersten kleineren Steine k\u00fcndigen eine Stecke an, die nach dem Steflinger Wehr noch mehr Felsen parat halten wird. Sobald der Fluss wieder zur Links-Kurve ansetzt, sehen wir auf der rechten Seiten die Tafel vom Nittenauer Campingplatz. Fremdl\u00e4ndische Kl\u00e4nge ert\u00f6nen und mit seinem st\u00e4ndig angebrachten Bauger\u00fcst lenkt das Asylantenheim von Nittenau seine Aufmerksamkeit auf sich.<\/p>\n\n\n\n<p>Mit dem verstummen der Kl\u00e4nge und den ersten auffliegenden Enten taucht man ein in die Auenlandschaft, die ein besonderes Naherholungsgebiet f\u00fcr die Nittenauer darstellt und f\u00fcr St\u00f6rchen ein Nahrungsangebot bereit h\u00e4lt. Kr\u00e4uselndes Wasser k\u00fcndigt eine Kiesbank knapp unter der Wasseroberfl\u00e4che an und dem Kanufahrer bleibt nichts anderes \u00fcbrig, als sich ganz links oder ganz rechts am Ufer entlang zu bewegen.<\/p>\n\n\n\n<figure class=\"wp-block-gallery has-nested-images columns-default is-cropped wp-block-gallery-1 is-layout-flex wp-block-gallery-is-layout-flex\">\n<figure class=\"wp-block-image size-full\"><img loading=\"lazy\" decoding=\"async\" width=\"2144\" height=\"1206\" data-id=\"146\" src=\"https:\/\/bootwandern.de\/wp-content\/uploads\/2024\/04\/DSC_0226-edited.jpg\" alt=\"\" class=\"wp-image-146\" srcset=\"https:\/\/bootwandern.de\/wp-content\/uploads\/2024\/04\/DSC_0226-edited.jpg 2144w, https:\/\/bootwandern.de\/wp-content\/uploads\/2024\/04\/DSC_0226-edited-300x169.jpg 300w, https:\/\/bootwandern.de\/wp-content\/uploads\/2024\/04\/DSC_0226-edited-1024x576.jpg 1024w, https:\/\/bootwandern.de\/wp-content\/uploads\/2024\/04\/DSC_0226-edited-768x432.jpg 768w, https:\/\/bootwandern.de\/wp-content\/uploads\/2024\/04\/DSC_0226-edited-1536x864.jpg 1536w, https:\/\/bootwandern.de\/wp-content\/uploads\/2024\/04\/DSC_0226-edited-2048x1152.jpg 2048w\" sizes=\"auto, (max-width: 706px) 89vw, (max-width: 767px) 82vw, 740px\" \/><\/figure>\n<\/figure>\n\n\n\n<p>Nach einer weiteren links-rechts-Kombination taucht ein riesiger Findling im Fluss auf. Wohl unz\u00e4hlige Namen und bezeichungen hat dieser Stein schon erhalten. Ob Elefantenbuckel oder Schildkr\u00f6ten, Riesenkopf oder wie auch immer: dieser Stein ist ein Naturdenkmal und hat sogar die Br\u00fccke gezwungen ein paar Meter flussabw\u00e4rts die Ufer zu umspannen.<\/p>\n\n\n\n<p>Den Elefantenbuckel hinter sich, die Br\u00fccke \u00fcber sich, erkennt man schon die Insel von Entermainsbach. Wir fahren rechts an der Insel vorbei, k\u00fcrzen den Flussverlauf ab, und erreichen schon nach der Insel den R\u00fcckstaubereich des Steflinger Wehres. Hier ist auch die Stelle, an der bei leichtem Gegenwind bereits, das Flussabw\u00e4rtstreiben vom Gegenwind aufgehoben wird. Der Fluss ist jetzt breit, die breiteste Stelle auf der gesamten Tagestour, und gem\u00e4chlich. <\/p>\n\n\n\n<figure class=\"wp-block-image size-large\"><img loading=\"lazy\" decoding=\"async\" width=\"2144\" height=\"1206\" src=\"https:\/\/bootwandern.de\/wp-content\/uploads\/2024\/04\/DSC_0138-edited.jpg\" alt=\"\" class=\"wp-image-144\" srcset=\"https:\/\/bootwandern.de\/wp-content\/uploads\/2024\/04\/DSC_0138-edited.jpg 2144w, https:\/\/bootwandern.de\/wp-content\/uploads\/2024\/04\/DSC_0138-edited-300x169.jpg 300w, https:\/\/bootwandern.de\/wp-content\/uploads\/2024\/04\/DSC_0138-edited-1024x576.jpg 1024w, https:\/\/bootwandern.de\/wp-content\/uploads\/2024\/04\/DSC_0138-edited-768x432.jpg 768w, https:\/\/bootwandern.de\/wp-content\/uploads\/2024\/04\/DSC_0138-edited-1536x864.jpg 1536w, https:\/\/bootwandern.de\/wp-content\/uploads\/2024\/04\/DSC_0138-edited-2048x1152.jpg 2048w\" sizes=\"auto, (max-width: 706px) 89vw, (max-width: 767px) 82vw, 740px\" \/><\/figure>\n\n\n\n<p>Das Panorama mit den Burgen Hof am Regen und Stefling, l\u00e4sst jetzt schon die Sch\u00f6nheit der weiteren Tour erahnen. Nur langsam kommen die Burgen n\u00e4her. Noch vor Hof am Regen steht am linken Flussufer ein Trafoh\u00e4uschen und genau hier schiebt sich eine Kiesbank, durch den in den Regen m\u00fcndenden Bach, in den Fluss und bietet sich bei Niedrigwasser zur Rast an.<\/p>\n\n\n\n<p>Bereits die Burg Hof am Regen im Blickfeld, zieht sich die Strecke bis zur Wehranlage unterhalb der Burg Stefling wegen der geringen Str\u00f6mung doch noch etwas in die L\u00e4nge. Paddler, die hier Ihren Endpunkt haben, k\u00f6nnen auch an der linken Flussseite kurz vor der Wehranlage anlanden. Hier befindet sich direkt an der Stra\u00dfe ein Rastplatz. Alle durchreisende Kanufahrer m\u00fcssen am rechten Ufer anlanden.<\/p>\n\n\n\n<p>Achtung! Ein Befahren der Wehranlage in Stefling ist lebensgef\u00e4hrlich! Beachten Sie die Beschreibung unter: Sicherheitsrisiko Befahrung einer Wehranlage f\u00fcr Kanufahrer.<\/p>\n\n\n\n<p>Informationen zur Wehranlage in Stefling finden Sie in unserer Flussbeschreibung Kanutouren am Regen.<\/p>\n","protected":false},"excerpt":{"rendered":"<p>Der offizielle Einstieg befindet sich in Nittenau am Parkplatz unter der Br\u00fccke. Die Kanuwanderung beginnt im Seitenarm des &#8222;Kleinen Regen&#8220; und je nach Strombedarf des Kraftwerksbesitzers kann die Str\u00f6mung im kleinen Kanal f\u00fcr Anf\u00e4nger nicht unerheblich werden. F\u00fcr so manchen Kanufahrer beginnt bzw. endet die Tour nach zwei, drei oder mehr Uferbegegnungen im kalten Nass. &hellip; <\/p>\n<p class=\"link-more\"><a href=\"https:\/\/bootwandern.de\/index.php\/etappe-nittenau-bis-stefling\/\" class=\"more-link\"><span class=\"screen-reader-text\">\u201eEtappe Nittenau bis Stefling\u201c <\/span>weiterlesen<\/a><\/p>\n","protected":false},"author":1,"featured_media":0,"parent":0,"menu_order":0,"comment_status":"closed","ping_status":"closed","template":"","meta":{"footnotes":""},"class_list":["post-82","page","type-page","status-publish","hentry"],"yoast_head":"<!-- This site is optimized with the Yoast SEO plugin v27.2 - https:\/\/yoast.com\/product\/yoast-seo-wordpress\/ -->\n<title>Etappe Nittenau bis Stefling - Kanutouren am Regen<\/title>\n<meta name=\"robots\" content=\"index, follow, max-snippet:-1, max-image-preview:large, max-video-preview:-1\" \/>\n<link rel=\"canonical\" href=\"https:\/\/bootwandern.de\/index.php\/etappe-nittenau-bis-stefling\/\" \/>\n<meta property=\"og:locale\" content=\"de_DE\" \/>\n<meta property=\"og:type\" content=\"article\" \/>\n<meta property=\"og:title\" content=\"Etappe Nittenau bis Stefling - Kanutouren am Regen\" \/>\n<meta property=\"og:description\" content=\"Der offizielle Einstieg befindet sich in Nittenau am Parkplatz unter der Br\u00fccke. Die Kanuwanderung beginnt im Seitenarm des &#8222;Kleinen Regen&#8220; und je nach Strombedarf des Kraftwerksbesitzers kann die Str\u00f6mung im kleinen Kanal f\u00fcr Anf\u00e4nger nicht unerheblich werden. F\u00fcr so manchen Kanufahrer beginnt bzw. endet die Tour nach zwei, drei oder mehr Uferbegegnungen im kalten Nass. &hellip; \u201eEtappe Nittenau bis Stefling\u201c weiterlesen\" \/>\n<meta property=\"og:url\" content=\"https:\/\/bootwandern.de\/index.php\/etappe-nittenau-bis-stefling\/\" \/>\n<meta property=\"og:site_name\" content=\"Kanutouren am Regen\" \/>\n<meta property=\"article:modified_time\" content=\"2024-04-19T22:12:15+00:00\" \/>\n<meta property=\"og:image\" content=\"https:\/\/bootwandern.de\/wp-content\/uploads\/2024\/02\/bootseinstieg_nittenau.jpg\" \/>\n<meta name=\"twitter:card\" content=\"summary_large_image\" \/>\n<meta name=\"twitter:label1\" content=\"Gesch\u00e4tzte Lesezeit\" \/>\n\t<meta name=\"twitter:data1\" content=\"4\u00a0Minuten\" \/>\n<script type=\"application\/ld+json\" class=\"yoast-schema-graph\">{\"@context\":\"https:\/\/schema.org\",\"@graph\":[{\"@type\":\"WebPage\",\"@id\":\"https:\/\/bootwandern.de\/index.php\/etappe-nittenau-bis-stefling\/\",\"url\":\"https:\/\/bootwandern.de\/index.php\/etappe-nittenau-bis-stefling\/\",\"name\":\"Etappe Nittenau bis Stefling - Kanutouren am Regen\",\"isPartOf\":{\"@id\":\"https:\/\/bootwandern.de\/#website\"},\"primaryImageOfPage\":{\"@id\":\"https:\/\/bootwandern.de\/index.php\/etappe-nittenau-bis-stefling\/#primaryimage\"},\"image\":{\"@id\":\"https:\/\/bootwandern.de\/index.php\/etappe-nittenau-bis-stefling\/#primaryimage\"},\"thumbnailUrl\":\"https:\/\/bootwandern.de\/wp-content\/uploads\/2024\/02\/bootseinstieg_nittenau.jpg\",\"datePublished\":\"2024-02-25T17:43:50+00:00\",\"dateModified\":\"2024-04-19T22:12:15+00:00\",\"breadcrumb\":{\"@id\":\"https:\/\/bootwandern.de\/index.php\/etappe-nittenau-bis-stefling\/#breadcrumb\"},\"inLanguage\":\"de\",\"potentialAction\":[{\"@type\":\"ReadAction\",\"target\":[\"https:\/\/bootwandern.de\/index.php\/etappe-nittenau-bis-stefling\/\"]}]},{\"@type\":\"ImageObject\",\"inLanguage\":\"de\",\"@id\":\"https:\/\/bootwandern.de\/index.php\/etappe-nittenau-bis-stefling\/#primaryimage\",\"url\":\"https:\/\/bootwandern.de\/wp-content\/uploads\/2024\/02\/bootseinstieg_nittenau.jpg\",\"contentUrl\":\"https:\/\/bootwandern.de\/wp-content\/uploads\/2024\/02\/bootseinstieg_nittenau.jpg\",\"width\":300,\"height\":225,\"caption\":\"OLYMPUS DIGITAL CAMERA\"},{\"@type\":\"BreadcrumbList\",\"@id\":\"https:\/\/bootwandern.de\/index.php\/etappe-nittenau-bis-stefling\/#breadcrumb\",\"itemListElement\":[{\"@type\":\"ListItem\",\"position\":1,\"name\":\"Startseite\",\"item\":\"https:\/\/bootwandern.de\/\"},{\"@type\":\"ListItem\",\"position\":2,\"name\":\"Etappe Nittenau bis Stefling\"}]},{\"@type\":\"WebSite\",\"@id\":\"https:\/\/bootwandern.de\/#website\",\"url\":\"https:\/\/bootwandern.de\/\",\"name\":\"Kanutouren am Regen\",\"description\":\"Allgemeine Beschreibung\",\"publisher\":{\"@id\":\"https:\/\/bootwandern.de\/#organization\"},\"potentialAction\":[{\"@type\":\"SearchAction\",\"target\":{\"@type\":\"EntryPoint\",\"urlTemplate\":\"https:\/\/bootwandern.de\/?s={search_term_string}\"},\"query-input\":{\"@type\":\"PropertyValueSpecification\",\"valueRequired\":true,\"valueName\":\"search_term_string\"}}],\"inLanguage\":\"de\"},{\"@type\":\"Organization\",\"@id\":\"https:\/\/bootwandern.de\/#organization\",\"name\":\"Kanutouren am Regen\",\"url\":\"https:\/\/bootwandern.de\/\",\"logo\":{\"@type\":\"ImageObject\",\"inLanguage\":\"de\",\"@id\":\"https:\/\/bootwandern.de\/#\/schema\/logo\/image\/\",\"url\":\"https:\/\/bootwandern.de\/wp-content\/uploads\/2024\/02\/cropped-Logo_Regental-Kanu.gif\",\"contentUrl\":\"https:\/\/bootwandern.de\/wp-content\/uploads\/2024\/02\/cropped-Logo_Regental-Kanu.gif\",\"width\":442,\"height\":250,\"caption\":\"Kanutouren am Regen\"},\"image\":{\"@id\":\"https:\/\/bootwandern.de\/#\/schema\/logo\/image\/\"}}]}<\/script>\n<!-- \/ Yoast SEO plugin. -->","yoast_head_json":{"title":"Etappe Nittenau bis Stefling - Kanutouren am Regen","robots":{"index":"index","follow":"follow","max-snippet":"max-snippet:-1","max-image-preview":"max-image-preview:large","max-video-preview":"max-video-preview:-1"},"canonical":"https:\/\/bootwandern.de\/index.php\/etappe-nittenau-bis-stefling\/","og_locale":"de_DE","og_type":"article","og_title":"Etappe Nittenau bis Stefling - Kanutouren am Regen","og_description":"Der offizielle Einstieg befindet sich in Nittenau am Parkplatz unter der Br\u00fccke. Die Kanuwanderung beginnt im Seitenarm des &#8222;Kleinen Regen&#8220; und je nach Strombedarf des Kraftwerksbesitzers kann die Str\u00f6mung im kleinen Kanal f\u00fcr Anf\u00e4nger nicht unerheblich werden. F\u00fcr so manchen Kanufahrer beginnt bzw. endet die Tour nach zwei, drei oder mehr Uferbegegnungen im kalten Nass. &hellip; \u201eEtappe Nittenau bis Stefling\u201c weiterlesen","og_url":"https:\/\/bootwandern.de\/index.php\/etappe-nittenau-bis-stefling\/","og_site_name":"Kanutouren am Regen","article_modified_time":"2024-04-19T22:12:15+00:00","og_image":[{"url":"https:\/\/bootwandern.de\/wp-content\/uploads\/2024\/02\/bootseinstieg_nittenau.jpg","type":"","width":"","height":""}],"twitter_card":"summary_large_image","twitter_misc":{"Gesch\u00e4tzte Lesezeit":"4\u00a0Minuten"},"schema":{"@context":"https:\/\/schema.org","@graph":[{"@type":"WebPage","@id":"https:\/\/bootwandern.de\/index.php\/etappe-nittenau-bis-stefling\/","url":"https:\/\/bootwandern.de\/index.php\/etappe-nittenau-bis-stefling\/","name":"Etappe Nittenau bis Stefling - Kanutouren am Regen","isPartOf":{"@id":"https:\/\/bootwandern.de\/#website"},"primaryImageOfPage":{"@id":"https:\/\/bootwandern.de\/index.php\/etappe-nittenau-bis-stefling\/#primaryimage"},"image":{"@id":"https:\/\/bootwandern.de\/index.php\/etappe-nittenau-bis-stefling\/#primaryimage"},"thumbnailUrl":"https:\/\/bootwandern.de\/wp-content\/uploads\/2024\/02\/bootseinstieg_nittenau.jpg","datePublished":"2024-02-25T17:43:50+00:00","dateModified":"2024-04-19T22:12:15+00:00","breadcrumb":{"@id":"https:\/\/bootwandern.de\/index.php\/etappe-nittenau-bis-stefling\/#breadcrumb"},"inLanguage":"de","potentialAction":[{"@type":"ReadAction","target":["https:\/\/bootwandern.de\/index.php\/etappe-nittenau-bis-stefling\/"]}]},{"@type":"ImageObject","inLanguage":"de","@id":"https:\/\/bootwandern.de\/index.php\/etappe-nittenau-bis-stefling\/#primaryimage","url":"https:\/\/bootwandern.de\/wp-content\/uploads\/2024\/02\/bootseinstieg_nittenau.jpg","contentUrl":"https:\/\/bootwandern.de\/wp-content\/uploads\/2024\/02\/bootseinstieg_nittenau.jpg","width":300,"height":225,"caption":"OLYMPUS DIGITAL CAMERA"},{"@type":"BreadcrumbList","@id":"https:\/\/bootwandern.de\/index.php\/etappe-nittenau-bis-stefling\/#breadcrumb","itemListElement":[{"@type":"ListItem","position":1,"name":"Startseite","item":"https:\/\/bootwandern.de\/"},{"@type":"ListItem","position":2,"name":"Etappe Nittenau bis Stefling"}]},{"@type":"WebSite","@id":"https:\/\/bootwandern.de\/#website","url":"https:\/\/bootwandern.de\/","name":"Kanutouren am Regen","description":"Allgemeine Beschreibung","publisher":{"@id":"https:\/\/bootwandern.de\/#organization"},"potentialAction":[{"@type":"SearchAction","target":{"@type":"EntryPoint","urlTemplate":"https:\/\/bootwandern.de\/?s={search_term_string}"},"query-input":{"@type":"PropertyValueSpecification","valueRequired":true,"valueName":"search_term_string"}}],"inLanguage":"de"},{"@type":"Organization","@id":"https:\/\/bootwandern.de\/#organization","name":"Kanutouren am Regen","url":"https:\/\/bootwandern.de\/","logo":{"@type":"ImageObject","inLanguage":"de","@id":"https:\/\/bootwandern.de\/#\/schema\/logo\/image\/","url":"https:\/\/bootwandern.de\/wp-content\/uploads\/2024\/02\/cropped-Logo_Regental-Kanu.gif","contentUrl":"https:\/\/bootwandern.de\/wp-content\/uploads\/2024\/02\/cropped-Logo_Regental-Kanu.gif","width":442,"height":250,"caption":"Kanutouren am Regen"},"image":{"@id":"https:\/\/bootwandern.de\/#\/schema\/logo\/image\/"}}]}},"_links":{"self":[{"href":"https:\/\/bootwandern.de\/index.php\/wp-json\/wp\/v2\/pages\/82","targetHints":{"allow":["GET"]}}],"collection":[{"href":"https:\/\/bootwandern.de\/index.php\/wp-json\/wp\/v2\/pages"}],"about":[{"href":"https:\/\/bootwandern.de\/index.php\/wp-json\/wp\/v2\/types\/page"}],"author":[{"embeddable":true,"href":"https:\/\/bootwandern.de\/index.php\/wp-json\/wp\/v2\/users\/1"}],"replies":[{"embeddable":true,"href":"https:\/\/bootwandern.de\/index.php\/wp-json\/wp\/v2\/comments?post=82"}],"version-history":[{"count":10,"href":"https:\/\/bootwandern.de\/index.php\/wp-json\/wp\/v2\/pages\/82\/revisions"}],"predecessor-version":[{"id":149,"href":"https:\/\/bootwandern.de\/index.php\/wp-json\/wp\/v2\/pages\/82\/revisions\/149"}],"wp:attachment":[{"href":"https:\/\/bootwandern.de\/index.php\/wp-json\/wp\/v2\/media?parent=82"}],"curies":[{"name":"wp","href":"https:\/\/api.w.org\/{rel}","templated":true}]}}