{"id":88,"date":"2024-02-25T18:54:34","date_gmt":"2024-02-25T18:54:34","guid":{"rendered":"https:\/\/bootwandern.de\/?page_id=88"},"modified":"2024-04-20T11:41:20","modified_gmt":"2024-04-20T11:41:20","slug":"etappe-von-stefling-bis-marienthal","status":"publish","type":"page","link":"https:\/\/bootwandern.de\/index.php\/etappe-von-stefling-bis-marienthal\/","title":{"rendered":"Etappe von Stefling bis Marienthal"},"content":{"rendered":"\n<p>Der Ausstieg auf der rechten Uferseite ist durch die beiden steil nach oben gerichteten Treppensufenreihen vom Fluss aus f\u00fcr Kanuten leicht zu erkennen. N\u00e4hern Sie sich dem Ausstieg langsam, den unmittelbar danach befindet sich ein Durchbruch in der Wehranlage. Die bauliche Ausf\u00fchrung hat den Nachteil, dass sie f\u00fcr Kanuten aus Sicherheitsgr\u00fcnden nicht befahren werden darf, hat aber den Vorteil, dass man das Boot nicht umtragen muss, sondern es durch die Passage treideln kann.<\/p>\n\n\n\n<p>Vermeiden Sie unbedingt eine Befahrung! Unf\u00e4lle k\u00f6nnen lebensgef\u00e4hrlich enden!<\/p>\n\n\n\n<figure class=\"wp-block-image size-large is-resized\"><img loading=\"lazy\" decoding=\"async\" width=\"648\" height=\"1024\" src=\"https:\/\/bootwandern.de\/wp-content\/uploads\/2024\/04\/DSC_0160-648x1024.jpg\" alt=\"\" class=\"wp-image-160\" style=\"width:450px\" srcset=\"https:\/\/bootwandern.de\/wp-content\/uploads\/2024\/04\/DSC_0160-648x1024.jpg 648w, https:\/\/bootwandern.de\/wp-content\/uploads\/2024\/04\/DSC_0160-190x300.jpg 190w, https:\/\/bootwandern.de\/wp-content\/uploads\/2024\/04\/DSC_0160-768x1213.jpg 768w, https:\/\/bootwandern.de\/wp-content\/uploads\/2024\/04\/DSC_0160-972x1536.jpg 972w, https:\/\/bootwandern.de\/wp-content\/uploads\/2024\/04\/DSC_0160.jpg 1208w\" sizes=\"auto, (max-width: 648px) 100vw, 648px\" \/><\/figure>\n\n\n\n<p>Nach dem Wiedereinstieg tauchen Sie in eine faszinierende Dschungellandschaft ein. Hier haben Biber und Eisv\u00f6gel ihre Heimat. Gleich nach ca. 100 m wird das Flussbett ziemlich seicht. Im Sommer, nach der Fischlaich, bietet sich diese Stelle zur Rast an und h\u00e4ufig zeugen aufgeschlichtete Steine und in den Kies geformte Becken von spielenden Kindern. Wenn Sie Kinder dabei haben, so g\u00f6nnen Sie diesen den Spass, Sie k\u00f6nnen in der Uferb\u00f6schung rasten, Brotzeit machen und kommen auch zu Ihrem Vergn\u00fcgen. Durch das seichte Wasser kann nicht allzuviel passieren.<\/p>\n\n\n\n<figure class=\"wp-block-image size-full is-resized\"><img loading=\"lazy\" decoding=\"async\" width=\"300\" height=\"236\" src=\"https:\/\/bootwandern.de\/wp-content\/uploads\/2024\/02\/wasserwaten_stefling.jpg\" alt=\"\" class=\"wp-image-57\" style=\"aspect-ratio:4\/3;object-fit:cover;width:450px\"\/><\/figure>\n\n\n\n<p>Wer das Kanu liebt, der schiebt.<br>Bis Sie das Ende der Inseln erreichen kann es \u00f6fters mal sein, dass Sie aussteigen und schieben m\u00fcssen. Aber eine kostenlose Kneippkur soll nicht nur besonders gesund sein, sie schont auch Ihren Geldbeutel. Zum Ende der Inseln hin wird das Wasser wieder mehr und die ersten Felsen versprechen Ihnen einen abwechslungsreichen Verlauf der weiteren Tour. Eine auftauchende Br\u00fccke ermahnt Sie zur Vorsicht. Vom Ende der Inseln bis ca. 100 m nach der Br\u00fccke befinden sich einige Steine knapp unter der Wasseroberfl\u00e4che bei guter Str\u00f6mung. Hier heisst es etwas aufpassen.<\/p>\n\n\n\n<figure class=\"wp-block-image size-large is-resized\"><img loading=\"lazy\" decoding=\"async\" width=\"1024\" height=\"875\" src=\"https:\/\/bootwandern.de\/wp-content\/uploads\/2024\/04\/DSC_0179-1024x875.jpg\" alt=\"\" class=\"wp-image-161\" style=\"width:450px\" srcset=\"https:\/\/bootwandern.de\/wp-content\/uploads\/2024\/04\/DSC_0179-1024x875.jpg 1024w, https:\/\/bootwandern.de\/wp-content\/uploads\/2024\/04\/DSC_0179-300x256.jpg 300w, https:\/\/bootwandern.de\/wp-content\/uploads\/2024\/04\/DSC_0179-768x656.jpg 768w, https:\/\/bootwandern.de\/wp-content\/uploads\/2024\/04\/DSC_0179.jpg 1424w\" sizes=\"auto, (max-width: 706px) 89vw, (max-width: 767px) 82vw, 740px\" \/><\/figure>\n\n\n\n<p>Die Str\u00f6mung zieht f\u00fcr die n\u00e4chsten beiden Stunden der Tour merklich an. Jetzt wenn das Landschaftsbild interessanter wird ist das willkommen um die Natur so richtig tanken zu k\u00f6nnen. Die Steine im Fluss werden zahlreicher und k\u00fcndigen das Naturwunder Regenknie an. Als Naturwunder wird das Regenknie deshalb bezeichnet, da in Urzeiten der Regen in die Naab m\u00fcndete. Irgendwann hat sich dann der Flussverlauf ge\u00e4ndert und die M\u00fcndung vom sandigen Naabufer durch das Granitmassiv des Bayerwalds direkt an die Donau bei Regensburg verlegt.<\/p>\n\n\n\n<p>Nach ca. einer dreiviertelten Stunde zeigt sich am rechten Berghang schemenhaft, zwischen den Laubb\u00e4umen der Regenh\u00e4nge, die Geisterburg Stockenfels. Viel ist vom Fluss aus nicht zu sehen, aber das Etappenziel Marienthal am linken Ufer ist erreicht.<\/p>\n","protected":false},"excerpt":{"rendered":"<p>Der Ausstieg auf der rechten Uferseite ist durch die beiden steil nach oben gerichteten Treppensufenreihen vom Fluss aus f\u00fcr Kanuten leicht zu erkennen. N\u00e4hern Sie sich dem Ausstieg langsam, den unmittelbar danach befindet sich ein Durchbruch in der Wehranlage. Die bauliche Ausf\u00fchrung hat den Nachteil, dass sie f\u00fcr Kanuten aus Sicherheitsgr\u00fcnden nicht befahren werden darf, &hellip; <\/p>\n<p class=\"link-more\"><a href=\"https:\/\/bootwandern.de\/index.php\/etappe-von-stefling-bis-marienthal\/\" class=\"more-link\"><span class=\"screen-reader-text\">\u201eEtappe von Stefling bis Marienthal\u201c <\/span>weiterlesen<\/a><\/p>\n","protected":false},"author":1,"featured_media":0,"parent":0,"menu_order":0,"comment_status":"closed","ping_status":"closed","template":"","meta":{"footnotes":""},"class_list":["post-88","page","type-page","status-publish","hentry"],"yoast_head":"<!-- This site is optimized with the Yoast SEO plugin v27.2 - https:\/\/yoast.com\/product\/yoast-seo-wordpress\/ -->\n<title>Etappe von Stefling bis Marienthal - Kanutouren am Regen<\/title>\n<meta name=\"robots\" content=\"index, follow, max-snippet:-1, max-image-preview:large, max-video-preview:-1\" \/>\n<link rel=\"canonical\" href=\"https:\/\/bootwandern.de\/index.php\/etappe-von-stefling-bis-marienthal\/\" \/>\n<meta property=\"og:locale\" content=\"de_DE\" \/>\n<meta property=\"og:type\" content=\"article\" \/>\n<meta property=\"og:title\" content=\"Etappe von Stefling bis Marienthal - Kanutouren am Regen\" \/>\n<meta property=\"og:description\" content=\"Der Ausstieg auf der rechten Uferseite ist durch die beiden steil nach oben gerichteten Treppensufenreihen vom Fluss aus f\u00fcr Kanuten leicht zu erkennen. N\u00e4hern Sie sich dem Ausstieg langsam, den unmittelbar danach befindet sich ein Durchbruch in der Wehranlage. Die bauliche Ausf\u00fchrung hat den Nachteil, dass sie f\u00fcr Kanuten aus Sicherheitsgr\u00fcnden nicht befahren werden darf, &hellip; \u201eEtappe von Stefling bis Marienthal\u201c weiterlesen\" \/>\n<meta property=\"og:url\" content=\"https:\/\/bootwandern.de\/index.php\/etappe-von-stefling-bis-marienthal\/\" \/>\n<meta property=\"og:site_name\" content=\"Kanutouren am Regen\" \/>\n<meta property=\"article:modified_time\" content=\"2024-04-20T11:41:20+00:00\" \/>\n<meta property=\"og:image\" content=\"https:\/\/bootwandern.de\/wp-content\/uploads\/2024\/04\/DSC_0160-648x1024.jpg\" \/>\n<meta name=\"twitter:card\" content=\"summary_large_image\" \/>\n<meta name=\"twitter:label1\" content=\"Gesch\u00e4tzte Lesezeit\" \/>\n\t<meta name=\"twitter:data1\" content=\"3\u00a0Minuten\" \/>\n<script type=\"application\/ld+json\" class=\"yoast-schema-graph\">{\"@context\":\"https:\/\/schema.org\",\"@graph\":[{\"@type\":\"WebPage\",\"@id\":\"https:\/\/bootwandern.de\/index.php\/etappe-von-stefling-bis-marienthal\/\",\"url\":\"https:\/\/bootwandern.de\/index.php\/etappe-von-stefling-bis-marienthal\/\",\"name\":\"Etappe von Stefling bis Marienthal - Kanutouren am Regen\",\"isPartOf\":{\"@id\":\"https:\/\/bootwandern.de\/#website\"},\"primaryImageOfPage\":{\"@id\":\"https:\/\/bootwandern.de\/index.php\/etappe-von-stefling-bis-marienthal\/#primaryimage\"},\"image\":{\"@id\":\"https:\/\/bootwandern.de\/index.php\/etappe-von-stefling-bis-marienthal\/#primaryimage\"},\"thumbnailUrl\":\"https:\/\/bootwandern.de\/wp-content\/uploads\/2024\/04\/DSC_0160-648x1024.jpg\",\"datePublished\":\"2024-02-25T18:54:34+00:00\",\"dateModified\":\"2024-04-20T11:41:20+00:00\",\"breadcrumb\":{\"@id\":\"https:\/\/bootwandern.de\/index.php\/etappe-von-stefling-bis-marienthal\/#breadcrumb\"},\"inLanguage\":\"de\",\"potentialAction\":[{\"@type\":\"ReadAction\",\"target\":[\"https:\/\/bootwandern.de\/index.php\/etappe-von-stefling-bis-marienthal\/\"]}]},{\"@type\":\"ImageObject\",\"inLanguage\":\"de\",\"@id\":\"https:\/\/bootwandern.de\/index.php\/etappe-von-stefling-bis-marienthal\/#primaryimage\",\"url\":\"https:\/\/bootwandern.de\/wp-content\/uploads\/2024\/04\/DSC_0160.jpg\",\"contentUrl\":\"https:\/\/bootwandern.de\/wp-content\/uploads\/2024\/04\/DSC_0160.jpg\",\"width\":1208,\"height\":1908},{\"@type\":\"BreadcrumbList\",\"@id\":\"https:\/\/bootwandern.de\/index.php\/etappe-von-stefling-bis-marienthal\/#breadcrumb\",\"itemListElement\":[{\"@type\":\"ListItem\",\"position\":1,\"name\":\"Startseite\",\"item\":\"https:\/\/bootwandern.de\/\"},{\"@type\":\"ListItem\",\"position\":2,\"name\":\"Etappe von Stefling bis Marienthal\"}]},{\"@type\":\"WebSite\",\"@id\":\"https:\/\/bootwandern.de\/#website\",\"url\":\"https:\/\/bootwandern.de\/\",\"name\":\"Kanutouren am Regen\",\"description\":\"Allgemeine Beschreibung\",\"publisher\":{\"@id\":\"https:\/\/bootwandern.de\/#organization\"},\"potentialAction\":[{\"@type\":\"SearchAction\",\"target\":{\"@type\":\"EntryPoint\",\"urlTemplate\":\"https:\/\/bootwandern.de\/?s={search_term_string}\"},\"query-input\":{\"@type\":\"PropertyValueSpecification\",\"valueRequired\":true,\"valueName\":\"search_term_string\"}}],\"inLanguage\":\"de\"},{\"@type\":\"Organization\",\"@id\":\"https:\/\/bootwandern.de\/#organization\",\"name\":\"Kanutouren am Regen\",\"url\":\"https:\/\/bootwandern.de\/\",\"logo\":{\"@type\":\"ImageObject\",\"inLanguage\":\"de\",\"@id\":\"https:\/\/bootwandern.de\/#\/schema\/logo\/image\/\",\"url\":\"https:\/\/bootwandern.de\/wp-content\/uploads\/2024\/02\/cropped-Logo_Regental-Kanu.gif\",\"contentUrl\":\"https:\/\/bootwandern.de\/wp-content\/uploads\/2024\/02\/cropped-Logo_Regental-Kanu.gif\",\"width\":442,\"height\":250,\"caption\":\"Kanutouren am Regen\"},\"image\":{\"@id\":\"https:\/\/bootwandern.de\/#\/schema\/logo\/image\/\"}}]}<\/script>\n<!-- \/ Yoast SEO plugin. -->","yoast_head_json":{"title":"Etappe von Stefling bis Marienthal - Kanutouren am Regen","robots":{"index":"index","follow":"follow","max-snippet":"max-snippet:-1","max-image-preview":"max-image-preview:large","max-video-preview":"max-video-preview:-1"},"canonical":"https:\/\/bootwandern.de\/index.php\/etappe-von-stefling-bis-marienthal\/","og_locale":"de_DE","og_type":"article","og_title":"Etappe von Stefling bis Marienthal - Kanutouren am Regen","og_description":"Der Ausstieg auf der rechten Uferseite ist durch die beiden steil nach oben gerichteten Treppensufenreihen vom Fluss aus f\u00fcr Kanuten leicht zu erkennen. N\u00e4hern Sie sich dem Ausstieg langsam, den unmittelbar danach befindet sich ein Durchbruch in der Wehranlage. Die bauliche Ausf\u00fchrung hat den Nachteil, dass sie f\u00fcr Kanuten aus Sicherheitsgr\u00fcnden nicht befahren werden darf, &hellip; \u201eEtappe von Stefling bis Marienthal\u201c weiterlesen","og_url":"https:\/\/bootwandern.de\/index.php\/etappe-von-stefling-bis-marienthal\/","og_site_name":"Kanutouren am Regen","article_modified_time":"2024-04-20T11:41:20+00:00","og_image":[{"url":"https:\/\/bootwandern.de\/wp-content\/uploads\/2024\/04\/DSC_0160-648x1024.jpg","type":"","width":"","height":""}],"twitter_card":"summary_large_image","twitter_misc":{"Gesch\u00e4tzte Lesezeit":"3\u00a0Minuten"},"schema":{"@context":"https:\/\/schema.org","@graph":[{"@type":"WebPage","@id":"https:\/\/bootwandern.de\/index.php\/etappe-von-stefling-bis-marienthal\/","url":"https:\/\/bootwandern.de\/index.php\/etappe-von-stefling-bis-marienthal\/","name":"Etappe von Stefling bis Marienthal - Kanutouren am Regen","isPartOf":{"@id":"https:\/\/bootwandern.de\/#website"},"primaryImageOfPage":{"@id":"https:\/\/bootwandern.de\/index.php\/etappe-von-stefling-bis-marienthal\/#primaryimage"},"image":{"@id":"https:\/\/bootwandern.de\/index.php\/etappe-von-stefling-bis-marienthal\/#primaryimage"},"thumbnailUrl":"https:\/\/bootwandern.de\/wp-content\/uploads\/2024\/04\/DSC_0160-648x1024.jpg","datePublished":"2024-02-25T18:54:34+00:00","dateModified":"2024-04-20T11:41:20+00:00","breadcrumb":{"@id":"https:\/\/bootwandern.de\/index.php\/etappe-von-stefling-bis-marienthal\/#breadcrumb"},"inLanguage":"de","potentialAction":[{"@type":"ReadAction","target":["https:\/\/bootwandern.de\/index.php\/etappe-von-stefling-bis-marienthal\/"]}]},{"@type":"ImageObject","inLanguage":"de","@id":"https:\/\/bootwandern.de\/index.php\/etappe-von-stefling-bis-marienthal\/#primaryimage","url":"https:\/\/bootwandern.de\/wp-content\/uploads\/2024\/04\/DSC_0160.jpg","contentUrl":"https:\/\/bootwandern.de\/wp-content\/uploads\/2024\/04\/DSC_0160.jpg","width":1208,"height":1908},{"@type":"BreadcrumbList","@id":"https:\/\/bootwandern.de\/index.php\/etappe-von-stefling-bis-marienthal\/#breadcrumb","itemListElement":[{"@type":"ListItem","position":1,"name":"Startseite","item":"https:\/\/bootwandern.de\/"},{"@type":"ListItem","position":2,"name":"Etappe von Stefling bis Marienthal"}]},{"@type":"WebSite","@id":"https:\/\/bootwandern.de\/#website","url":"https:\/\/bootwandern.de\/","name":"Kanutouren am Regen","description":"Allgemeine Beschreibung","publisher":{"@id":"https:\/\/bootwandern.de\/#organization"},"potentialAction":[{"@type":"SearchAction","target":{"@type":"EntryPoint","urlTemplate":"https:\/\/bootwandern.de\/?s={search_term_string}"},"query-input":{"@type":"PropertyValueSpecification","valueRequired":true,"valueName":"search_term_string"}}],"inLanguage":"de"},{"@type":"Organization","@id":"https:\/\/bootwandern.de\/#organization","name":"Kanutouren am Regen","url":"https:\/\/bootwandern.de\/","logo":{"@type":"ImageObject","inLanguage":"de","@id":"https:\/\/bootwandern.de\/#\/schema\/logo\/image\/","url":"https:\/\/bootwandern.de\/wp-content\/uploads\/2024\/02\/cropped-Logo_Regental-Kanu.gif","contentUrl":"https:\/\/bootwandern.de\/wp-content\/uploads\/2024\/02\/cropped-Logo_Regental-Kanu.gif","width":442,"height":250,"caption":"Kanutouren am Regen"},"image":{"@id":"https:\/\/bootwandern.de\/#\/schema\/logo\/image\/"}}]}},"_links":{"self":[{"href":"https:\/\/bootwandern.de\/index.php\/wp-json\/wp\/v2\/pages\/88","targetHints":{"allow":["GET"]}}],"collection":[{"href":"https:\/\/bootwandern.de\/index.php\/wp-json\/wp\/v2\/pages"}],"about":[{"href":"https:\/\/bootwandern.de\/index.php\/wp-json\/wp\/v2\/types\/page"}],"author":[{"embeddable":true,"href":"https:\/\/bootwandern.de\/index.php\/wp-json\/wp\/v2\/users\/1"}],"replies":[{"embeddable":true,"href":"https:\/\/bootwandern.de\/index.php\/wp-json\/wp\/v2\/comments?post=88"}],"version-history":[{"count":3,"href":"https:\/\/bootwandern.de\/index.php\/wp-json\/wp\/v2\/pages\/88\/revisions"}],"predecessor-version":[{"id":163,"href":"https:\/\/bootwandern.de\/index.php\/wp-json\/wp\/v2\/pages\/88\/revisions\/163"}],"wp:attachment":[{"href":"https:\/\/bootwandern.de\/index.php\/wp-json\/wp\/v2\/media?parent=88"}],"curies":[{"name":"wp","href":"https:\/\/api.w.org\/{rel}","templated":true}]}}